{"id":99111,"date":"2019-10-15T12:56:57","date_gmt":"2019-10-15T12:56:57","guid":{"rendered":"https:\/\/www.magisdesign.com\/site\/profil\/philosophy\/"},"modified":"2026-01-15T10:57:40","modified_gmt":"2026-01-15T10:57:40","slug":"philosophy","status":"publish","type":"page","link":"https:\/\/www.magisdesign.com\/it\/profil\/philosophy\/","title":{"rendered":"Storia"},"content":{"rendered":"\n<p>Magis \u00e8 prima di tutto una storia di famiglia, di passione per il design e di voglia di osare. Tutto inizia nel 1976, quando Eugenio Perazza, imprenditore visionario, decide di scommettere sul design partendo da Motta di Livenza, allora un piccolo centro del Veneto a vocazione agricola.<\/p>\n\n\n\n<p>La sua idea \u00e8 chiara e ambiziosa: spingere la produzione industriale in grande serie attraverso la continua sperimentazione di nuovi linguaggi, tecnologie e materiali per offrire qualcosa \u201cin pi\u00f9\u201d rispetto all\u2019ordinario, proprio come suggerisce il nome Magis, che \u00e8 una parola latina che vuol dire \u201cdi pi\u00f9\u201d.<\/p>\n\n\n\n<p>Non sono anni semplici, ma Perazza non smette di credere nel suo sogno. \u00c8 la passione a guidare il brand, che poco alla volta rompe gli schemi della tradizione locale: convenzionalismo e scetticismo cedono quindi il passo alla <em>nuova<\/em> prospettiva di Magis.<\/p>\n\n\n\n<p><strong>L\u2019esprit Magis<\/strong><\/p>\n\n\n\n<p>Magis spinge l\u2019acceleratore sulla dimensione internazionale, con un obiettivo chiaro e preciso, ovvero ridefinire gli orizzonti del design attraverso innovazione e sperimentazione.<\/p>\n\n\n\n<p>\u201cSiamo una fabbrica di artisti, perch\u00e9 sappiamo usare coraggio, intuizione e creativit\u00e0.\u201d<\/p>\n\n\n<\/div>\n<div class=\"container-fluid  strange-grid\">\n\t\t<div\n                id=\"colonne-block_b449b231197d40257ff0d7d566731673\" class=\"colonne\"\n        >\n\t\t<div class=\"papion-colonne row\">\n\t\t \t\t\t\t<div class=\"colonna col-12 col-md-4\">\n\t\t\t<div class=\"image\">\n\t\t\t        \t<img loading=\"lazy\" decoding=\"async\" width=\"800\" height=\"800\" src=\"https:\/\/www.magisdesign.com\/wp-content\/uploads\/2019\/12\/IMG_4669-1-800x800.jpg\" class=\"attachment-quadrata size-quadrata\" alt=\"\" srcset=\"https:\/\/www.magisdesign.com\/wp-content\/uploads\/2019\/12\/IMG_4669-1-800x800.jpg 800w, https:\/\/www.magisdesign.com\/wp-content\/uploads\/2019\/12\/IMG_4669-1-150x150.jpg 150w, https:\/\/www.magisdesign.com\/wp-content\/uploads\/2019\/12\/IMG_4669-1-300x300.jpg 300w\" sizes=\"auto, (max-width: 800px) 100vw, 800px\" \/>    \t\t    \t\t\t\t\t<\/div>\n        \t\t\t\t<div class=\"image\">\n\t\t\t        \t<img loading=\"lazy\" decoding=\"async\" width=\"800\" height=\"800\" src=\"https:\/\/www.magisdesign.com\/wp-content\/uploads\/2019\/12\/STAND-VALENCIA-88-800x800.jpg\" class=\"attachment-quadrata size-quadrata\" alt=\"\" srcset=\"https:\/\/www.magisdesign.com\/wp-content\/uploads\/2019\/12\/STAND-VALENCIA-88-800x800.jpg 800w, https:\/\/www.magisdesign.com\/wp-content\/uploads\/2019\/12\/STAND-VALENCIA-88-150x150.jpg 150w, https:\/\/www.magisdesign.com\/wp-content\/uploads\/2019\/12\/STAND-VALENCIA-88-300x300.jpg 300w\" sizes=\"auto, (max-width: 800px) 100vw, 800px\" \/>    \t\t    \t\t\t\t\t<\/div>\n        \t\t\t<\/div>\n\t\t<div class=\"colonna col-12 col-md-4\">\n\t\t\t<div class=\"image\">\n\t\t\t        \t<img loading=\"lazy\" decoding=\"async\" width=\"800\" height=\"800\" src=\"https:\/\/www.magisdesign.com\/wp-content\/uploads\/2019\/12\/DEMI-MOORE-ON-A-RED-BOMBO-2006-800x800.jpg\" class=\"attachment-quadrata size-quadrata\" alt=\"\" srcset=\"https:\/\/www.magisdesign.com\/wp-content\/uploads\/2019\/12\/DEMI-MOORE-ON-A-RED-BOMBO-2006-800x800.jpg 800w, https:\/\/www.magisdesign.com\/wp-content\/uploads\/2019\/12\/DEMI-MOORE-ON-A-RED-BOMBO-2006-150x150.jpg 150w, https:\/\/www.magisdesign.com\/wp-content\/uploads\/2019\/12\/DEMI-MOORE-ON-A-RED-BOMBO-2006-300x300.jpg 300w\" sizes=\"auto, (max-width: 800px) 100vw, 800px\" \/>    \t\t    \t\t\t\t\t<\/div>\n        \t\t\t\t<div class=\"image\">\n\t\t\t        \t<img loading=\"lazy\" decoding=\"async\" width=\"499\" height=\"547\" src=\"https:\/\/www.magisdesign.com\/wp-content\/uploads\/2019\/12\/Bildschirmfoto-2019-12-12-um-14.51.17.png\" class=\"attachment-quadrata size-quadrata\" alt=\"\" srcset=\"https:\/\/www.magisdesign.com\/wp-content\/uploads\/2019\/12\/Bildschirmfoto-2019-12-12-um-14.51.17.png 499w, https:\/\/www.magisdesign.com\/wp-content\/uploads\/2019\/12\/Bildschirmfoto-2019-12-12-um-14.51.17-274x300.png 274w, https:\/\/www.magisdesign.com\/wp-content\/uploads\/2019\/12\/Bildschirmfoto-2019-12-12-um-14.51.17-338x370.png 338w, https:\/\/www.magisdesign.com\/wp-content\/uploads\/2019\/12\/Bildschirmfoto-2019-12-12-um-14.51.17-493x540.png 493w\" sizes=\"auto, (max-width: 499px) 100vw, 499px\" \/>    \t\t    \t\t\t\t\t<\/div>\n        \t\t\t<\/div>\n\t\t<div class=\"colonna col-12 col-md-4\">\n\t\t\t<div class=\"image\">\n\t\t\t        \t<img loading=\"lazy\" decoding=\"async\" width=\"523\" height=\"556\" src=\"https:\/\/www.magisdesign.com\/wp-content\/uploads\/2019\/12\/Bildschirmfoto-2019-12-12-um-14.55.12.png\" class=\"attachment-quadrata size-quadrata\" alt=\"\" srcset=\"https:\/\/www.magisdesign.com\/wp-content\/uploads\/2019\/12\/Bildschirmfoto-2019-12-12-um-14.55.12.png 523w, https:\/\/www.magisdesign.com\/wp-content\/uploads\/2019\/12\/Bildschirmfoto-2019-12-12-um-14.55.12-500x532.png 500w, https:\/\/www.magisdesign.com\/wp-content\/uploads\/2019\/12\/Bildschirmfoto-2019-12-12-um-14.55.12-282x300.png 282w, https:\/\/www.magisdesign.com\/wp-content\/uploads\/2019\/12\/Bildschirmfoto-2019-12-12-um-14.55.12-348x370.png 348w, https:\/\/www.magisdesign.com\/wp-content\/uploads\/2019\/12\/Bildschirmfoto-2019-12-12-um-14.55.12-508x540.png 508w\" sizes=\"auto, (max-width: 523px) 100vw, 523px\" \/>    \t\t    \t\t\t\t\t<\/div>\n        \t\t\t\t<div class=\"image\">\n\t\t\t        \t<img loading=\"lazy\" decoding=\"async\" width=\"800\" height=\"800\" src=\"https:\/\/www.magisdesign.com\/wp-content\/uploads\/2025\/10\/Magis_Toto_prodotto_01-800x800.jpg\" class=\"attachment-quadrata size-quadrata\" alt=\"\" srcset=\"https:\/\/www.magisdesign.com\/wp-content\/uploads\/2025\/10\/Magis_Toto_prodotto_01-800x800.jpg 800w, https:\/\/www.magisdesign.com\/wp-content\/uploads\/2025\/10\/Magis_Toto_prodotto_01-300x300.jpg 300w, https:\/\/www.magisdesign.com\/wp-content\/uploads\/2025\/10\/Magis_Toto_prodotto_01-1024x1024.jpg 1024w, https:\/\/www.magisdesign.com\/wp-content\/uploads\/2025\/10\/Magis_Toto_prodotto_01-150x150.jpg 150w, https:\/\/www.magisdesign.com\/wp-content\/uploads\/2025\/10\/Magis_Toto_prodotto_01-768x768.jpg 768w, https:\/\/www.magisdesign.com\/wp-content\/uploads\/2025\/10\/Magis_Toto_prodotto_01-1536x1536.jpg 1536w, https:\/\/www.magisdesign.com\/wp-content\/uploads\/2025\/10\/Magis_Toto_prodotto_01-540x540.jpg 540w, https:\/\/www.magisdesign.com\/wp-content\/uploads\/2025\/10\/Magis_Toto_prodotto_01-500x500.jpg 500w, https:\/\/www.magisdesign.com\/wp-content\/uploads\/2025\/10\/Magis_Toto_prodotto_01-700x700.jpg 700w, https:\/\/www.magisdesign.com\/wp-content\/uploads\/2025\/10\/Magis_Toto_prodotto_01.jpg 1740w\" sizes=\"auto, (max-width: 800px) 100vw, 800px\" \/>    \t\t    \t\t\t\t\t<\/div>\n        \t\t\t<\/div>\n\t\t\n            <\/div>\n        <\/div>\n        <\/div>\n<div class=\"wrapper\">\n\t\t\n\n\n<p>Le collaborazioni con Andries Van Onck e Marc Berthier segnano una prima svolta importante per l\u2019azienda. Nascono poi collaborazioni con giovani talenti del design e da qui inizia una lunga serie di successi.<\/p>\n\n\n\n<p>Nel 1994 arriva Bottle, il portabottiglie impilabile firmato da Jasper Morrison: un\u2019icona che conquista premi internazionali ed entra nelle collezioni permanenti di musei come il MoMA di New York e il Victoria &amp; Albert Museum di Londra.<\/p>\n\n\n\n<p>Nel 1996 entrano in azienda Barbara Minetto e Alberto Perazza, ampliando ulteriormente la visione del brand.<\/p>\n\n\n\n<p>L\u2019anno successivo nasce Bombo di Stefano GIovannoni, lo sgabello regolabile in altezza destinato a diventare una vera icona di stile, ma anche uno dei prodotti di design pi\u00f9 imitati di sempre.<\/p>\n\n\n\n<p>Con l\u2019arrivo degli anni 2000, Magis apre il nuovo secolo con una rivoluzione tecnologica: nasce Air-Chair, disegnata da Jasper Morrison, la prima sedia in monoscocca in polipropilene stampato con la tecnologia dell\u2019air-moulding. Nel 2003 \u00e8 poi la volta di Chair_One di Konstantin Grcic, un\u2019altra sedia che rivoluziona il mondo del design, questa volta utilizzando la tecnologia della pressofusione applicata all\u2019alluminio.<\/p>\n\n\n\n<p>\u201cSiamo persone con la testa tra le nuvole e le mani impegnate a sperimentare.\u201d<\/p>\n\n\n\n<p>La sperimentazione non si ferma mai. Magis non si limita all\u2019innovazione dei materiali, ma esplora nuovi accostamenti, recupera tecniche tradizionali e valorizza la cultura del \u201cben fatto\u201d tipica del miglior design italiano.<\/p>\n\n\n\n<p>Nel 2004 Magis entra nel mondo dei bambini. Nonno Eugenio vuole regalare alla sua nipotina Anna un tavolo \u201ccome si deve\u201d, ma non ne trova uno adatto e cos\u00ec decide di progettare un\u2019intera linea di design che sia pratica, ma con un valore educativo. Nasce cos\u00ec Me Too, la prima collezione di arredi di design vista con gli occhi dei bambini, che permette ai pi\u00f9 piccoli di sperimentare la loro creativit\u00e0 in maniera semplice e divertente, come con Puppy, il cagnolino astratto, progettato da Eero Aarnio, che diventa presto un\u2019icona del design per bambini che piace anche agli adulti.<\/p>\n\n\n\n<p>Nel 2010 Magis si trasferisce nella nuova sede di Torre di Mosto: oltre 98.000 mq dedicati a logistica, assemblaggio, uffici e a un ampio showroom.<\/p>\n\n\n\n<p>Passa un anno ed ecco altri due successi: Magis riedita la celebre Proust di Mendini, simbolo del re-design, in una versione per outdoor in polietilene e vince il suo secondo Compasso d\u2019Oro con Steelwood Chair (il primo \u00e8 arrivato nel 2008 con Trioli di Eero Arnio), a cui se ne aggiungeranno poi altri quattro, nel 2014 per Spun, nel 2020 il Compasso d\u2019Oro alla Carriera a Eugenio Perazza, nel 2022 per Plato e nel 2024 per Costume, oltre a numerosi premi internazionali.<\/p>\n\n\n\n<p>Lo sguardo di Magis \u00e8 sempre rivolto al futuro e alla sostenibilit\u00e0. Un impegno concreto che si traduce in prodotti pensati per durare nel tempo, come la sedia Bell Chair di Konstantin Grcic (2020), il divano modulare Costume di Stefan Diez (2021), realizzati in polipropilene riciclato, ottenuto da scarti di produzione, e riciclabile e le sedie RE Air-Chair e RE Air-Armchair (2023) in plastica 100% post consumo, derivante dal riciclo del poliaccoppiato e di imballi alimentari monouso.<\/p>\n\n\n\n<p>Dal 2016 Magis \u00e8 guidata da Alberto Perazza ed \u00e8 oggi una realt\u00e0 internazionale, presente nelle case, negli spazi pubblici, nel contract e nelle collezioni permanenti dei pi\u00f9 importanti musei del mondo.<\/p>\n\n\n\n<p>Una voce creativa, libera e curiosa, che continua a guardare avanti e a sognare nuovi orizzonti di design.<\/p>\n","protected":false},"excerpt":{"rendered":"<p>Magis \u00e8 prima di tutto una storia di famiglia, di passione per il design e di voglia di osare. Tutto inizia nel 1976, quando Eugenio Perazza, imprenditore visionario, decide di scommettere sul design partendo da Motta di Livenza, allora un piccolo centro del Veneto a vocazione agricola. La sua idea \u00e8 chiara e ambiziosa: spingere&#8230;<\/p>\n","protected":false},"author":1,"featured_media":0,"parent":99091,"menu_order":1,"comment_status":"closed","ping_status":"closed","template":"","meta":{"_acf_changed":false,"footnotes":""},"class_list":["post-99111","page","type-page","status-publish","hentry"],"acf":[],"_links":{"self":[{"href":"https:\/\/www.magisdesign.com\/it\/wp-json\/wp\/v2\/pages\/99111","targetHints":{"allow":["GET"]}}],"collection":[{"href":"https:\/\/www.magisdesign.com\/it\/wp-json\/wp\/v2\/pages"}],"about":[{"href":"https:\/\/www.magisdesign.com\/it\/wp-json\/wp\/v2\/types\/page"}],"author":[{"embeddable":true,"href":"https:\/\/www.magisdesign.com\/it\/wp-json\/wp\/v2\/users\/1"}],"replies":[{"embeddable":true,"href":"https:\/\/www.magisdesign.com\/it\/wp-json\/wp\/v2\/comments?post=99111"}],"version-history":[{"count":3,"href":"https:\/\/www.magisdesign.com\/it\/wp-json\/wp\/v2\/pages\/99111\/revisions"}],"predecessor-version":[{"id":197323,"href":"https:\/\/www.magisdesign.com\/it\/wp-json\/wp\/v2\/pages\/99111\/revisions\/197323"}],"up":[{"embeddable":true,"href":"https:\/\/www.magisdesign.com\/it\/wp-json\/wp\/v2\/pages\/99091"}],"wp:attachment":[{"href":"https:\/\/www.magisdesign.com\/it\/wp-json\/wp\/v2\/media?parent=99111"}],"curies":[{"name":"wp","href":"https:\/\/api.w.org\/{rel}","templated":true}]}}