{"id":99101,"date":"2019-10-15T12:57:25","date_gmt":"2019-10-15T12:57:25","guid":{"rendered":"https:\/\/www.magisdesign.com\/site\/profil\/responsibility\/"},"modified":"2025-12-23T11:18:25","modified_gmt":"2025-12-23T11:18:25","slug":"sustainability","status":"publish","type":"page","link":"https:\/\/www.magisdesign.com\/it\/profil\/sustainability\/","title":{"rendered":"Sostenibilit\u00e0"},"content":{"rendered":"\n<p>&nbsp;\u201cFine della dittatura della plastica\u201d.&nbsp; Sembra uno slogan di questi giorni. Invece \u00e8 una mission dichiarata che Magis porta avanti dai primi anni 2000.<\/p>\n\n\n\n<p>Sperimentazione, benessere e sostenibilit\u00e0: sono questi, infatti, i nostri principi racchiusi nell\u2019innovazione che considera il progetto nel rispetto totale dell\u2019uomo e dell\u2019ambiente.<\/p>\n\n\n\n<p>Una consapevolezza che si rispecchia nella ricerca dei materiali riciclabili, biodegradabili e non tossici. Ma anche e soprattutto nello sforzo di scegliere tecnologie nuove che riducono gli scarti e il materiale utilizzato e puntano su un design green capace di andare oltre il tempo e oltre le mode.<\/p>\n\n\n\n<p>Un buon prodotto deve durare nel tempo.<\/p>\n\n\n\n<p>E\u2019 cos\u00ec che noi intendiamo la sostenibilit\u00e0.<\/p>\n\n\n<\/div>\n<div class=\"container-fluid  strange-grid\">\n\t\t<div\n                id=\"colonne-block_a632ecb7f32038887d425b02a02092df\" class=\"colonne\"\n        >\n\t\t<div class=\"papion-colonne row\">\n\t\t \t\t\t\t<div class=\"colonna col-12 col-md-4\">\n\t\t\t<div class=\"image\">\n\t\t\t        \t<img loading=\"lazy\" decoding=\"async\" width=\"800\" height=\"800\" src=\"https:\/\/www.magisdesign.com\/wp-content\/uploads\/2019\/12\/21-800x800.jpg\" class=\"attachment-quadrata size-quadrata\" alt=\"\" srcset=\"https:\/\/www.magisdesign.com\/wp-content\/uploads\/2019\/12\/21-800x800.jpg 800w, https:\/\/www.magisdesign.com\/wp-content\/uploads\/2019\/12\/21-150x150.jpg 150w, https:\/\/www.magisdesign.com\/wp-content\/uploads\/2019\/12\/21-300x300.jpg 300w\" sizes=\"auto, (max-width: 800px) 100vw, 800px\" \/>    \t\t    \t\t\t\t\t<\/div>\n        \t\t\t\t<div class=\"image\">\n\t\t\t        \t<img loading=\"lazy\" decoding=\"async\" width=\"800\" height=\"800\" src=\"https:\/\/www.magisdesign.com\/wp-content\/uploads\/2016\/09\/Magis_officina_production_04-800x800.jpg\" class=\"attachment-quadrata size-quadrata\" alt=\"\" srcset=\"https:\/\/www.magisdesign.com\/wp-content\/uploads\/2016\/09\/Magis_officina_production_04-800x800.jpg 800w, https:\/\/www.magisdesign.com\/wp-content\/uploads\/2016\/09\/Magis_officina_production_04-150x150.jpg 150w, https:\/\/www.magisdesign.com\/wp-content\/uploads\/2016\/09\/Magis_officina_production_04-300x300.jpg 300w\" sizes=\"auto, (max-width: 800px) 100vw, 800px\" \/>    \t\t    \t\t\t\t\t<\/div>\n        \t\t\t<\/div>\n\t\t<div class=\"colonna col-12 col-md-4\">\n\t\t\t<div class=\"image\">\n\t\t\t        \t<img loading=\"lazy\" decoding=\"async\" width=\"800\" height=\"800\" src=\"https:\/\/www.magisdesign.com\/wp-content\/uploads\/2019\/12\/EugenioPerazza-800x800.jpg\" class=\"attachment-quadrata size-quadrata\" alt=\"\" srcset=\"https:\/\/www.magisdesign.com\/wp-content\/uploads\/2019\/12\/EugenioPerazza-800x800.jpg 800w, https:\/\/www.magisdesign.com\/wp-content\/uploads\/2019\/12\/EugenioPerazza-150x150.jpg 150w, https:\/\/www.magisdesign.com\/wp-content\/uploads\/2019\/12\/EugenioPerazza-300x300.jpg 300w\" sizes=\"auto, (max-width: 800px) 100vw, 800px\" \/>    \t\t    \t\t\t\t\t<\/div>\n        \t\t\t\t<div class=\"image\">\n\t\t\t        \t<img loading=\"lazy\" decoding=\"async\" width=\"800\" height=\"800\" src=\"https:\/\/www.magisdesign.com\/wp-content\/uploads\/2018\/02\/Magis_brut_production_01-800x800.jpg\" class=\"attachment-quadrata size-quadrata\" alt=\"\" srcset=\"https:\/\/www.magisdesign.com\/wp-content\/uploads\/2018\/02\/Magis_brut_production_01-800x800.jpg 800w, https:\/\/www.magisdesign.com\/wp-content\/uploads\/2018\/02\/Magis_brut_production_01-150x150.jpg 150w, https:\/\/www.magisdesign.com\/wp-content\/uploads\/2018\/02\/Magis_brut_production_01-300x300.jpg 300w\" sizes=\"auto, (max-width: 800px) 100vw, 800px\" \/>    \t\t    \t\t\t\t\t<\/div>\n        \t\t\t<\/div>\n\t\t<div class=\"colonna col-12 col-md-4\">\n\t\t\t<div class=\"image\">\n\t\t\t        \t<img loading=\"lazy\" decoding=\"async\" width=\"790\" height=\"800\" src=\"https:\/\/www.magisdesign.com\/wp-content\/uploads\/2015\/01\/Magis_air_chair_production_01-790x800.jpg\" class=\"attachment-quadrata size-quadrata\" alt=\"\" \/>    \t\t    \t\t\t\t\t<\/div>\n        \t\t\t\t<div class=\"image\">\n\t\t\t        \t<img loading=\"lazy\" decoding=\"async\" width=\"800\" height=\"783\" src=\"https:\/\/www.magisdesign.com\/wp-content\/uploads\/2015\/01\/Magis_chair_one_production_01-800x783.jpg\" class=\"attachment-quadrata size-quadrata\" alt=\"\" \/>    \t\t    \t\t\t\t\t<\/div>\n        \t\t\t<\/div>\n\t\t\n            <\/div>\n        <\/div>\n        <\/div>\n<div class=\"wrapper\">\n\t\t\n\n\n<p>Dare dignit\u00e0 agli oggetti del quotidiano \u00e8 la sfida imprenditoriale che coltiviamo fin dalla nascita nel 1976 insieme ai rapporti con fornitori e collaboratori di fiducia. Perch\u00e9 essere green non \u00e8 una questione d\u2019immagine ed \u00e8 nelle scelte etiche e di continuit\u00e0 che si privilegia la sostenibilit\u00e0 in tutta la filiera.<\/p>\n\n\n\n<p>Tutti siamo responsabili verso l\u2019ambiente, e Magis ha deciso di assumersi questa responsabilit\u00e0 scegliendo un design senza tempo, che punta all\u2019eccellenza e spinge lo sguardo sempre avanti.<\/p>\n\n\n\n<p>Ogni prodotto, ogni collezione \u00e8 pensata intorno all\u2019uomo e all\u2019ambiente, per un benessere collettivo e migliorativo. Ecco perch\u00e9 \u00e8 importante creare prodotti che non siano usa e getta, ma in grado di accompagnarci nel tempo e di essere riciclati una volta arrivati a fine vita.<\/p>\n\n\n\n<p>Siamo stati tra le prime aziende a ricercare alternative concrete alla plastica, controcorrente quando il mercato si spingeva nella corsa verso questo materiale. Ma \u00e8 bene sottolineare che la plastica di buona qualit\u00e0, anche se non deriva da scarti post-consumo, oltre a essere riciclabile pu\u00f2 durare molti anni, riducendo l\u2019impatto ambientale a breve termine.<\/p>\n\n\n\n<p>Fare ricerca e sviluppo significa anche questo: sperimentare nuovi materiali e recuperare i vecchi, in un\u2019ottica di economia circolare che comprende nuovi processi industriali, dalla produzione alla logistica, a basso impatto ambientale.<\/p>\n\n\n\n<p>Promuovere un\u2019economia circolare vuol dire persino mantenere rapporti duraturi e di fiducia con i partners, fare sviluppo insieme. Abbiamo sempre puntato su giovani talenti e con loro siamo cresciuti e abbiamo formato una squadra che fa parte ormai della nostra famiglia. Ci piace continuare a scommettere sui designer emergenti. Perch\u00e9 siamo sempre alla ricerca di nuove idee, nuovi linguaggi, nuovi materiali e metodi innovativi. Per rispondere a quel di pi\u00f9 (Magis \u00e8 una locuzione latina che vuol dire \u201cdi pi\u00f9\u201d) che ci caratterizza come azienda.<\/p>\n\n\n\n<p>Sostenibilit\u00e0 e benessere vanno di pari passo. Siamo un\u2019azienda certificata ISO 9001:2000 e ISO 14001:2004 i nostri prodotti hanno superato i test europei e abbiamo ottenuto diverse certificazioni internazionali (come il marchio di qualit\u00e0 T\u00dcV S\u00dcD, la certificazione FSC<sup>\u00ae<\/sup> C123236 e la certificazione GreenGuard Gold).<\/p>\n\n\n\n<p>Siamo esigenti sulla qualit\u00e0 delle materie prime e dei processi di produzione e rigorosi nel rispetto dell\u2019ambiente.<\/p>\n\n\n\n<p>Sappiamo coniugare estetica, etica e poetica con l\u2019innovazione pura: la qualit\u00e0 Magis \u00e8 un valore concreto, testimoniato dalle numerose certificazioni acquisite dall\u2019azienda.<\/p>\n\n\n\n<p>Vai alla pagina download per il <a href=\"https:\/\/www.magisdesign.com\/download-type\/catalogues\/\"><strong>Magis Sustainability document<\/strong><\/a>.<\/p>\n","protected":false},"excerpt":{"rendered":"<p>&nbsp;\u201cFine della dittatura della plastica\u201d.&nbsp; Sembra uno slogan di questi giorni. Invece \u00e8 una mission dichiarata che Magis porta avanti dai primi anni 2000. Sperimentazione, benessere e sostenibilit\u00e0: sono questi, infatti, i nostri principi racchiusi nell\u2019innovazione che considera il progetto nel rispetto totale dell\u2019uomo e dell\u2019ambiente. Una consapevolezza che si rispecchia nella ricerca dei materiali&#8230;<\/p>\n","protected":false},"author":1,"featured_media":0,"parent":99091,"menu_order":2,"comment_status":"closed","ping_status":"closed","template":"","meta":{"_acf_changed":false,"footnotes":""},"class_list":["post-99101","page","type-page","status-publish","hentry"],"acf":[],"_links":{"self":[{"href":"https:\/\/www.magisdesign.com\/it\/wp-json\/wp\/v2\/pages\/99101","targetHints":{"allow":["GET"]}}],"collection":[{"href":"https:\/\/www.magisdesign.com\/it\/wp-json\/wp\/v2\/pages"}],"about":[{"href":"https:\/\/www.magisdesign.com\/it\/wp-json\/wp\/v2\/types\/page"}],"author":[{"embeddable":true,"href":"https:\/\/www.magisdesign.com\/it\/wp-json\/wp\/v2\/users\/1"}],"replies":[{"embeddable":true,"href":"https:\/\/www.magisdesign.com\/it\/wp-json\/wp\/v2\/comments?post=99101"}],"version-history":[{"count":2,"href":"https:\/\/www.magisdesign.com\/it\/wp-json\/wp\/v2\/pages\/99101\/revisions"}],"predecessor-version":[{"id":197117,"href":"https:\/\/www.magisdesign.com\/it\/wp-json\/wp\/v2\/pages\/99101\/revisions\/197117"}],"up":[{"embeddable":true,"href":"https:\/\/www.magisdesign.com\/it\/wp-json\/wp\/v2\/pages\/99091"}],"wp:attachment":[{"href":"https:\/\/www.magisdesign.com\/it\/wp-json\/wp\/v2\/media?parent=99101"}],"curies":[{"name":"wp","href":"https:\/\/api.w.org\/{rel}","templated":true}]}}