{"id":99091,"date":"2019-10-15T12:55:51","date_gmt":"2019-10-15T12:55:51","guid":{"rendered":"https:\/\/www.magisdesign.com\/site\/profil\/"},"modified":"2025-12-23T11:13:21","modified_gmt":"2025-12-23T11:13:21","slug":"profil","status":"publish","type":"page","link":"https:\/\/www.magisdesign.com\/it\/profil\/","title":{"rendered":"Profilo"},"content":{"rendered":"\n<p>Una storia fatta di progetti, creativit\u00e0 e continua sperimentazione. Dal 1976. \u00c8 questo il know-how che Magis porta con s\u00e9 nel mondo del design.<\/p>\n\n\n\n<p>Nata nel Nord Italia come azienda a conduzione familiare, grazie all\u2019ingegno del visionario Eugenio Perazza, Magis \u00e8 cresciuta fino a diventare un vero e proprio laboratorio di progettazione per la casa, l\u2019outdoor, l\u2019ufficio e il contract e oggi \u00e8 una protagonista riconosciuta a livello mondiale nel panorama del design.<\/p>\n\n\n\n<p><strong>SPERIMENTARE\u2026 DI PIU\u2019<\/strong><\/p>\n\n\n\n<p>Magis \u00e8 una parola latina che significa \u201cdi pi\u00f9\u201d. Ed \u00e8 proprio da qui che nasce la sua spinta naturale alla sperimentazione, per essere di pi\u00f9 e fare di pi\u00f9, per andare oltre i confini del design, come dice il suo motto.<\/p>\n\n\n\n<p>Da sempre Magis crede nei talenti emergenti. Ed \u00e8 insieme a molti di loro \u2013 oggi nomi affermati sulla scena internazionale \u2013 che \u00e8 cresciuta e ha sperimentato, fianco a fianco. Jasper Morrison, Konstantin Grcic, Philippe Starck, Ronan &amp; Erwan Bouroullec, Thomas Heatherwick, Naoto Fukasawa, Marc Newson, sono solo alcuni dei designer che fanno parte della grande famiglia Magis.<\/p>\n\n\n\n<p><strong>INNOVARE<\/strong><\/p>\n\n\n\n<p>Magis ha un\u2019idea concreta del design, senza paura di osare. La ricerca continua di nuovi linguaggi, idee e sistemi produttivi guida l\u2019azienda verso un design senza compromessi, capace di durare nel tempo. Un design che d\u00e0 vita non solo a prodotti industriali di qualit\u00e0, ma anche a relazioni positive con collaboratori, clienti e partner.<\/p>\n\n\n\n<p>Grande attenzione \u00e8 dedicata alla progettazione, alla scelta dei materiali, delle tecnologie e dei processi produttivi, che cambiano in base a ogni progetto. Il tutto con uno sguardo al passato, da cui Magis ama trarre ispirazione, e uno rivolto verso un futuro sostenibile, contemporaneo e senza tempo.<\/p>\n\n\n\n<p>Il risultato \u00e8 un design eclettico e versatile, che entra nelle case, anima gli spazi pubblici, trova posto nelle collezioni permanenti di oltre 35 musei nel mondo e che ha conquistato circa cento tra i premi pi\u00f9 prestigiosi, tra cui sei Compasso d\u2019Oro ADI, il pi\u00f9 antico e autorevole riconoscimento del design internazionale.<\/p>\n\n\n<\/div>\n<div class=\"container-fluid  strange-grid\">\n\t\t<div\n                id=\"colonne-block_bcebf1ca9493bbcc665953e1f679c103\" class=\"colonne\"\n        >\n\t\t<div class=\"papion-colonne row\">\n\t\t \t\t\t\t<div class=\"colonna col-12 col-md-4\">\n\t\t\t<div class=\"image\">\n\t\t\t        \t<img loading=\"lazy\" decoding=\"async\" width=\"800\" height=\"800\" src=\"https:\/\/www.magisdesign.com\/wp-content\/uploads\/2019\/12\/Magis_company_warehouse_01-800x800.jpg\" class=\"attachment-quadrata size-quadrata\" alt=\"\" srcset=\"https:\/\/www.magisdesign.com\/wp-content\/uploads\/2019\/12\/Magis_company_warehouse_01-800x800.jpg 800w, https:\/\/www.magisdesign.com\/wp-content\/uploads\/2019\/12\/Magis_company_warehouse_01-150x150.jpg 150w, https:\/\/www.magisdesign.com\/wp-content\/uploads\/2019\/12\/Magis_company_warehouse_01-300x300.jpg 300w\" sizes=\"auto, (max-width: 800px) 100vw, 800px\" \/>    \t\t    \t\t\t\t\t<\/div>\n        \t\t\t\t<div class=\"image\">\n\t\t\t        \t<img loading=\"lazy\" decoding=\"async\" width=\"800\" height=\"800\" src=\"https:\/\/www.magisdesign.com\/wp-content\/uploads\/2023\/07\/Magis_building_outdoor_02-800x800.jpg\" class=\"attachment-quadrata size-quadrata\" alt=\"\" srcset=\"https:\/\/www.magisdesign.com\/wp-content\/uploads\/2023\/07\/Magis_building_outdoor_02-800x800.jpg 800w, https:\/\/www.magisdesign.com\/wp-content\/uploads\/2023\/07\/Magis_building_outdoor_02-300x300.jpg 300w, https:\/\/www.magisdesign.com\/wp-content\/uploads\/2023\/07\/Magis_building_outdoor_02-1024x1024.jpg 1024w, https:\/\/www.magisdesign.com\/wp-content\/uploads\/2023\/07\/Magis_building_outdoor_02-150x150.jpg 150w, https:\/\/www.magisdesign.com\/wp-content\/uploads\/2023\/07\/Magis_building_outdoor_02-768x768.jpg 768w, https:\/\/www.magisdesign.com\/wp-content\/uploads\/2023\/07\/Magis_building_outdoor_02-1536x1536.jpg 1536w, https:\/\/www.magisdesign.com\/wp-content\/uploads\/2023\/07\/Magis_building_outdoor_02-540x540.jpg 540w, https:\/\/www.magisdesign.com\/wp-content\/uploads\/2023\/07\/Magis_building_outdoor_02-500x500.jpg 500w, https:\/\/www.magisdesign.com\/wp-content\/uploads\/2023\/07\/Magis_building_outdoor_02-700x700.jpg 700w, https:\/\/www.magisdesign.com\/wp-content\/uploads\/2023\/07\/Magis_building_outdoor_02.jpg 1740w\" sizes=\"auto, (max-width: 800px) 100vw, 800px\" \/>    \t\t    \t\t\t\t\t<\/div>\n        \t\t\t<\/div>\n\t\t<div class=\"colonna col-12 col-md-4\">\n\t\t\t<div class=\"image\">\n\t\t\t        \t<img loading=\"lazy\" decoding=\"async\" width=\"800\" height=\"800\" src=\"https:\/\/www.magisdesign.com\/wp-content\/uploads\/2019\/12\/Magis_company_office_01-800x800.jpg\" class=\"attachment-quadrata size-quadrata\" alt=\"\" srcset=\"https:\/\/www.magisdesign.com\/wp-content\/uploads\/2019\/12\/Magis_company_office_01-800x800.jpg 800w, https:\/\/www.magisdesign.com\/wp-content\/uploads\/2019\/12\/Magis_company_office_01-500x500.jpg 500w, https:\/\/www.magisdesign.com\/wp-content\/uploads\/2019\/12\/Magis_company_office_01-700x700.jpg 700w, https:\/\/www.magisdesign.com\/wp-content\/uploads\/2019\/12\/Magis_company_office_01-300x300.jpg 300w, https:\/\/www.magisdesign.com\/wp-content\/uploads\/2019\/12\/Magis_company_office_01-370x370.jpg 370w, https:\/\/www.magisdesign.com\/wp-content\/uploads\/2019\/12\/Magis_company_office_01-150x150.jpg 150w, https:\/\/www.magisdesign.com\/wp-content\/uploads\/2019\/12\/Magis_company_office_01-768x768.jpg 768w, https:\/\/www.magisdesign.com\/wp-content\/uploads\/2019\/12\/Magis_company_office_01-1536x1536.jpg 1536w, https:\/\/www.magisdesign.com\/wp-content\/uploads\/2019\/12\/Magis_company_office_01-540x540.jpg 540w, https:\/\/www.magisdesign.com\/wp-content\/uploads\/2019\/12\/Magis_company_office_01.jpg 1740w\" sizes=\"auto, (max-width: 800px) 100vw, 800px\" \/>    \t\t    \t\t\t\t\t<\/div>\n        \t\t\t\t<div class=\"image\">\n\t\t\t        \t<img loading=\"lazy\" decoding=\"async\" width=\"800\" height=\"800\" src=\"https:\/\/www.magisdesign.com\/wp-content\/uploads\/2019\/12\/Magis_chair_one_process_06-800x800.jpg\" class=\"attachment-quadrata size-quadrata\" alt=\"\" srcset=\"https:\/\/www.magisdesign.com\/wp-content\/uploads\/2019\/12\/Magis_chair_one_process_06-800x800.jpg 800w, https:\/\/www.magisdesign.com\/wp-content\/uploads\/2019\/12\/Magis_chair_one_process_06-500x500.jpg 500w, https:\/\/www.magisdesign.com\/wp-content\/uploads\/2019\/12\/Magis_chair_one_process_06-700x700.jpg 700w, https:\/\/www.magisdesign.com\/wp-content\/uploads\/2019\/12\/Magis_chair_one_process_06-300x300.jpg 300w, https:\/\/www.magisdesign.com\/wp-content\/uploads\/2019\/12\/Magis_chair_one_process_06-370x370.jpg 370w, https:\/\/www.magisdesign.com\/wp-content\/uploads\/2019\/12\/Magis_chair_one_process_06-150x150.jpg 150w, https:\/\/www.magisdesign.com\/wp-content\/uploads\/2019\/12\/Magis_chair_one_process_06-768x768.jpg 768w, https:\/\/www.magisdesign.com\/wp-content\/uploads\/2019\/12\/Magis_chair_one_process_06-1536x1536.jpg 1536w, https:\/\/www.magisdesign.com\/wp-content\/uploads\/2019\/12\/Magis_chair_one_process_06-540x540.jpg 540w, https:\/\/www.magisdesign.com\/wp-content\/uploads\/2019\/12\/Magis_chair_one_process_06.jpg 1740w\" sizes=\"auto, (max-width: 800px) 100vw, 800px\" \/>    \t\t    \t\t\t\t\t<\/div>\n        \t\t\t<\/div>\n\t\t<div class=\"colonna col-12 col-md-4\">\n\t\t\t<div class=\"image\">\n\t\t\t        \t<img loading=\"lazy\" decoding=\"async\" width=\"800\" height=\"800\" src=\"https:\/\/www.magisdesign.com\/wp-content\/uploads\/2023\/07\/Magis_showroom_torre-di-mosto-1-800x800.jpg\" class=\"attachment-quadrata size-quadrata\" alt=\"\" srcset=\"https:\/\/www.magisdesign.com\/wp-content\/uploads\/2023\/07\/Magis_showroom_torre-di-mosto-1-800x800.jpg 800w, https:\/\/www.magisdesign.com\/wp-content\/uploads\/2023\/07\/Magis_showroom_torre-di-mosto-1-300x300.jpg 300w, https:\/\/www.magisdesign.com\/wp-content\/uploads\/2023\/07\/Magis_showroom_torre-di-mosto-1-1024x1024.jpg 1024w, https:\/\/www.magisdesign.com\/wp-content\/uploads\/2023\/07\/Magis_showroom_torre-di-mosto-1-150x150.jpg 150w, https:\/\/www.magisdesign.com\/wp-content\/uploads\/2023\/07\/Magis_showroom_torre-di-mosto-1-768x768.jpg 768w, https:\/\/www.magisdesign.com\/wp-content\/uploads\/2023\/07\/Magis_showroom_torre-di-mosto-1-1536x1536.jpg 1536w, https:\/\/www.magisdesign.com\/wp-content\/uploads\/2023\/07\/Magis_showroom_torre-di-mosto-1-540x540.jpg 540w, https:\/\/www.magisdesign.com\/wp-content\/uploads\/2023\/07\/Magis_showroom_torre-di-mosto-1-500x500.jpg 500w, https:\/\/www.magisdesign.com\/wp-content\/uploads\/2023\/07\/Magis_showroom_torre-di-mosto-1-700x700.jpg 700w, https:\/\/www.magisdesign.com\/wp-content\/uploads\/2023\/07\/Magis_showroom_torre-di-mosto-1.jpg 1740w\" sizes=\"auto, (max-width: 800px) 100vw, 800px\" \/>    \t\t    \t\t\t\t\t<\/div>\n        \t\t\t\t<div class=\"image\">\n\t\t\t        \t<img loading=\"lazy\" decoding=\"async\" width=\"800\" height=\"800\" src=\"https:\/\/www.magisdesign.com\/wp-content\/uploads\/2019\/12\/Magis_company_entrance_01-1-800x800.jpg\" class=\"attachment-quadrata size-quadrata\" alt=\"\" srcset=\"https:\/\/www.magisdesign.com\/wp-content\/uploads\/2019\/12\/Magis_company_entrance_01-1-800x800.jpg 800w, https:\/\/www.magisdesign.com\/wp-content\/uploads\/2019\/12\/Magis_company_entrance_01-1-150x150.jpg 150w, https:\/\/www.magisdesign.com\/wp-content\/uploads\/2019\/12\/Magis_company_entrance_01-1-300x300.jpg 300w\" sizes=\"auto, (max-width: 800px) 100vw, 800px\" \/>    \t\t    \t\t\t\t\t<\/div>\n        \t\t\t<\/div>\n\t\t\n            <\/div>\n        <\/div>\n        <\/div>\n<div class=\"wrapper\">\n\t\t\n\n\n<p><strong>MADE IN ITALY<\/strong><\/p>\n\n\n\n<p>Per Magis, un\u2019idea non deve essere solo una \u201cbuona\u201d idea, ma deve soddisfare l\u2019estetica, la funzionalit\u00e0, oggi come domani, e soprattutto raccontare una storia, la storia di Magis.<\/p>\n\n\n\n<p>Una storia che prende forma in Italia, nel rispetto dei pi\u00f9 alti standard del Made in Italy. Le radici dell\u2019azienda sono infatti a Motta di Livenza, un piccolo paese nel cuore del Veneto. E\u2019 qui che nasce la sfida al design e il desiderio di creare un luogo di autentica creativit\u00e0, che dal 2010 ha una nuova casa, a Torre di Mosto.<\/p>\n\n\n\n<p><\/p>\n","protected":false},"excerpt":{"rendered":"<p>Una storia fatta di progetti, creativit\u00e0 e continua sperimentazione. Dal 1976. \u00c8 questo il know-how che Magis porta con s\u00e9 nel mondo del design. Nata nel Nord Italia come azienda a conduzione familiare, grazie all\u2019ingegno del visionario Eugenio Perazza, Magis \u00e8 cresciuta fino a diventare un vero e proprio laboratorio di progettazione per la casa,&#8230;<\/p>\n","protected":false},"author":1,"featured_media":0,"parent":0,"menu_order":1,"comment_status":"closed","ping_status":"closed","template":"","meta":{"_acf_changed":false,"footnotes":""},"class_list":["post-99091","page","type-page","status-publish","hentry"],"acf":[],"_links":{"self":[{"href":"https:\/\/www.magisdesign.com\/it\/wp-json\/wp\/v2\/pages\/99091","targetHints":{"allow":["GET"]}}],"collection":[{"href":"https:\/\/www.magisdesign.com\/it\/wp-json\/wp\/v2\/pages"}],"about":[{"href":"https:\/\/www.magisdesign.com\/it\/wp-json\/wp\/v2\/types\/page"}],"author":[{"embeddable":true,"href":"https:\/\/www.magisdesign.com\/it\/wp-json\/wp\/v2\/users\/1"}],"replies":[{"embeddable":true,"href":"https:\/\/www.magisdesign.com\/it\/wp-json\/wp\/v2\/comments?post=99091"}],"version-history":[{"count":2,"href":"https:\/\/www.magisdesign.com\/it\/wp-json\/wp\/v2\/pages\/99091\/revisions"}],"predecessor-version":[{"id":197105,"href":"https:\/\/www.magisdesign.com\/it\/wp-json\/wp\/v2\/pages\/99091\/revisions\/197105"}],"wp:attachment":[{"href":"https:\/\/www.magisdesign.com\/it\/wp-json\/wp\/v2\/media?parent=99091"}],"curies":[{"name":"wp","href":"https:\/\/api.w.org\/{rel}","templated":true}]}}