{"id":19559,"date":"2018-05-24T07:41:02","date_gmt":"2018-05-24T07:41:02","guid":{"rendered":"http:\/\/magisdesing.com\/\/en-it\/"},"modified":"2019-08-28T13:35:56","modified_gmt":"2019-08-28T13:35:56","slug":"cookie-policy","status":"publish","type":"page","link":"https:\/\/www.magisdesign.com\/it\/cookie-policy\/","title":{"rendered":"Cookie Policy"},"content":{"rendered":"<p><u>COOKIE POLICY DEL SITO DI MAGIS<\/u> MAGIS utilizza i cookie per rendere il proprio sito pi\u00f9 facile ed intuitivo. I dati raccolti grazie ai cookie servono per rendere l&#8217;esperienza di navigazione dell\u2019Utente pi\u00f9 soddisfacente e utile.<\/p>\n<ol>\n<li><u> Definizioni.<\/u><\/li>\n<\/ol>\n<p>Ai fini della presente Cookie Policy: \u201c<strong>MAGIS<\/strong>\u201d significa Magis S.p.A., societ\u00e0 di diritto italiano, con sede legale in Z.I. Ponte Tezze \u2013 via Triestina accesso E &#8211; 30020 Torre di Mosto (VE) Italia. \u201c<strong>Utente<\/strong>\u201d significa colui il quale acceda al presente Sito e\/o interagisca con qualsiasi servizio web ivi fornito da MAGIS. \u201cSito\u201d significa il presente sito web http:\/\/www.magisdesign.com. La presente Cookie Policy \u00e8 riferita esclusivamente al Sito ufficiale di MAGIS e non anche ad altri siti web eventualmente consultabili dall\u2019Utente tramite link esistenti sul presente Sito od altrimenti.<\/p>\n<ol start=\"2\">\n<li><u> Cosa sono i cookie?<\/u><\/li>\n<\/ol>\n<p>I cookie sono brevi frammenti di testo (lettere e\/o numeri) che i siti visitati dall\u2019utente inviano al terminale dello stesso (solitamente al browser), dove vengono memorizzati per essere poi ritrasmessi ai medesimi siti alla successiva visita di tale utente. I cookie vengono memorizzati dal singolo browser sullo specifico dispositivo utilizzato (computer, tablet, smartphone) in base alle preferenze dell\u2019utente. Un cookie non pu\u00f2 richiamare nessun altro dato dal disco fisso dell\u2019utente n\u00e9 trasmettere virus informatici o acquisire indirizzi e-mail. Alcune delle funzioni dei cookie possono essere demandate ad altre tecnologie. Tra queste, \u201cweb beacon\u201d (conosciuti anche come pixel tag, web bug o gif), URL di tracciamento o SDK (pacchetti di sviluppo per applicazioni). Un web beacon \u00e8 un piccolo oggetto grafico composto da un solo pixel che arriva sul computer dell\u2019utente come parte di una pagina web, di un&#8217;app, di una pubblicit\u00e0 o tramite un\u2019e-mail in formato HTML. I pixel possono essere usati per raccogliere informazioni sul dispositivo dell\u2019utente, per esempio la tipologia, il sistema operativo, l&#8217;indirizzo IP e l&#8217;ora della visita. Sono anche utilizzati per rilasciare e leggere cookie nel browser dell\u2019utente. Gli URL di tracciamento servono a stabilire da quale sito ha avuto origine la visita dell\u2019utente ad un particolare sito. Gli SDK sono infine delle piccole porzioni di codice incluse nelle app, che funzionano come i cookie e iweb beacon. Nella presente Cookie Policy con il termine \u2018cookie\u2019 si vuol far riferimento sia ai cookie, propriamente detti, sia a tutte le tecnologie similari.<\/p>\n<ol start=\"3\">\n<li><u> Classificazione di cookie<\/u><\/li>\n<\/ol>\n<p>I cookie possono essere di prima o di terza parte. I <strong>cookie di<\/strong> &#8220;<strong>prima parte<\/strong>&#8221; sono i cookie che riportano come dominio il sito a cui si riferiscono, mentre i <strong>cookie di<\/strong> &#8220;<strong>terza parte<\/strong>&#8221; sono i cookie che sono relativi a domini esterni. I cookie di terza parte sono sempre installati da un soggetto esterno, definito appunto come &#8220;terza parte&#8221;, e non gestito dal sito a cui si riferiscono. Tali soggetti possono installare anche cookie di prima parte, salvando sul dominio del sito a cui si riferiscono i propri cookie. Esistono inoltre i cosiddetti cookie &#8220;<strong>Flash cookie<\/strong>&#8221; (<em>Local Shared Objects<\/em>), utilizzati all&#8217;interno di Adobe Flash Player per erogare alcuni contenuti, come video clip o animazioni, in modo da ricordare le impostazioni e preferenze. I Flash cookie sono archiviati sul dispositivo dell\u2019utente, ma sono gestiti attraverso un\u2019interfaccia differente rispetto a quella fornita dal browser utilizzato. Relativamente alla natura dei cookie, ne esistono di diversi tipi: i <strong>cookie tecnici<\/strong> che sono quelli utilizzati al solo fine di &#8220;effettuare la trasmissione di una comunicazione su una rete di comunicazione elettronica, o nella misura strettamente necessaria al fornitore di un servizio della societ\u00e0 dell&#8217;informazione esplicitamente richiesto dall&#8217;abbonato o dall&#8217;utente a erogare tale servizio&#8221; (cfr. art. 122, comma 1, del Codice in materia di protezione dei dati personali d.lgs. 2003\/ 196, di seguito &#8220;il Codice della Privacy\u201d). Essi non vengono utilizzati per scopi ulteriori e sono normalmente installati direttamente dal titolare o gestore del sito web. Tali cookie tecnici possono a loro volta essere suddivisi in: (i) <strong>cookie di navigazione o di sessione<\/strong>, che garantiscono la normale navigazione e fruizione del sito web a cui si riferiscono (permettendo, ad esempio, di realizzare un acquisto o autenticarsi per accedere ad aree riservate); essi sono di fatto necessari per il corretto funzionamento del sito; (ii) <strong>cookie analytics<\/strong>, assimilati ai cookie tecnici se utilizzati direttamente dal gestore del sito per raccogliere informazioni, in forma aggregata, sul numero degli utenti e su come questi visitano il sito stesso, al fine di migliorare le performance del sito; (iii) <strong>cookie di funzionalit\u00e0<\/strong>, che permettono all&#8217;utente la navigazione in funzione di una serie di criteri selezionati (ad esempio, la lingua) al fine di migliorare il servizio reso allo stesso. <u>Per l&#8217;installazione di tali cookie non \u00e8 richiesto il preventivo consenso dell\u2019utente<\/u> il quale, quindi, \u00e8 libero di bloccare l&#8217;installazione dei cookie tecnici, modificando le impostazioni del proprio browser (si veda <em>infra <\/em>&#8220;Gestione dei cookie&#8221;). Occorre considerare, tuttavia, che, bloccando l&#8217;installazione dei cookie tecnici, o successivamente eliminando gli stessi, la possibilit\u00e0 di accedere al sito a cui si riferiscono, di usufruire in tutto o in parte dello stesso, di abilitare o disabilitare determinate funzioni o di ricevere determinati servizi potrebbe essere in tutto o in parte compromessa per l\u2019utente. Con riferimento alla natura dei cookie, oltre ai succitati cookie tecnici, esistono altres\u00ec i<strong> cookie di profilazione<\/strong>. Tali cookie di profilazione hanno la funzione di creare profili relativi all&#8217;utente e vengono utilizzati al fine di inviare messaggi pubblicitari in linea con le preferenze manifestate dallo stesso nell&#8217;ambito della navigazione in rete. <u>Per l&#8217;utilizzo dei cookie di profilazione \u00e8 richiesto il consenso dell&#8217;utente<\/u>. In particolare, l\u2019utente pu\u00f2 autorizzare o negare il consenso all&#8217;installazione dei cookie attraverso le opzioni fornite nella sezione a ci\u00f2 dedicata (si veda <em>infra <\/em>&#8220;Gestione dei cookie&#8221;). <u>In caso di cookie di terze parti<\/u>, il sito a cui si riferiscono non ha un controllo diretto dei singoli cookie e<u> non pu\u00f2 controllarli <\/u>(non pu\u00f2 n\u00e9 installarli direttamente n\u00e9 cancellarli). L\u2019utente pu\u00f2 in ogni caso gestire tali cookie attraverso le impostazioni del browser (si veda <em>infra <\/em>&#8220;Gestione dei cookie&#8221;) o direttamente attraverso le istruzioni indicate nel sito della terza parte.<\/p>\n<ol start=\"4\">\n<li><u> Cookie installati sul Sito di MAGIS &#8211;<\/u><u> Informativa.<\/u><\/li>\n<\/ol>\n<p>Di seguito l&#8217;elenco dei cookie presenti su questo Sito. I cookie di terze parti presentano il collegamento all&#8217;informativa della privacy del relativo fornitore esterno, dove \u00e8 possibile trovare una dettagliata descrizione dei singoli cookie e del trattamento che ne viene fatto. <u>Cookie di sistema<\/u> Il Sito utilizza cookie per garantire all&#8217;Utente una migliore esperienza di navigazione; tali cookie sono indispensabili per la fruizione corretta del Sito. L\u2019Utente pu\u00f2 disabilitare questi cookie dal browser seguendo le indicazioni nel paragrafo dedicato, ma comprometter\u00e0 la propria esperienza sul Sito e MAGIS non potr\u00e0 rispondere dei malfunzionamenti. <em>Facebook: <\/em>Facebook utilizza cookie per offrire all&#8217;Utente del Sito la funzionalit\u00e0 di condivisione e di \u201clike\u201d sulla propria bacheca. Per maggiori informazioni, consultare la pagina <a href=\"https:\/\/www.facebook.com\/about\/privacy\">https:\/\/www.facebook.com\/about\/privacy <\/a>\u00a0 <u>Cookie di profilazione <\/u> <em>Facebook: <\/em>Facebook installa sul Sito cookie per studiare e migliorare la pubblicit\u00e0, con azioni di <em>remarketing<\/em>, al fine di inviare all&#8217;Utente messaggi in linea con i propri interessi. Il <em>remarketing <\/em>aiuta a raggiungere gli Utenti che hanno visitato il Sito. Maggiori informazioni, anche in relazione alle modalit\u00e0 con le quali poter disattivare detti cookie, sono reperibili al seguente link: <a href=\"https:\/\/www.facebook.com\/policies\/cookies\/\">https:\/\/www.facebook.com\/policies\/cookies\/<\/a><\/p>\n<ol start=\"5\">\n<li><u> Durata dei cookie<\/u><\/li>\n<\/ol>\n<p>I cookie hanno una durata dettata dalla data di scadenza (o da un&#8217;azione specifica come la chiusura del browser) impostata al momento dell&#8217;installazione. I cookie possono essere: (i) temporanei o di sessione (<em>session cookie<\/em>); sono utilizzati per archiviare informazioni temporanee, consentono di collegare le azioni eseguite durante una sessione specifica e vengono rimossi dal computer alla chiusura del browser; (ii) permanenti (<em>persistent cookie<\/em>); sono utilizzati per archiviare informazioni, ad esempio il nome e la password di accesso, in modo da evitare che l&#8217;Utente debba digitarli nuovamente ogni volta che visita il Sito. I cookie permanenti rimangono memorizzati nel computer dell\u2019Utente anche dopo aver chiuso il browser.<\/p>\n<ol start=\"6\">\n<li><u> Gestione dei cookie<\/u><\/li>\n<\/ol>\n<p>In ottemperanza alle direttive del Codice della Privacy e, in particolare, agli artt. 13 e 122 e in riferimento al provvedimento di Individuazione delle modalit\u00e0 semplificate per l&#8217;informativa e l&#8217;acquisizione del consenso per l&#8217;uso dei cookie dell\u20198 maggio 2014, <u>l\u2019Utente pu\u00f2 modificare in qualsiasi momento il consenso ai cookie<\/u>. MAGIS terr\u00e0 opportuna traccia del\/dei consenso\/i dell\u2019Utente attraverso un apposito cookie tecnico, considerato dal Garante Privacy uno strumento \u201cnon particolarmente invasivo<u>\u201d. L\u2019Utente pu\u00f2 negare il suo consenso<\/u> e\/o modificare in ogni momento le proprie opzioni relative all\u2019uso dei cookie da parte del presente Sito, tramite accesso alla presente Informativa. \u00c8 possibile visitare il Sito anche senza i cookie. La maggior parte dei browser (Internet Explorer, Firefox, Chrome, ecc.) sono configurati per accettare i cookie automaticamente. I cookie memorizzati sul disco fisso del dispositivo dell\u2019Utente possono comunque essere cancellati ed \u00e8 inoltre possibile disabilitare i cookie seguendo le indicazioni fornite dai principali browser. La scelta di non far accettare cookie dal browser pu\u00f2 tuttavia limitare le funzioni accessibili sul Sito e MAGIS quindi non pu\u00f2 garantire la visualizzazione completa di tutte le pagine web o la fornitura di tutti i servizi qualora l\u2019Utente decida di non accettare i cookie. L\u2019Utente inoltre ha la facolt\u00e0 in qualsiasi momento di esercitare i diritti riconosciuti dall&#8217;art. 7 del D.Lgs. 196\/2003 ed, in particolare, tra gli altri, di ottenere copia dei dati trattati, il loro aggiornamento, la loro origine, la finalit\u00e0 e la modalit\u00e0 del trattamento, la loro rettifica o integrazione, la loro cancellazione, la trasformazione in forma anonima o il blocco per i trattamenti in violazione di legge e di opporsi per motivi legittimi al trattamento. <u>Per esercitare tali diritti, consultare la<\/u> <u>Privacy Policy<\/u> pubblicata su questo Sito. <u>Se \u00e8 gi\u00e0 stato dato il consenso ma si vogliono cambiare le autorizzazioni dei cookie<\/u>, bisogna cancellarli attraverso il browser. Si tenga presente, come gi\u00e0 sopra indicato, che non \u00e8 possibile in alcun modo controllare i cookie di terze parti, quindi se \u00e8 gi\u00e0 stato dato precedentemente il consenso, \u00e8 necessario procedere alla cancellazione dei cookie attraverso il browser oppure chiedendo l&#8217;<em>opt-out <\/em>direttamente alle terze parti. <u><\/u><\/p>\n<p>&nbsp;<\/p>\n","protected":false},"excerpt":{"rendered":"<p>COOKIE POLICY DEL SITO DI MAGIS MAGIS utilizza i cookie per rendere il proprio sito pi\u00f9 facile ed intuitivo. I dati raccolti grazie ai cookie servono per rendere l&#8217;esperienza di navigazione dell\u2019Utente pi\u00f9 soddisfacente e utile. Definizioni. Ai fini della presente Cookie Policy: \u201cMAGIS\u201d significa Magis S.p.A., societ\u00e0 di diritto italiano, con sede legale in&#8230;<\/p>\n","protected":false},"author":1,"featured_media":0,"parent":0,"menu_order":0,"comment_status":"closed","ping_status":"closed","template":"","meta":{"_acf_changed":false,"footnotes":""},"class_list":["post-19559","page","type-page","status-publish","hentry"],"acf":[],"_links":{"self":[{"href":"https:\/\/www.magisdesign.com\/it\/wp-json\/wp\/v2\/pages\/19559","targetHints":{"allow":["GET"]}}],"collection":[{"href":"https:\/\/www.magisdesign.com\/it\/wp-json\/wp\/v2\/pages"}],"about":[{"href":"https:\/\/www.magisdesign.com\/it\/wp-json\/wp\/v2\/types\/page"}],"author":[{"embeddable":true,"href":"https:\/\/www.magisdesign.com\/it\/wp-json\/wp\/v2\/users\/1"}],"replies":[{"embeddable":true,"href":"https:\/\/www.magisdesign.com\/it\/wp-json\/wp\/v2\/comments?post=19559"}],"version-history":[{"count":0,"href":"https:\/\/www.magisdesign.com\/it\/wp-json\/wp\/v2\/pages\/19559\/revisions"}],"wp:attachment":[{"href":"https:\/\/www.magisdesign.com\/it\/wp-json\/wp\/v2\/media?parent=19559"}],"curies":[{"name":"wp","href":"https:\/\/api.w.org\/{rel}","templated":true}]}}