{"id":19396,"date":"2015-01-08T16:07:28","date_gmt":"2015-01-08T16:07:28","guid":{"rendered":"http:\/\/magisdesing.com\/\/informativa-sulla-privacy\/"},"modified":"2019-10-10T07:24:52","modified_gmt":"2019-10-10T07:24:52","slug":"informativa-sulla-privacy","status":"publish","type":"page","link":"https:\/\/www.magisdesign.com\/it\/informativa-sulla-privacy\/","title":{"rendered":"informativa sulla privacy"},"content":{"rendered":"<p><strong>INFORMATIVA E DICHIARAZIONE DI CONSENSO AI SENSI DEL RE 679\/2016 <\/strong><\/p>\n<p><strong><em>Presentazione\u00a0\u00a0\u00a0\u00a0\u00a0\u00a0\u00a0\u00a0\u00a0\u00a0\u00a0\u00a0\u00a0\u00a0\u00a0\u00a0\u00a0\u00a0\u00a0\u00a0\u00a0\u00a0\u00a0\u00a0\u00a0\u00a0\u00a0\u00a0\u00a0\u00a0\u00a0\u00a0\u00a0\u00a0\u00a0\u00a0\u00a0\u00a0\u00a0\u00a0\u00a0\u00a0\u00a0\u00a0\u00a0\u00a0\u00a0\u00a0\u00a0\u00a0\u00a0\u00a0\u00a0\u00a0\u00a0\u00a0\u00a0\u00a0\u00a0\u00a0\u00a0\u00a0\u00a0\u00a0\u00a0\u00a0\u00a0\u00a0\u00a0\u00a0\u00a0\u00a0\u00a0\u00a0\u00a0\u00a0\u00a0\u00a0\u00a0\u00a0\u00a0\u00a0\u00a0\u00a0\u00a0\u00a0\u00a0\u00a0\u00a0\u00a0\u00a0\u00a0\u00a0\u00a0\u00a0\u00a0\u00a0\u00a0\u00a0\u00a0\u00a0\u00a0\u00a0\u00a0\u00a0\u00a0\u00a0\u00a0\u00a0\u00a0\u00a0\u00a0\u00a0\u00a0\u00a0\u00a0\u00a0\u00a0\u00a0\u00a0\u00a0\u00a0\u00a0\u00a0\u00a0\u00a0\u00a0\u00a0\u00a0\u00a0\u00a0\u00a0\u00a0\u00a0\u00a0\u00a0\u00a0\u00a0\u00a0\u00a0\u00a0\u00a0\u00a0\u00a0\u00a0\u00a0\u00a0\u00a0\u00a0\u00a0\u00a0\u00a0\u00a0\u00a0\u00a0\u00a0\u00a0\u00a0\u00a0\u00a0\u00a0\u00a0\u00a0\u00a0\u00a0\u00a0\u00a0\u00a0\u00a0\u00a0\u00a0\u00a0\u00a0\u00a0\u00a0\u00a0\u00a0\u00a0\u00a0\u00a0\u00a0\u00a0\u00a0\u00a0\u00a0\u00a0\u00a0\u00a0\u00a0\u00a0\u00a0\u00a0\u00a0\u00a0\u00a0\u00a0\u00a0\u00a0 <\/em><\/strong><\/p>\n<p>Gentile Signore\/a,<\/p>\n<p>Desideriamo informarLa che il RE 679\/2016 (&#8220;Regolamento europeo in materia di protezione dei dati personali&#8221;) prevede la tutela delle persone e di altri soggetti rispetto al trattamento dei dati personali. Secondo la normativa indicata, questo trattamento sar\u00e0 improntato ai principi di correttezza, liceit\u00e0 e trasparenza e di tutela della Sua riservatezza e dei Suoi diritti. Ai sensi dell&#8217;articolo 13 del RE 679\/2016, pertanto, La informiamo che:<\/p>\n<p><strong><em>Finalit\u00e0 del trattamento:<\/em><\/strong><\/p>\n<p>Nata nel 1976, Magis \u00e8 oggi un\u2019azienda di riferimento nel mondo del design, che mira a rendere accessibile a un\u2019ampia fascia di utilizzatori dei prodotti 100% Made in Italy e di alta qualit\u00e0 funzionale e tecnologica, sviluppati insieme ai protagonisti del design internazionale.<\/p>\n<p>I dati da Lei forniti verranno trattati per le seguenti finalit\u00e0:<\/p>\n<ul>\n<li>fornire prodotti con alto contenuto di design.<\/li>\n<li>Invio di newsletter e informazioni di marketing e commerciali quali a titolo di esempio: eventi, fiere, ecc.<\/li>\n<\/ul>\n<p><strong><em>Base giuridica del trattamento:<\/em><\/strong><\/p>\n<p>La base giuridica del trattamento dei Vs. dati personali si fonda sugli adempimenti degli obblighi contrattuali<\/p>\n<p><strong><em>Legittimi interessi perseguiti dal Titolare del trattamento:<\/em><\/strong><\/p>\n<p>I legittimi interessi perseguiti dal Titolare del trattamento nel trattamento dei dati \u00e8 data dal dover rispettare ed onorare le obbligazioni contrattuali sottoscritte tra le parti. Ai sensi dell\u2019art. 6 la liceit\u00e0 del trattamento si basa sul consenso manifestamente espresso da parte dell\u2019interessato, documentato in forma scritta.<\/p>\n<p><strong><em>Tempi di Conservazione<\/em><\/strong><\/p>\n<p>I dati da lei forniti, saranno conservati per il tempo necessario, che salvo diverse disposizioni di legge, potranno essere conservati fino ad un massimo di 3 anni dopo l\u2019espletamento dell\u2019incarico.<\/p>\n<p><strong><em>Esistenza di un processo decisionale automatizzato<\/em><\/strong><\/p>\n<p>Sono presenti processi decisionali automatizzati. L\u2019esito di invio di newsletter ed informazioni commerciali potr\u00e0 essere utilizzato per profilazioni digitali. In ogni caso, per questo tipo di attivit\u00e0, si richiede un ulteriore consenso.<\/p>\n<p><strong><em>Trasferimento dati presso paesi terzi<\/em><\/strong><\/p>\n<p>Magis per la sua attivit\u00e0 organizza e partecipa ad eventi, fiere. In questi casi i dati saranno trattati in maniera conforme al regolamento e non saranno divulgati a terzi.<\/p>\n<p><strong><em>Trattamento dati di Minori<\/em><\/strong><\/p>\n<p>Di norma non vengono raccolti e trattati dati di minori di 18 anni.<\/p>\n<p><strong><em>Modalit\u00e0 del trattamento:<\/em><\/strong><\/p>\n<p>I dati medesimi verranno trattati, nel rispetto della sicurezza e riservatezza necessarie, attraverso le seguenti modalit\u00e0: raccolta dei dati presso l\u2019interessato, raccolti e registrati per scopi determinati, espliciti e legittimi ed utilizzati in ulteriori operazioni di trattamento in termini compatibili con tali scopi, I dati verranno trattati principalmente con strumenti elettronici e informatici e memorizzati sia su supporti informatici che su supporti cartacei che su ogni altro tipo di supporto idoneo, nel rispetto di quanto previsto dal RE 679\/2016 in materia di misure adeguate di sicurezza.<\/p>\n<p><strong><em>Natura obbligatoria o facoltativa del conferimento dei dati e conseguenze di un eventuale rifiuto a rispondere:<\/em><\/strong><\/p>\n<p>Il conferimento dei dati \u00e8 facoltativo, in quanto si chiedono i soli dati essenziali per la formalizzazione di preventivi, offerte, accordi e contratti commerciali, il rifiuto, anche parziale, di fornire tali dati potrebbe comportare la mancata o parziale esecuzione dell\u2019accordo e\/o contratto. Per le attivit\u00e0 di marketing ed invio newsletter si richiede un ulteriore consenso.<\/p>\n<p><strong><em>Comunicazione dei dati a terzi:<\/em><\/strong><\/p>\n<p>Possono venire a conoscenza dei dati in questione in qualit\u00e0 di responsabili o nominati nostri collaboratori. La informiamo altres\u00ec che i dati a Lei riferibili potranno essere quindi comunicati per il correlato trattamento (sempre nel rispetto delle suddette misure di sicurezza e riservatezza) a:<\/p>\n<ul>\n<li>enti pubblici preposti (enti previdenziali, ministero delle finanze ecc..), enti accreditati;<\/li>\n<li>Studi professionali (commercialista, consulenti del lavoro, legale, assicurativo)<\/li>\n<li>Nostri partner e rivenditori<\/li>\n<\/ul>\n<p><strong><em>Titolare e Responsabile del trattamento:<\/em><\/strong><\/p>\n<p>Il titolare nonch\u00e9 responsabile del trattamento \u00e8: Alberto Perazza presso Magis Spa via Triestina Accesso E 30020 Torre di Mosto (Ve) Tel\/Fax 0421-319600\/0421-319700 P. IVA: 00475570263. E-mail: <a href=\"mailto:privacy@magisdesign.com\">privacy@magisdesign.com<\/a><\/p>\n<p>(Nomina DPO)<\/p>\n<p><strong><em>Esercizio dei diritti da parte dell\u2019interessato<\/em><\/strong><\/p>\n<p>Ai sensi degli articoli 13, comma 2, lettere (b) e (d), 15, 18, 19 e 21 del Regolamento, si informa l\u2019interessato che:<\/p>\n<ol>\n<li>a) egli ha il diritto di chiedere al Titolare del trattamento l&#8217;accesso ai dati personali, la rettifica o la cancellazione degli stessi o la limitazione del trattamento che lo riguardano o di opporsi al loro trattamento, nei casi previsti;<\/li>\n<li>b) egli ha il diritto di proporre un reclamo al Garante per la protezione dei dati personali, seguendo le procedure e le indicazioni pubblicate sul sito web ufficiale dell\u2019Autorit\u00e0 su www.garanteprivacy.it;<\/li>\n<li>c) le eventuali rettifiche o cancellazioni o limitazioni del trattamento effettuate su richiesta dell\u2019interessato &#8211; salvo che ci\u00f2 si riveli impossibile o implichi uno sforzo sproporzionato \u2013 saranno comunicate dal Titolare a ciascuno dei destinatari cui sono stati trasmessi i dati personali. Il Titolare potr\u00e0 comunicare all&#8217;interessato tali destinatari qualora l&#8217;interessato lo richieda.<\/li>\n<\/ol>\n<p>L\u2019esercizio dei diritti non \u00e8 soggetto ad alcun vincolo di forma ed \u00e8 gratuito. Per utilit\u00e0 gli articoli da 15 a 23 del Regolamento sono consultabili a questo link: <a href=\"http:\/\/eur-lex.europa.eu\/legal-content\/IT\/TXT\/HTML\/?uri=CELEX:32016R0679&amp;from=IT\">http:\/\/eur-lex.europa.eu\/legal-content\/IT\/TXT\/HTML\/?uri=CELEX:32016R0679&amp;from=IT<\/a><\/p>\n<p>&nbsp;<\/p>\n<p style=\"text-align: right;\">Magis spa<\/p>\n<p style=\"text-align: right;\">Il Presidente del CdA<\/p>\n<p style=\"text-align: right;\">Alberto Perazza<\/p>\n","protected":false},"excerpt":{"rendered":"<p>INFORMATIVA E DICHIARAZIONE DI CONSENSO AI SENSI DEL RE 679\/2016 Presentazione\u00a0\u00a0\u00a0\u00a0\u00a0\u00a0\u00a0\u00a0\u00a0\u00a0\u00a0\u00a0\u00a0\u00a0\u00a0\u00a0\u00a0\u00a0\u00a0\u00a0\u00a0\u00a0\u00a0\u00a0\u00a0\u00a0\u00a0\u00a0\u00a0\u00a0\u00a0\u00a0\u00a0\u00a0\u00a0\u00a0\u00a0\u00a0\u00a0\u00a0\u00a0\u00a0\u00a0\u00a0\u00a0\u00a0\u00a0\u00a0\u00a0\u00a0\u00a0\u00a0\u00a0\u00a0\u00a0\u00a0\u00a0\u00a0\u00a0\u00a0\u00a0\u00a0\u00a0\u00a0\u00a0\u00a0\u00a0\u00a0\u00a0\u00a0\u00a0\u00a0\u00a0\u00a0\u00a0\u00a0\u00a0\u00a0\u00a0\u00a0\u00a0\u00a0\u00a0\u00a0\u00a0\u00a0\u00a0\u00a0\u00a0\u00a0\u00a0\u00a0\u00a0\u00a0\u00a0\u00a0\u00a0\u00a0\u00a0\u00a0\u00a0\u00a0\u00a0\u00a0\u00a0\u00a0\u00a0\u00a0\u00a0\u00a0\u00a0\u00a0\u00a0\u00a0\u00a0\u00a0\u00a0\u00a0\u00a0\u00a0\u00a0\u00a0\u00a0\u00a0\u00a0\u00a0\u00a0\u00a0\u00a0\u00a0\u00a0\u00a0\u00a0\u00a0\u00a0\u00a0\u00a0\u00a0\u00a0\u00a0\u00a0\u00a0\u00a0\u00a0\u00a0\u00a0\u00a0\u00a0\u00a0\u00a0\u00a0\u00a0\u00a0\u00a0\u00a0\u00a0\u00a0\u00a0\u00a0\u00a0\u00a0\u00a0\u00a0\u00a0\u00a0\u00a0\u00a0\u00a0\u00a0\u00a0\u00a0\u00a0\u00a0\u00a0\u00a0\u00a0\u00a0\u00a0\u00a0\u00a0\u00a0\u00a0\u00a0\u00a0\u00a0\u00a0\u00a0\u00a0\u00a0\u00a0\u00a0\u00a0\u00a0\u00a0\u00a0\u00a0\u00a0\u00a0 Gentile Signore\/a, Desideriamo informarLa che il RE 679\/2016 (&#8220;Regolamento europeo in materia di protezione dei dati personali&#8221;) prevede la tutela delle persone e di altri soggetti rispetto al trattamento dei dati personali. Secondo la normativa indicata, questo trattamento sar\u00e0 improntato ai principi di correttezza,&#8230;<\/p>\n","protected":false},"author":1,"featured_media":0,"parent":0,"menu_order":0,"comment_status":"open","ping_status":"open","template":"","meta":{"_acf_changed":false,"footnotes":""},"class_list":["post-19396","page","type-page","status-publish","hentry"],"acf":[],"_links":{"self":[{"href":"https:\/\/www.magisdesign.com\/it\/wp-json\/wp\/v2\/pages\/19396","targetHints":{"allow":["GET"]}}],"collection":[{"href":"https:\/\/www.magisdesign.com\/it\/wp-json\/wp\/v2\/pages"}],"about":[{"href":"https:\/\/www.magisdesign.com\/it\/wp-json\/wp\/v2\/types\/page"}],"author":[{"embeddable":true,"href":"https:\/\/www.magisdesign.com\/it\/wp-json\/wp\/v2\/users\/1"}],"replies":[{"embeddable":true,"href":"https:\/\/www.magisdesign.com\/it\/wp-json\/wp\/v2\/comments?post=19396"}],"version-history":[{"count":0,"href":"https:\/\/www.magisdesign.com\/it\/wp-json\/wp\/v2\/pages\/19396\/revisions"}],"wp:attachment":[{"href":"https:\/\/www.magisdesign.com\/it\/wp-json\/wp\/v2\/media?parent=19396"}],"curies":[{"name":"wp","href":"https:\/\/api.w.org\/{rel}","templated":true}]}}