{"id":99105,"date":"2019-10-15T12:56:57","date_gmt":"2019-10-15T12:56:57","guid":{"rendered":"https:\/\/www.magisdesign.com\/site\/profil\/philosophy\/"},"modified":"2026-01-15T10:56:10","modified_gmt":"2026-01-15T10:56:10","slug":"philosophy","status":"publish","type":"page","link":"https:\/\/www.magisdesign.com\/fr\/profil\/philosophy\/","title":{"rendered":"Histoire"},"content":{"rendered":"\n<p>Magis est avant tout une histoire de famille, de passion pour le design et d&rsquo;envie d&rsquo;oser. Tout commence en 1976, lorsque Eugenio Perazza, entrepreneur visionnaire, d\u00e9cide de miser sur le design \u00e0 Motta di Livenza, alors petite ville agricole de V\u00e9n\u00e9tie.<\/p>\n\n\n\n<p>Son id\u00e9e est claire et ambitieuse : promouvoir la production industrielle en grande s\u00e9rie gr\u00e2ce \u00e0 l&rsquo;exp\u00e9rimentation continue de nouveaux langages, technologies et mat\u00e9riaux afin d&rsquo;offrir quelque chose \u00ab en plus \u00bb par rapport \u00e0 l&rsquo;ordinaire, comme le sugg\u00e8re le nom Magis, un mot latin qui signifie \u00ab plus \u00bb.<\/p>\n\n\n\n<p>Les ann\u00e9es ne sont pas faciles, mais Perazza ne cesse de croire en son r\u00eave. C&rsquo;est la passion qui guide la marque, qui, petit \u00e0 petit, brise les sch\u00e9mas de la tradition locale : le conventionnalisme et le scepticisme c\u00e8dent alors la place \u00e0 la nouvelle perspective de Magis.<\/p>\n\n\n\n<p><strong><em>\u00ab&nbsp;L\u2019esprit Magis&nbsp;\u00bb<\/em><\/strong><\/p>\n\n\n\n<p>Magis acc\u00e9l\u00e8re son expansion internationale, avec un objectif clair et pr\u00e9cis : red\u00e9finir les horizons du design \u00e0 travers l&rsquo;innovation et l&rsquo;exp\u00e9rimentation.<\/p>\n\n\n\n<p><strong>\u00ab Nous sommes une fabrique d&rsquo;artistes, car nous savons faire preuve de courage, d&rsquo;intuition et de cr\u00e9ativit\u00e9. \u00bb<\/strong><\/p>\n\n\n\n<p><\/p>\n\n\n<\/div>\n<div class=\"container-fluid  strange-grid\">\n\t\t<div\n                id=\"colonne-block_ed83649308522790fa668af7b2c72824\" class=\"colonne\"\n        >\n\t\t<div class=\"papion-colonne row\">\n\t\t \t\t\t\t<div class=\"colonna col-12 col-md-4\">\n\t\t\t<div class=\"image\">\n\t\t\t        \t<img loading=\"lazy\" decoding=\"async\" width=\"800\" height=\"800\" src=\"https:\/\/www.magisdesign.com\/wp-content\/uploads\/2019\/12\/IMG_4669-1-800x800.jpg\" class=\"attachment-quadrata size-quadrata\" alt=\"\" srcset=\"https:\/\/www.magisdesign.com\/wp-content\/uploads\/2019\/12\/IMG_4669-1-800x800.jpg 800w, https:\/\/www.magisdesign.com\/wp-content\/uploads\/2019\/12\/IMG_4669-1-150x150.jpg 150w, https:\/\/www.magisdesign.com\/wp-content\/uploads\/2019\/12\/IMG_4669-1-300x300.jpg 300w\" sizes=\"auto, (max-width: 800px) 100vw, 800px\" \/>    \t\t    \t\t\t\t\t<\/div>\n        \t\t\t\t<div class=\"image\">\n\t\t\t        \t<img loading=\"lazy\" decoding=\"async\" width=\"800\" height=\"800\" src=\"https:\/\/www.magisdesign.com\/wp-content\/uploads\/2019\/12\/STAND-VALENCIA-88-800x800.jpg\" class=\"attachment-quadrata size-quadrata\" alt=\"\" srcset=\"https:\/\/www.magisdesign.com\/wp-content\/uploads\/2019\/12\/STAND-VALENCIA-88-800x800.jpg 800w, https:\/\/www.magisdesign.com\/wp-content\/uploads\/2019\/12\/STAND-VALENCIA-88-150x150.jpg 150w, https:\/\/www.magisdesign.com\/wp-content\/uploads\/2019\/12\/STAND-VALENCIA-88-300x300.jpg 300w\" sizes=\"auto, (max-width: 800px) 100vw, 800px\" \/>    \t\t    \t\t\t\t\t<\/div>\n        \t\t\t<\/div>\n\t\t<div class=\"colonna col-12 col-md-4\">\n\t\t\t<div class=\"image\">\n\t\t\t        \t<img loading=\"lazy\" decoding=\"async\" width=\"800\" height=\"800\" src=\"https:\/\/www.magisdesign.com\/wp-content\/uploads\/2019\/12\/DEMI-MOORE-ON-A-RED-BOMBO-2006-800x800.jpg\" class=\"attachment-quadrata size-quadrata\" alt=\"\" srcset=\"https:\/\/www.magisdesign.com\/wp-content\/uploads\/2019\/12\/DEMI-MOORE-ON-A-RED-BOMBO-2006-800x800.jpg 800w, https:\/\/www.magisdesign.com\/wp-content\/uploads\/2019\/12\/DEMI-MOORE-ON-A-RED-BOMBO-2006-150x150.jpg 150w, https:\/\/www.magisdesign.com\/wp-content\/uploads\/2019\/12\/DEMI-MOORE-ON-A-RED-BOMBO-2006-300x300.jpg 300w\" sizes=\"auto, (max-width: 800px) 100vw, 800px\" \/>    \t\t    \t\t\t\t\t<\/div>\n        \t\t\t\t<div class=\"image\">\n\t\t\t        \t<img loading=\"lazy\" decoding=\"async\" width=\"499\" height=\"547\" src=\"https:\/\/www.magisdesign.com\/wp-content\/uploads\/2019\/12\/Bildschirmfoto-2019-12-12-um-14.51.17.png\" class=\"attachment-quadrata size-quadrata\" alt=\"\" srcset=\"https:\/\/www.magisdesign.com\/wp-content\/uploads\/2019\/12\/Bildschirmfoto-2019-12-12-um-14.51.17.png 499w, https:\/\/www.magisdesign.com\/wp-content\/uploads\/2019\/12\/Bildschirmfoto-2019-12-12-um-14.51.17-274x300.png 274w, https:\/\/www.magisdesign.com\/wp-content\/uploads\/2019\/12\/Bildschirmfoto-2019-12-12-um-14.51.17-338x370.png 338w, https:\/\/www.magisdesign.com\/wp-content\/uploads\/2019\/12\/Bildschirmfoto-2019-12-12-um-14.51.17-493x540.png 493w\" sizes=\"auto, (max-width: 499px) 100vw, 499px\" \/>    \t\t    \t\t\t\t\t<\/div>\n        \t\t\t<\/div>\n\t\t<div class=\"colonna col-12 col-md-4\">\n\t\t\t<div class=\"image\">\n\t\t\t        \t<img loading=\"lazy\" decoding=\"async\" width=\"523\" height=\"556\" src=\"https:\/\/www.magisdesign.com\/wp-content\/uploads\/2019\/12\/Bildschirmfoto-2019-12-12-um-14.55.12.png\" class=\"attachment-quadrata size-quadrata\" alt=\"\" srcset=\"https:\/\/www.magisdesign.com\/wp-content\/uploads\/2019\/12\/Bildschirmfoto-2019-12-12-um-14.55.12.png 523w, https:\/\/www.magisdesign.com\/wp-content\/uploads\/2019\/12\/Bildschirmfoto-2019-12-12-um-14.55.12-500x532.png 500w, https:\/\/www.magisdesign.com\/wp-content\/uploads\/2019\/12\/Bildschirmfoto-2019-12-12-um-14.55.12-282x300.png 282w, https:\/\/www.magisdesign.com\/wp-content\/uploads\/2019\/12\/Bildschirmfoto-2019-12-12-um-14.55.12-348x370.png 348w, https:\/\/www.magisdesign.com\/wp-content\/uploads\/2019\/12\/Bildschirmfoto-2019-12-12-um-14.55.12-508x540.png 508w\" sizes=\"auto, (max-width: 523px) 100vw, 523px\" \/>    \t\t    \t\t\t\t\t<\/div>\n        \t\t\t\t<div class=\"image\">\n\t\t\t        \t<img loading=\"lazy\" decoding=\"async\" width=\"800\" height=\"800\" src=\"https:\/\/www.magisdesign.com\/wp-content\/uploads\/2025\/10\/Magis_Toto_prodotto_01-800x800.jpg\" class=\"attachment-quadrata size-quadrata\" alt=\"\" srcset=\"https:\/\/www.magisdesign.com\/wp-content\/uploads\/2025\/10\/Magis_Toto_prodotto_01-800x800.jpg 800w, https:\/\/www.magisdesign.com\/wp-content\/uploads\/2025\/10\/Magis_Toto_prodotto_01-300x300.jpg 300w, https:\/\/www.magisdesign.com\/wp-content\/uploads\/2025\/10\/Magis_Toto_prodotto_01-1024x1024.jpg 1024w, https:\/\/www.magisdesign.com\/wp-content\/uploads\/2025\/10\/Magis_Toto_prodotto_01-150x150.jpg 150w, https:\/\/www.magisdesign.com\/wp-content\/uploads\/2025\/10\/Magis_Toto_prodotto_01-768x768.jpg 768w, https:\/\/www.magisdesign.com\/wp-content\/uploads\/2025\/10\/Magis_Toto_prodotto_01-1536x1536.jpg 1536w, https:\/\/www.magisdesign.com\/wp-content\/uploads\/2025\/10\/Magis_Toto_prodotto_01-540x540.jpg 540w, https:\/\/www.magisdesign.com\/wp-content\/uploads\/2025\/10\/Magis_Toto_prodotto_01-500x500.jpg 500w, https:\/\/www.magisdesign.com\/wp-content\/uploads\/2025\/10\/Magis_Toto_prodotto_01-700x700.jpg 700w, https:\/\/www.magisdesign.com\/wp-content\/uploads\/2025\/10\/Magis_Toto_prodotto_01.jpg 1740w\" sizes=\"auto, (max-width: 800px) 100vw, 800px\" \/>    \t\t    \t\t\t\t\t<\/div>\n        \t\t\t<\/div>\n\t\t\n            <\/div>\n        <\/div>\n        <\/div>\n<div class=\"wrapper\">\n\t\t\n\n\n<p>Les collaborations avec Andries Van Onck et Marc Berthier marquent un premier tournant important pour l&rsquo;entreprise. Des collaborations avec de jeunes talents du design voient ensuite le jour, marquant le d\u00e9but d&rsquo;une longue s\u00e9rie de succ\u00e8s.<\/p>\n\n\n\n<p>En 1994, Bottle, le porte-bouteilles empilable sign\u00e9 Jasper Morrison, fait son apparition : une ic\u00f4ne qui remporte des prix internationaux et entre dans les collections permanentes de mus\u00e9es tels que le MoMA de New York et le Victoria &amp; Albert Museum de Londres.<\/p>\n\n\n\n<p>En 1996, Barbara Minetto et Alberto Perazza rejoignent l&rsquo;entreprise, \u00e9largissant encore la vision de la marque.<\/p>\n\n\n\n<p>L&rsquo;ann\u00e9e suivante voit na\u00eetre Bombo de Stefano Giovannoni, le tabouret r\u00e9glable en hauteur destin\u00e9 \u00e0 devenir une v\u00e9ritable ic\u00f4ne de style, mais aussi l&rsquo;un des produits de design les plus imit\u00e9s de tous les temps.<\/p>\n\n\n\n<p>\u00c0 l&rsquo;aube des ann\u00e9es 2000, Magis entame le nouveau si\u00e8cle avec une r\u00e9volution technologique : na\u00eet Air-Chair, dessin\u00e9e par Jasper Morrison, la premi\u00e8re chaise monocoque en polypropyl\u00e8ne moul\u00e9 par la technologie du air-moulding. En 2003, c&rsquo;est au tour de Chair_One de Konstantin Grcic, une autre chaise qui r\u00e9volutionne le monde du design, cette fois en utilisant la technologie du moulage sous pression appliqu\u00e9e \u00e0 l&rsquo;aluminium.<\/p>\n\n\n\n<p><strong>\u00ab Nous sommes des gens qui avons la t\u00eate dans les nuages et les mains occup\u00e9es \u00e0 exp\u00e9rimenter. \u00bb<\/strong><\/p>\n\n\n\n<p>L&rsquo;exp\u00e9rimentation ne s&rsquo;arr\u00eate jamais. Magis ne se limite pas \u00e0 l&rsquo;innovation des mat\u00e9riaux, mais explore de nouvelles combinaisons, r\u00e9cup\u00e8re des techniques traditionnelles et valorise la culture du \u00ab bien fait \u00bb typique du meilleur design italien.<\/p>\n\n\n\n<p>En 2004, Magis fait son entr\u00e9e dans l&rsquo;univers des enfants. Grand-p\u00e8re Eugenio souhaite offrir \u00e0 sa petite-fille Anna une table \u00ab comme il faut \u00bb, mais il n&rsquo;en trouve pas qui lui convienne et d\u00e9cide alors de concevoir toute une ligne de design \u00e0 la fois pratique et \u00e9ducative. C&rsquo;est ainsi que na\u00eet Me Too, la premi\u00e8re collection de mobilier design vue \u00e0 travers les yeux des enfants, qui permet aux plus petits d&rsquo;exp\u00e9rimenter leur cr\u00e9ativit\u00e9 de mani\u00e8re simple et amusante, comme avec Puppy, le petit chien abstrait, con\u00e7u par Eero Aarnio, qui devient rapidement une ic\u00f4ne du design pour enfants qui pla\u00eet \u00e9galement aux adultes.<\/p>\n\n\n\n<p>En 2010, Magis d\u00e9m\u00e9nage dans ses nouveaux locaux de Torre di Mosto : plus de 98 000 m\u00b2 d\u00e9di\u00e9s \u00e0 la logistique, \u00e0 l&rsquo;assemblage, aux bureaux et \u00e0 un vaste showroom.<\/p>\n\n\n\n<p>Un an plus tard, deux autres succ\u00e8s voient le jour : Magis r\u00e9\u00e9dite la c\u00e9l\u00e8bre Proust de Mendini, symbole du re-design, dans une version d&rsquo;ext\u00e9rieur en poly\u00e9thyl\u00e8ne et remporte son deuxi\u00e8me Compasso d&rsquo;Oro avec Steelwood Chair (le premier a \u00e9t\u00e9 remport\u00e9 en 2008 avec Trioli d&rsquo;Eero Arnio), auquel s&rsquo;ajouteront ensuite quatre autres, en 2014 pour Spun, en 2020 le Compasso d&rsquo;Oro \u00e0 la carri\u00e8re d&rsquo;Eugenio Perazza, en 2022 pour Plato et en 2024 pour Costume, ainsi que de nombreux prix internationaux.<\/p>\n\n\n\n<p>Magis est toujours tourn\u00e9 vers l&rsquo;avenir et la durabilit\u00e9. Un engagement concret qui se traduit par des produits con\u00e7us pour durer dans le temps, comme la chaise Bell Chair de Konstantin Grcic (2020), le canap\u00e9 modulaire Costume de Stefan Diez (2021), fabriqu\u00e9s en polypropyl\u00e8ne recycl\u00e9, obtenu \u00e0 partir de d\u00e9chets de production, et recyclable, et les chaises RE Air-Chair et RE Air-Armchair (2023) en plastique 100 % post-consommation, issu du recyclage de poly\u00e9thyl\u00e8ne et d&#8217;emballages alimentaires \u00e0 usage unique.<\/p>\n\n\n\n<p>Depuis 2016, Magis est dirig\u00e9e par Alberto Perazza et est aujourd&rsquo;hui une r\u00e9alit\u00e9 internationale, pr\u00e9sente dans les maisons, les espaces publics, les grandes fournitures, mais aussi dans les collections permanentes des plus grands mus\u00e9es du monde.<\/p>\n\n\n\n<p>Une voix cr\u00e9ative, libre et curieuse, qui continue \u00e0 regarder vers l&rsquo;avenir et \u00e0 r\u00eaver de nouveaux horizons en mati\u00e8re de design.<\/p>\n","protected":false},"excerpt":{"rendered":"<p>Magis est avant tout une histoire de famille, de passion pour le design et d&rsquo;envie d&rsquo;oser. Tout commence en 1976, lorsque Eugenio Perazza, entrepreneur visionnaire, d\u00e9cide de miser sur le design \u00e0 Motta di Livenza, alors petite ville agricole de V\u00e9n\u00e9tie. Son id\u00e9e est claire et ambitieuse : promouvoir la production industrielle en grande s\u00e9rie&#8230;<\/p>\n","protected":false},"author":1,"featured_media":0,"parent":99087,"menu_order":1,"comment_status":"closed","ping_status":"closed","template":"","meta":{"_acf_changed":false,"footnotes":""},"class_list":["post-99105","page","type-page","status-publish","hentry"],"acf":[],"_links":{"self":[{"href":"https:\/\/www.magisdesign.com\/fr\/wp-json\/wp\/v2\/pages\/99105","targetHints":{"allow":["GET"]}}],"collection":[{"href":"https:\/\/www.magisdesign.com\/fr\/wp-json\/wp\/v2\/pages"}],"about":[{"href":"https:\/\/www.magisdesign.com\/fr\/wp-json\/wp\/v2\/types\/page"}],"author":[{"embeddable":true,"href":"https:\/\/www.magisdesign.com\/fr\/wp-json\/wp\/v2\/users\/1"}],"replies":[{"embeddable":true,"href":"https:\/\/www.magisdesign.com\/fr\/wp-json\/wp\/v2\/comments?post=99105"}],"version-history":[{"count":3,"href":"https:\/\/www.magisdesign.com\/fr\/wp-json\/wp\/v2\/pages\/99105\/revisions"}],"predecessor-version":[{"id":197321,"href":"https:\/\/www.magisdesign.com\/fr\/wp-json\/wp\/v2\/pages\/99105\/revisions\/197321"}],"up":[{"embeddable":true,"href":"https:\/\/www.magisdesign.com\/fr\/wp-json\/wp\/v2\/pages\/99087"}],"wp:attachment":[{"href":"https:\/\/www.magisdesign.com\/fr\/wp-json\/wp\/v2\/media?parent=99105"}],"curies":[{"name":"wp","href":"https:\/\/api.w.org\/{rel}","templated":true}]}}