{"id":99097,"date":"2019-10-15T12:57:25","date_gmt":"2019-10-15T12:57:25","guid":{"rendered":"https:\/\/www.magisdesign.com\/site\/profil\/responsibility\/"},"modified":"2025-12-23T11:17:41","modified_gmt":"2025-12-23T11:17:41","slug":"suistainability","status":"publish","type":"page","link":"https:\/\/www.magisdesign.com\/fr\/profil\/suistainability\/","title":{"rendered":"D\u00e9veloppement durable"},"content":{"rendered":"\n<p>\u00ab&nbsp;Stop \u00e0 la dictature du plastique&nbsp;\u00bb. Cela ressemble \u00e0 un slogan d\u2019actualit\u00e9. En r\u00e9alit\u00e9, il s&rsquo;agit d&rsquo;une mission affirm\u00e9e que Magis poursuit depuis le d\u00e9but des ann\u00e9es 2000.<\/p>\n\n\n\n<p>Exp\u00e9rimentation, bien-\u00eatre et d\u00e9veloppement durable&nbsp;: tels sont, en effet, nos principes guid\u00e9s \u00e0 la fois par l\u2019innovation et par le respect total de l&rsquo;homme et de l&rsquo;environnement.<\/p>\n\n\n\n<p>Une prise de conscience qui se traduit par la recherche de mat\u00e9riaux recyclables, biod\u00e9gradables et non toxiques. Mais aussi et surtout par l&rsquo;effort de choisir de nouvelles technologies qui r\u00e9duisent les d\u00e9chets et les mat\u00e9riaux utilis\u00e9s. Le tout \u00e0 travers un design \u00e9coresponsable capable de d\u00e9passer le temps et les modes.<\/p>\n\n\n\n<p>Un bon produit doit durer dans le temps.<\/p>\n\n\n\n<p>Telle est notre conception du d\u00e9veloppement durable.<\/p>\n\n\n<\/div>\n<div class=\"container-fluid  strange-grid\">\n\t\t<div\n                id=\"colonne-block_cc6b97c8172c644818373f9d2e285d11\" class=\"colonne\"\n        >\n\t\t<div class=\"papion-colonne row\">\n\t\t \t\t\t\t<div class=\"colonna col-12 col-md-4\">\n\t\t\t<div class=\"image\">\n\t\t\t        \t<img loading=\"lazy\" decoding=\"async\" width=\"800\" height=\"800\" src=\"https:\/\/www.magisdesign.com\/wp-content\/uploads\/2019\/12\/21-800x800.jpg\" class=\"attachment-quadrata size-quadrata\" alt=\"\" srcset=\"https:\/\/www.magisdesign.com\/wp-content\/uploads\/2019\/12\/21-800x800.jpg 800w, https:\/\/www.magisdesign.com\/wp-content\/uploads\/2019\/12\/21-150x150.jpg 150w, https:\/\/www.magisdesign.com\/wp-content\/uploads\/2019\/12\/21-300x300.jpg 300w\" sizes=\"auto, (max-width: 800px) 100vw, 800px\" \/>    \t\t    \t\t\t\t\t<\/div>\n        \t\t\t\t<div class=\"image\">\n\t\t\t        \t<img loading=\"lazy\" decoding=\"async\" width=\"800\" height=\"800\" src=\"https:\/\/www.magisdesign.com\/wp-content\/uploads\/2016\/09\/Magis_officina_production_04-800x800.jpg\" class=\"attachment-quadrata size-quadrata\" alt=\"\" srcset=\"https:\/\/www.magisdesign.com\/wp-content\/uploads\/2016\/09\/Magis_officina_production_04-800x800.jpg 800w, https:\/\/www.magisdesign.com\/wp-content\/uploads\/2016\/09\/Magis_officina_production_04-150x150.jpg 150w, https:\/\/www.magisdesign.com\/wp-content\/uploads\/2016\/09\/Magis_officina_production_04-300x300.jpg 300w\" sizes=\"auto, (max-width: 800px) 100vw, 800px\" \/>    \t\t    \t\t\t\t\t<\/div>\n        \t\t\t<\/div>\n\t\t<div class=\"colonna col-12 col-md-4\">\n\t\t\t<div class=\"image\">\n\t\t\t        \t<img loading=\"lazy\" decoding=\"async\" width=\"800\" height=\"800\" src=\"https:\/\/www.magisdesign.com\/wp-content\/uploads\/2019\/12\/EugenioPerazza-800x800.jpg\" class=\"attachment-quadrata size-quadrata\" alt=\"\" srcset=\"https:\/\/www.magisdesign.com\/wp-content\/uploads\/2019\/12\/EugenioPerazza-800x800.jpg 800w, https:\/\/www.magisdesign.com\/wp-content\/uploads\/2019\/12\/EugenioPerazza-150x150.jpg 150w, https:\/\/www.magisdesign.com\/wp-content\/uploads\/2019\/12\/EugenioPerazza-300x300.jpg 300w\" sizes=\"auto, (max-width: 800px) 100vw, 800px\" \/>    \t\t    \t\t\t\t\t<\/div>\n        \t\t\t\t<div class=\"image\">\n\t\t\t        \t<img loading=\"lazy\" decoding=\"async\" width=\"800\" height=\"800\" src=\"https:\/\/www.magisdesign.com\/wp-content\/uploads\/2018\/02\/Magis_brut_production_01-800x800.jpg\" class=\"attachment-quadrata size-quadrata\" alt=\"\" srcset=\"https:\/\/www.magisdesign.com\/wp-content\/uploads\/2018\/02\/Magis_brut_production_01-800x800.jpg 800w, https:\/\/www.magisdesign.com\/wp-content\/uploads\/2018\/02\/Magis_brut_production_01-150x150.jpg 150w, https:\/\/www.magisdesign.com\/wp-content\/uploads\/2018\/02\/Magis_brut_production_01-300x300.jpg 300w\" sizes=\"auto, (max-width: 800px) 100vw, 800px\" \/>    \t\t    \t\t\t\t\t<\/div>\n        \t\t\t<\/div>\n\t\t<div class=\"colonna col-12 col-md-4\">\n\t\t\t<div class=\"image\">\n\t\t\t        \t<img loading=\"lazy\" decoding=\"async\" width=\"790\" height=\"800\" src=\"https:\/\/www.magisdesign.com\/wp-content\/uploads\/2015\/01\/Magis_air_chair_production_01-790x800.jpg\" class=\"attachment-quadrata size-quadrata\" alt=\"\" \/>    \t\t    \t\t\t\t\t<\/div>\n        \t\t\t\t<div class=\"image\">\n\t\t\t        \t<img loading=\"lazy\" decoding=\"async\" width=\"800\" height=\"783\" src=\"https:\/\/www.magisdesign.com\/wp-content\/uploads\/2015\/01\/Magis_chair_one_production_01-800x783.jpg\" class=\"attachment-quadrata size-quadrata\" alt=\"\" \/>    \t\t    \t\t\t\t\t<\/div>\n        \t\t\t<\/div>\n\t\t\n            <\/div>\n        <\/div>\n        <\/div>\n<div class=\"wrapper\">\n\t\t\n\n\n<p>Donner de la dignit\u00e9 aux objets du quotidien est le d\u00e9fi entrepreneurial que nous cultivons depuis notre fondation en 1976, tout comme nos relations avec nos fournisseurs et nos collaborateurs privil\u00e9gi\u00e9s. Parce qu&rsquo;\u00eatre \u00e9coresponsable n&rsquo;est pas une question d&rsquo;image, c&rsquo;est dans l\u2019\u00e9thique et la continuit\u00e9 des choix que la durabilit\u00e9 peut exister tout au long de la cha\u00eene d&rsquo;approvisionnement.<\/p>\n\n\n\n<p>Nous sommes tous responsables de notre environnement, et Magis a d\u00e9cid\u00e9 d&rsquo;assumer cette responsabilit\u00e9 en optant pour un design intemporel qui vise l&rsquo;excellence et regarde toujours vers l\u2019avant.<\/p>\n\n\n\n<p>Chaque produit, chaque collection est con\u00e7ue autour de l&rsquo;homme et de l&rsquo;environnement, pour un bien-\u00eatre collectif et croissant. C&rsquo;est pourquoi il est important de cr\u00e9er des produits qui ne soient pas jetables, mais capables de nous accompagner dans le temps et d&rsquo;\u00eatre recycl\u00e9s une fois arriv\u00e9s en fin de vie.<\/p>\n\n\n\n<p>Nous avons \u00e9t\u00e9 parmi les premi\u00e8res entreprises \u00e0 rechercher des alternatives concr\u00e8tes au plastique, allant \u00e0 contre-courant du march\u00e9 lorsque ce dernier se ruait sur ce mat\u00e9riau. Mais soulignons que le plastique de bonne qualit\u00e9, m\u00eame s&rsquo;il ne provient pas de d\u00e9chets post-consommation peut, non seulement \u00eatre recyclable mais aussi durer de nombreuses ann\u00e9es, ce qui r\u00e9duit l&rsquo;impact environnemental \u00e0 court terme.<\/p>\n\n\n\n<p>Faire de la recherche et du d\u00e9veloppement, c&rsquo;est aussi exp\u00e9rimenter de nouveaux mat\u00e9riaux et r\u00e9cup\u00e9rer les anciens, dans l&rsquo;optique d&rsquo;une \u00e9conomie circulaire qui inclut de nouveaux processus industriels, de la production \u00e0 la logistique, \u00e0 faible impact environnemental.<\/p>\n\n\n\n<p>Promouvoir une \u00e9conomie circulaire, cela va m\u00eame jusqu\u2019\u00e0 entretenir des relations durables et de confiance avec les partenaires, en faisant du d\u00e9veloppement ensemble. Nous avons toujours privil\u00e9gi\u00e9 les jeunes talents et avec eux nous avons grandi et form\u00e9 une \u00e9quipe qui fait d\u00e9sormais partie de notre famille. Nous continuons \u00e0 parier sur les designers \u00e9mergents. Parce que nous sommes toujours \u00e0 la recherche de nouvelles id\u00e9es, de nouveaux langages, de m\u00e9thodes et de mat\u00e9riaux innovants. Pour r\u00e9pondre \u00e0 ce&nbsp;\u00ab&nbsp;plus&nbsp;\u00bb (Magis est une locution latine qui signifie \u00ab&nbsp;plus&nbsp;\u00bb) qui nous caract\u00e9rise en tant qu&rsquo;entreprise.<\/p>\n\n\n\n<p>D\u00e9veloppement durable et bien-\u00eatre vont de pair. Nous sommes une entreprise certifi\u00e9e ISO 9001:2000 et ISO 14001:2004\u00a0: nos produits ont r\u00e9ussi les tests europ\u00e9ens et nous avons obtenu diverses certifications internationales (telles que le label de qualit\u00e9 T\u00dcV S\u00dcD, la certification FSC<sup>\u00ae<\/sup> C123236 et la certification GreenGuard Gold).<\/p>\n\n\n\n<p>Nous sommes exigeants sur la qualit\u00e9 des mati\u00e8res premi\u00e8res et des processus de production et nous sommes tr\u00e8s rigoureux sur le respect de l&rsquo;environnement.<\/p>\n\n\n\n<p>Nous savons allier l&rsquo;esth\u00e9tique, l&rsquo;\u00e9thique et la po\u00e9tique \u00e0 l&rsquo;innovation pure&nbsp;: la qualit\u00e9 Magis est une valeur concr\u00e8te, en t\u00e9moignent les nombreuses certifications acquises par l&rsquo;entreprise.<\/p>\n\n\n\n<p>Acc\u00e9dez \u00e0 la page de t\u00e9l\u00e9chargement du <a href=\"https:\/\/www.magisdesign.com\/download-type\/catalogues\/\"><strong>Magis Sustainability document<\/strong><\/a>.<\/p>\n","protected":false},"excerpt":{"rendered":"<p>\u00ab&nbsp;Stop \u00e0 la dictature du plastique&nbsp;\u00bb. Cela ressemble \u00e0 un slogan d\u2019actualit\u00e9. En r\u00e9alit\u00e9, il s&rsquo;agit d&rsquo;une mission affirm\u00e9e que Magis poursuit depuis le d\u00e9but des ann\u00e9es 2000. Exp\u00e9rimentation, bien-\u00eatre et d\u00e9veloppement durable&nbsp;: tels sont, en effet, nos principes guid\u00e9s \u00e0 la fois par l\u2019innovation et par le respect total de l&rsquo;homme et de l&rsquo;environnement&#8230;.<\/p>\n","protected":false},"author":1,"featured_media":0,"parent":99087,"menu_order":2,"comment_status":"closed","ping_status":"closed","template":"","meta":{"_acf_changed":false,"footnotes":""},"class_list":["post-99097","page","type-page","status-publish","hentry"],"acf":[],"_links":{"self":[{"href":"https:\/\/www.magisdesign.com\/fr\/wp-json\/wp\/v2\/pages\/99097","targetHints":{"allow":["GET"]}}],"collection":[{"href":"https:\/\/www.magisdesign.com\/fr\/wp-json\/wp\/v2\/pages"}],"about":[{"href":"https:\/\/www.magisdesign.com\/fr\/wp-json\/wp\/v2\/types\/page"}],"author":[{"embeddable":true,"href":"https:\/\/www.magisdesign.com\/fr\/wp-json\/wp\/v2\/users\/1"}],"replies":[{"embeddable":true,"href":"https:\/\/www.magisdesign.com\/fr\/wp-json\/wp\/v2\/comments?post=99097"}],"version-history":[{"count":2,"href":"https:\/\/www.magisdesign.com\/fr\/wp-json\/wp\/v2\/pages\/99097\/revisions"}],"predecessor-version":[{"id":197114,"href":"https:\/\/www.magisdesign.com\/fr\/wp-json\/wp\/v2\/pages\/99097\/revisions\/197114"}],"up":[{"embeddable":true,"href":"https:\/\/www.magisdesign.com\/fr\/wp-json\/wp\/v2\/pages\/99087"}],"wp:attachment":[{"href":"https:\/\/www.magisdesign.com\/fr\/wp-json\/wp\/v2\/media?parent=99097"}],"curies":[{"name":"wp","href":"https:\/\/api.w.org\/{rel}","templated":true}]}}