{"id":99087,"date":"2019-10-15T12:55:51","date_gmt":"2019-10-15T12:55:51","guid":{"rendered":"https:\/\/www.magisdesign.com\/site\/profil\/"},"modified":"2026-01-14T13:47:20","modified_gmt":"2026-01-14T13:47:20","slug":"profil","status":"publish","type":"page","link":"https:\/\/www.magisdesign.com\/fr\/profil\/","title":{"rendered":"Profil"},"content":{"rendered":"\n<p>Une histoire faite de projets, de cr\u00e9ativit\u00e9 et d&rsquo;exp\u00e9rimentation continue. Depuis 1976. C&rsquo;est ce savoir-faire que Magis apporte au monde du design.<\/p>\n\n\n\n<p>N\u00e9e dans le nord de l&rsquo;Italie en tant qu&rsquo;entreprise familiale, gr\u00e2ce \u00e0 l&rsquo;ing\u00e9niosit\u00e9 du visionnaire Eugenio Perazza, Magis s&rsquo;est d\u00e9velopp\u00e9e pour devenir un v\u00e9ritable laboratoire de conception pour la maison, l&rsquo;ext\u00e9rieur, le bureau et la collectivit\u00e9, et est aujourd&rsquo;hui un acteur mondialement reconnu dans le domaine du design.<\/p>\n\n\n\n<p><strong>EXP\u00c9RIMENTER\u2026 PLUS&nbsp;&nbsp;&nbsp;&nbsp;&nbsp;&nbsp;&nbsp;&nbsp;&nbsp;&nbsp;&nbsp;&nbsp;&nbsp;&nbsp;&nbsp;&nbsp;&nbsp;&nbsp;&nbsp;&nbsp;&nbsp;&nbsp;&nbsp;&nbsp;&nbsp;&nbsp;&nbsp;&nbsp;&nbsp;&nbsp;&nbsp;&nbsp;&nbsp;&nbsp;&nbsp;&nbsp;&nbsp;&nbsp;&nbsp;&nbsp;&nbsp;&nbsp;&nbsp;&nbsp;&nbsp;&nbsp;&nbsp;&nbsp;&nbsp;&nbsp;&nbsp;&nbsp;&nbsp;&nbsp;&nbsp;&nbsp;&nbsp;&nbsp;&nbsp;&nbsp; <\/strong><strong><\/strong><\/p>\n\n\n\n<p>Magis est un mot latin qui signifie \u00ab plus \u00bb. C&rsquo;est pr\u00e9cis\u00e9ment de l\u00e0 que na\u00eet sa propension naturelle \u00e0 l&rsquo;exp\u00e9rimentation, pour \u00eatre davantage et faire davantage, pour aller au-del\u00e0 des fronti\u00e8res du design, comme le dit sa devise.<\/p>\n\n\n\n<p>Magis a toujours cru aux talents \u00e9mergents. Et c&rsquo;est avec beaucoup d&rsquo;entre eux, aujourd&rsquo;hui des noms reconnus sur la sc\u00e8ne internationale, qu&rsquo;elle a grandi et exp\u00e9riment\u00e9, c\u00f4te \u00e0 c\u00f4te. Jasper Morrison, Konstantin Grcic, Philippe Starck, Ronan &amp; Erwan Bouroullec, Thomas Heatherwick, Naoto Fukasawa, Marc Newson, ne sont que quelques-uns des designers qui font parti de la grande famille Magis.<\/p>\n\n\n\n<p><strong>INNOVER<\/strong><strong><\/strong><\/p>\n\n\n\n<p>Magis a une id\u00e9e concr\u00e8te du design, sans la peur d\u2019oser. La recherche constante de nouveaux langages, id\u00e9es et syst\u00e8mes de production guide l&rsquo;entreprise vers un design sans compromis, capable de durer dans le temps. Un design qui donne vie non seulement \u00e0 des produits industriels de qualit\u00e9, mais aussi \u00e0 des relations positives avec les collaborateurs, les clients et les partenaires.<\/p>\n\n\n\n<p>Une grande attention est accord\u00e9e \u00e0 la conception, au choix des mat\u00e9riaux, des technologies et des processus de production, qui varient en fonction de chaque projet. Le tout avec un regard tourn\u00e9 vers le pass\u00e9, dont Magis aime s&rsquo;inspirer, et un autre tourn\u00e9 vers un avenir durable, contemporain et intemporel.<\/p>\n\n\n\n<p>Le r\u00e9sultat est un design \u00e9clectique et polyvalent, qui s&rsquo;int\u00e8gre dans les maisons, anime les espaces publics, trouve sa place dans les collections permanentes de plus de 35 mus\u00e9es \u00e0 travers le monde et a remport\u00e9 une centaine des prix les plus prestigieux, dont six Compasso d&rsquo;Oro ADI, la plus ancienne et la plus prestigieuse r\u00e9compense internationale en mati\u00e8re de design.<\/p>\n\n\n<\/div>\n<div class=\"container-fluid  strange-grid\">\n\t\t<div\n                id=\"colonne-block_1c38c21fb3fc717859b76028acf7d31b\" class=\"colonne\"\n        >\n\t\t<div class=\"papion-colonne row\">\n\t\t \t\t\t\t<div class=\"colonna col-12 col-md-4\">\n\t\t\t<div class=\"image\">\n\t\t\t        \t<img loading=\"lazy\" decoding=\"async\" width=\"800\" height=\"800\" src=\"https:\/\/www.magisdesign.com\/wp-content\/uploads\/2019\/12\/Magis_company_warehouse_01-800x800.jpg\" class=\"attachment-quadrata size-quadrata\" alt=\"\" srcset=\"https:\/\/www.magisdesign.com\/wp-content\/uploads\/2019\/12\/Magis_company_warehouse_01-800x800.jpg 800w, https:\/\/www.magisdesign.com\/wp-content\/uploads\/2019\/12\/Magis_company_warehouse_01-150x150.jpg 150w, https:\/\/www.magisdesign.com\/wp-content\/uploads\/2019\/12\/Magis_company_warehouse_01-300x300.jpg 300w\" sizes=\"auto, (max-width: 800px) 100vw, 800px\" \/>    \t\t    \t\t\t\t\t<\/div>\n        \t\t\t\t<div class=\"image\">\n\t\t\t        \t<img loading=\"lazy\" decoding=\"async\" width=\"800\" height=\"800\" src=\"https:\/\/www.magisdesign.com\/wp-content\/uploads\/2023\/07\/Magis_building_outdoor_02-800x800.jpg\" class=\"attachment-quadrata size-quadrata\" alt=\"\" srcset=\"https:\/\/www.magisdesign.com\/wp-content\/uploads\/2023\/07\/Magis_building_outdoor_02-800x800.jpg 800w, https:\/\/www.magisdesign.com\/wp-content\/uploads\/2023\/07\/Magis_building_outdoor_02-300x300.jpg 300w, https:\/\/www.magisdesign.com\/wp-content\/uploads\/2023\/07\/Magis_building_outdoor_02-1024x1024.jpg 1024w, https:\/\/www.magisdesign.com\/wp-content\/uploads\/2023\/07\/Magis_building_outdoor_02-150x150.jpg 150w, https:\/\/www.magisdesign.com\/wp-content\/uploads\/2023\/07\/Magis_building_outdoor_02-768x768.jpg 768w, https:\/\/www.magisdesign.com\/wp-content\/uploads\/2023\/07\/Magis_building_outdoor_02-1536x1536.jpg 1536w, https:\/\/www.magisdesign.com\/wp-content\/uploads\/2023\/07\/Magis_building_outdoor_02-540x540.jpg 540w, https:\/\/www.magisdesign.com\/wp-content\/uploads\/2023\/07\/Magis_building_outdoor_02-500x500.jpg 500w, https:\/\/www.magisdesign.com\/wp-content\/uploads\/2023\/07\/Magis_building_outdoor_02-700x700.jpg 700w, https:\/\/www.magisdesign.com\/wp-content\/uploads\/2023\/07\/Magis_building_outdoor_02.jpg 1740w\" sizes=\"auto, (max-width: 800px) 100vw, 800px\" \/>    \t\t    \t\t\t\t\t<\/div>\n        \t\t\t<\/div>\n\t\t<div class=\"colonna col-12 col-md-4\">\n\t\t\t<div class=\"image\">\n\t\t\t        \t<img loading=\"lazy\" decoding=\"async\" width=\"800\" height=\"800\" src=\"https:\/\/www.magisdesign.com\/wp-content\/uploads\/2019\/12\/Magis_company_office_01-800x800.jpg\" class=\"attachment-quadrata size-quadrata\" alt=\"\" srcset=\"https:\/\/www.magisdesign.com\/wp-content\/uploads\/2019\/12\/Magis_company_office_01-800x800.jpg 800w, https:\/\/www.magisdesign.com\/wp-content\/uploads\/2019\/12\/Magis_company_office_01-500x500.jpg 500w, https:\/\/www.magisdesign.com\/wp-content\/uploads\/2019\/12\/Magis_company_office_01-700x700.jpg 700w, https:\/\/www.magisdesign.com\/wp-content\/uploads\/2019\/12\/Magis_company_office_01-300x300.jpg 300w, https:\/\/www.magisdesign.com\/wp-content\/uploads\/2019\/12\/Magis_company_office_01-370x370.jpg 370w, https:\/\/www.magisdesign.com\/wp-content\/uploads\/2019\/12\/Magis_company_office_01-150x150.jpg 150w, https:\/\/www.magisdesign.com\/wp-content\/uploads\/2019\/12\/Magis_company_office_01-768x768.jpg 768w, https:\/\/www.magisdesign.com\/wp-content\/uploads\/2019\/12\/Magis_company_office_01-1536x1536.jpg 1536w, https:\/\/www.magisdesign.com\/wp-content\/uploads\/2019\/12\/Magis_company_office_01-540x540.jpg 540w, https:\/\/www.magisdesign.com\/wp-content\/uploads\/2019\/12\/Magis_company_office_01.jpg 1740w\" sizes=\"auto, (max-width: 800px) 100vw, 800px\" \/>    \t\t    \t\t\t\t\t<\/div>\n        \t\t\t\t<div class=\"image\">\n\t\t\t        \t<img loading=\"lazy\" decoding=\"async\" width=\"800\" height=\"800\" src=\"https:\/\/www.magisdesign.com\/wp-content\/uploads\/2019\/12\/Magis_chair_one_process_06-800x800.jpg\" class=\"attachment-quadrata size-quadrata\" alt=\"\" srcset=\"https:\/\/www.magisdesign.com\/wp-content\/uploads\/2019\/12\/Magis_chair_one_process_06-800x800.jpg 800w, https:\/\/www.magisdesign.com\/wp-content\/uploads\/2019\/12\/Magis_chair_one_process_06-500x500.jpg 500w, https:\/\/www.magisdesign.com\/wp-content\/uploads\/2019\/12\/Magis_chair_one_process_06-700x700.jpg 700w, https:\/\/www.magisdesign.com\/wp-content\/uploads\/2019\/12\/Magis_chair_one_process_06-300x300.jpg 300w, https:\/\/www.magisdesign.com\/wp-content\/uploads\/2019\/12\/Magis_chair_one_process_06-370x370.jpg 370w, https:\/\/www.magisdesign.com\/wp-content\/uploads\/2019\/12\/Magis_chair_one_process_06-150x150.jpg 150w, https:\/\/www.magisdesign.com\/wp-content\/uploads\/2019\/12\/Magis_chair_one_process_06-768x768.jpg 768w, https:\/\/www.magisdesign.com\/wp-content\/uploads\/2019\/12\/Magis_chair_one_process_06-1536x1536.jpg 1536w, https:\/\/www.magisdesign.com\/wp-content\/uploads\/2019\/12\/Magis_chair_one_process_06-540x540.jpg 540w, https:\/\/www.magisdesign.com\/wp-content\/uploads\/2019\/12\/Magis_chair_one_process_06.jpg 1740w\" sizes=\"auto, (max-width: 800px) 100vw, 800px\" \/>    \t\t    \t\t\t\t\t<\/div>\n        \t\t\t<\/div>\n\t\t<div class=\"colonna col-12 col-md-4\">\n\t\t\t<div class=\"image\">\n\t\t\t        \t<img loading=\"lazy\" decoding=\"async\" width=\"800\" height=\"800\" src=\"https:\/\/www.magisdesign.com\/wp-content\/uploads\/2023\/07\/Magis_showroom_torre-di-mosto-1-800x800.jpg\" class=\"attachment-quadrata size-quadrata\" alt=\"\" srcset=\"https:\/\/www.magisdesign.com\/wp-content\/uploads\/2023\/07\/Magis_showroom_torre-di-mosto-1-800x800.jpg 800w, https:\/\/www.magisdesign.com\/wp-content\/uploads\/2023\/07\/Magis_showroom_torre-di-mosto-1-300x300.jpg 300w, https:\/\/www.magisdesign.com\/wp-content\/uploads\/2023\/07\/Magis_showroom_torre-di-mosto-1-1024x1024.jpg 1024w, https:\/\/www.magisdesign.com\/wp-content\/uploads\/2023\/07\/Magis_showroom_torre-di-mosto-1-150x150.jpg 150w, https:\/\/www.magisdesign.com\/wp-content\/uploads\/2023\/07\/Magis_showroom_torre-di-mosto-1-768x768.jpg 768w, https:\/\/www.magisdesign.com\/wp-content\/uploads\/2023\/07\/Magis_showroom_torre-di-mosto-1-1536x1536.jpg 1536w, https:\/\/www.magisdesign.com\/wp-content\/uploads\/2023\/07\/Magis_showroom_torre-di-mosto-1-540x540.jpg 540w, https:\/\/www.magisdesign.com\/wp-content\/uploads\/2023\/07\/Magis_showroom_torre-di-mosto-1-500x500.jpg 500w, https:\/\/www.magisdesign.com\/wp-content\/uploads\/2023\/07\/Magis_showroom_torre-di-mosto-1-700x700.jpg 700w, https:\/\/www.magisdesign.com\/wp-content\/uploads\/2023\/07\/Magis_showroom_torre-di-mosto-1.jpg 1740w\" sizes=\"auto, (max-width: 800px) 100vw, 800px\" \/>    \t\t    \t\t\t\t\t<\/div>\n        \t\t\t\t<div class=\"image\">\n\t\t\t        \t<img loading=\"lazy\" decoding=\"async\" width=\"800\" height=\"800\" src=\"https:\/\/www.magisdesign.com\/wp-content\/uploads\/2019\/12\/Magis_company_entrance_01-1-800x800.jpg\" class=\"attachment-quadrata size-quadrata\" alt=\"\" srcset=\"https:\/\/www.magisdesign.com\/wp-content\/uploads\/2019\/12\/Magis_company_entrance_01-1-800x800.jpg 800w, https:\/\/www.magisdesign.com\/wp-content\/uploads\/2019\/12\/Magis_company_entrance_01-1-150x150.jpg 150w, https:\/\/www.magisdesign.com\/wp-content\/uploads\/2019\/12\/Magis_company_entrance_01-1-300x300.jpg 300w\" sizes=\"auto, (max-width: 800px) 100vw, 800px\" \/>    \t\t    \t\t\t\t\t<\/div>\n        \t\t\t<\/div>\n\t\t\n            <\/div>\n        <\/div>\n        <\/div>\n<div class=\"wrapper\">\n\t\t\n\n\n<p><strong>MADE IN ITALY<\/strong><strong><\/strong><\/p>\n\n\n\n<p>Pour Magis, une id\u00e9e ne doit pas seulement \u00eatre une \u00ab bonne \u00bb id\u00e9e, elle doit \u00e9galement satisfaire \u00e0 des crit\u00e8res esth\u00e9tiques et fonctionnels, aujourd&rsquo;hui comme demain, et surtout raconter une histoire, celle de Magis.<\/p>\n\n\n\n<p>Une histoire qui prend forme en Italie, dans le respect des normes les plus \u00e9lev\u00e9es du Made in Italy. Les racines de l&rsquo;entreprise se trouvent en effet \u00e0 Motta di Livenza, un petit village au c\u0153ur de la V\u00e9n\u00e9tie. C&rsquo;est l\u00e0 qu&rsquo;est n\u00e9 le d\u00e9fi du design et le d\u00e9sir de cr\u00e9er un lieu de cr\u00e9ativit\u00e9 authentique, qui a depuis 2010 un nouveau si\u00e8ge, \u00e0 Torre di Mosto.<\/p>\n\n\n\n<p><\/p>\n","protected":false},"excerpt":{"rendered":"<p>Une histoire faite de projets, de cr\u00e9ativit\u00e9 et d&rsquo;exp\u00e9rimentation continue. Depuis 1976. C&rsquo;est ce savoir-faire que Magis apporte au monde du design. N\u00e9e dans le nord de l&rsquo;Italie en tant qu&rsquo;entreprise familiale, gr\u00e2ce \u00e0 l&rsquo;ing\u00e9niosit\u00e9 du visionnaire Eugenio Perazza, Magis s&rsquo;est d\u00e9velopp\u00e9e pour devenir un v\u00e9ritable laboratoire de conception pour la maison, l&rsquo;ext\u00e9rieur, le bureau&#8230;<\/p>\n","protected":false},"author":1,"featured_media":0,"parent":0,"menu_order":1,"comment_status":"closed","ping_status":"closed","template":"","meta":{"_acf_changed":false,"footnotes":""},"class_list":["post-99087","page","type-page","status-publish","hentry"],"acf":[],"_links":{"self":[{"href":"https:\/\/www.magisdesign.com\/fr\/wp-json\/wp\/v2\/pages\/99087","targetHints":{"allow":["GET"]}}],"collection":[{"href":"https:\/\/www.magisdesign.com\/fr\/wp-json\/wp\/v2\/pages"}],"about":[{"href":"https:\/\/www.magisdesign.com\/fr\/wp-json\/wp\/v2\/types\/page"}],"author":[{"embeddable":true,"href":"https:\/\/www.magisdesign.com\/fr\/wp-json\/wp\/v2\/users\/1"}],"replies":[{"embeddable":true,"href":"https:\/\/www.magisdesign.com\/fr\/wp-json\/wp\/v2\/comments?post=99087"}],"version-history":[{"count":2,"href":"https:\/\/www.magisdesign.com\/fr\/wp-json\/wp\/v2\/pages\/99087\/revisions"}],"predecessor-version":[{"id":197290,"href":"https:\/\/www.magisdesign.com\/fr\/wp-json\/wp\/v2\/pages\/99087\/revisions\/197290"}],"wp:attachment":[{"href":"https:\/\/www.magisdesign.com\/fr\/wp-json\/wp\/v2\/media?parent=99087"}],"curies":[{"name":"wp","href":"https:\/\/api.w.org\/{rel}","templated":true}]}}