{"id":19562,"date":"2018-05-24T07:41:02","date_gmt":"2018-05-24T07:41:02","guid":{"rendered":"http:\/\/magisdesing.com\/\/en-fr\/"},"modified":"2019-08-28T13:34:58","modified_gmt":"2019-08-28T13:34:58","slug":"cookie-policy","status":"publish","type":"page","link":"https:\/\/www.magisdesign.com\/fr\/cookie-policy\/","title":{"rendered":"Cookie Policy"},"content":{"rendered":"<p><u>POLITIQUE D\u2019UTILISATION DES COOKIES DU SITE DE MAGIS<\/u><\/p>\n<p>MAGIS utilise des cookies pour rendre son site plus facile \u00e0 utiliser et intuitif. Les donn\u00e9es collect\u00e9es gr\u00e2ce aux cookies servent \u00e0 rendre l\u2019exp\u00e9rience de navigation de l\u2019utilisateur plus satisfaisante et utile.<\/p>\n<ol>\n<li><u>D\u00e9finitions<\/u>.<\/li>\n<\/ol>\n<p>Dans le cadre de notre Politique d\u2019utilisation des cookies\u00a0: \u00ab\u00a0MAGIS\u00a0\u00bb signifie Magis S.p.A., soci\u00e9t\u00e9 de droit italien, ayant son si\u00e8ge social Z.I. Ponte Tezze \u2013 via Triestina accesso E \u2013 30020 Torre di Mosto (VE) Italie. \u00ab\u00a0Utilisateur\u00a0\u00bb signifie la personne qui acc\u00e8de \u00e0 notre Site et\/ou interagit avec n\u2019importe quel service web qui y est fourni par MAGIS. \u00ab\u00a0Site\u00a0\u00bb signifie le pr\u00e9sent site web http:\/\/www.magisdesign.com. Notre Politique d\u2019utilisation des cookies se r\u00e9f\u00e8re exclusivement au Site officiel de MAGIS et pas \u00e0 d\u2019autres sites Web \u00e9ventuellement consultables par l\u2019Utilisateur \u00e0 travers des liens existant sur le pr\u00e9sent Site ou d\u2019une autre mani\u00e8re.<\/p>\n<p><u>2.Que sont les cookies ?<\/u><\/p>\n<p>Les cookies sont de courts fragments de texte (lettres et\/ou chiffres) que les sites visit\u00e9s par l\u2019utilisateur envoient au dispositif de ce dernier (g\u00e9n\u00e9ralement au navigateur), o\u00f9 ils sont stock\u00e9s pour \u00eatre ensuite retransmis aux m\u00eames sites lors de la visite suivante du m\u00eame utilisateur. Les cookies sont stock\u00e9s par chaque navigateur sur le dispositif sp\u00e9cifique utilis\u00e9 (ordinateur, tablette, smartphone) selon les pr\u00e9f\u00e9rences de l\u2019utilisateur. Un cookie ne peut rappeler aucune autre donn\u00e9e du disque dur de l\u2019utilisateur ni transmettre des virus informatiques ou acqu\u00e9rir des adresses e-mail. Certaines des fonctions des cookies peuvent \u00eatre assur\u00e9es par d\u2019autres technologies. Parmi celles-ci, les \u00ab\u00a0web beacons\u00a0\u00bb (connus aussi comme pixel tag, web bug ou gif), les URL de suivi ou les SDK (kits de d\u00e9veloppement logiciel pour applications). Un web beacon est un petit objet graphique compos\u00e9 d\u2019un seul pixel qui arrive dans l\u2019ordinateur de l\u2019utilisateur comme partie d\u2019une page web, d\u2019une appli, d\u2019une publicit\u00e9 ou par le biais d\u2019un mail au format HTML. Les pixels peuvent \u00eatre utilis\u00e9s pour collecter des informations sur le dispositif de l\u2019utilisateur, par exemple la typologie, le syst\u00e8me d\u2019exploitation, l\u2019adresse IP et l\u2019heure de la visite. Ils sont utilis\u00e9s \u00e9galement pour placer et lire des cookies dans le navigateur de l\u2019utilisateur. Les URL de suivi servent \u00e0 \u00e9tablir \u00e0 partir de quel site r\u00e9f\u00e9rent l\u2019utilisateur a acc\u00e9d\u00e9 \u00e0 un site particulier. Les SDK sont enfin des petites portions de code incluses dans les applications, qui fonctionnent comme les cookies et les web beacons. Dans notre Politique d\u2019utilisation des cookies, le terme \u00ab\u00a0cookie\u00a0\u00bb se r\u00e9f\u00e8re aussi bien aux cookies proprement dits qu\u2019\u00e0 toutes les technologies similaires.<\/p>\n<p><u>3.Classification des cookies<\/u><\/p>\n<p>Les cookies peuvent \u00eatre internes ou tiers. Les cookies \u00ab\u00a0internes\u00a0\u00bb sont les cookies qui ont comme domaine le site auquel ils se r\u00e9f\u00e8rent tandis que les cookies \u00ab\u00a0tiers\u00a0\u00bb sont les cookies relatifs \u00e0 des domaines ext\u00e9rieurs. Les cookies tiers sont toujours install\u00e9s par une entit\u00e9 ext\u00e9rieure, d\u00e9finie pr\u00e9cis\u00e9ment comme \u00ab\u00a0partie tierce\u00a0\u00bb, et non g\u00e9r\u00e9e par le site auquel ils se r\u00e9f\u00e8rent. Ces entit\u00e9s peuvent installer aussi des cookies internes en enregistrant sur le domaine du site auquel se r\u00e9f\u00e8rent leurs propres cookies. Il existe \u00e9galement des \u00ab\u00a0Flash cookies\u00a0\u00bb ou objets locaux partag\u00e9s (Local Shared Objects), utilis\u00e9s \u00e0 l\u2019int\u00e9rieur d\u2019Adobe Flash Player pour fournir certains contenus, comme des clips vid\u00e9o ou des animations, de mani\u00e8re \u00e0 rappeler les r\u00e9glages et les pr\u00e9f\u00e9rences. Les Flash cookies sont stock\u00e9s sur le dispositif de l\u2019utilisateur, mais sont g\u00e9r\u00e9s \u00e0 travers une interface diff\u00e9rente par rapport \u00e0 celle qui est fournie par le navigateur utilis\u00e9. Concernant la nature des cookie, il en existe de diff\u00e9rents types\u00a0: les cookies techniques qui sont utilis\u00e9s dans le seul but d\u2019\u00ab\u00a0effectuer la transmission d\u2019une communication sur un r\u00e9seau de communication \u00e9lectronique, ou dans la mesure strictement n\u00e9cessaire pour le fournisseur d\u2019un service de la soci\u00e9t\u00e9 de l\u2019information explicitement demand\u00e9 par l\u2019abonn\u00e9 ou l\u2019utilisateur de fournir ce service\u00a0\u00bb (cf. art. 122, alin\u00e9a 1, du Code italien en mati\u00e8re de protection des donn\u00e9es \u00e0 caract\u00e8re personnel, d\u00e9cret\u00a0 l\u00e9gislatif n\u00b0 196\/2003). Ils ne sont pas utilis\u00e9s dans d\u2019autres buts et sont normalement install\u00e9s directement par le responsable ou le g\u00e9rant du site web. \u00c0 leur tour, ces cookies techniques peuvent \u00eatre subdivis\u00e9s en\u00a0: (i) cookies de navigation ou de session, qui garantissent la navigation normale et l\u2019exploitation du site web (en permettant, par exemple, de faire un achat ou de s\u2019identifier pour acc\u00e9der \u00e0 des sections r\u00e9serv\u00e9es)\u00a0; ils sont de fait n\u00e9cessaires pour le fonctionnement correct du site\u00a0; (ii) cookies analytiques, assimil\u00e9s aux cookies techniques s\u2019ils sont utilis\u00e9s directement par le g\u00e9rant du site pour collecter des informations, sous une forme globale, sur le nombre d\u2019utilisateurs et sur comment ceux-ci naviguent dans le site, afin d\u2019am\u00e9liorer les performances du site\u00a0; (iii) cookies de fonctionnalit\u00e9, qui permettent la navigation en fonction d\u2019une s\u00e9rie de crit\u00e8res s\u00e9lectionn\u00e9s (par exemple, la langue) afin d\u2019am\u00e9liorer le service fourni par le site. <u>Pour l\u2019installation de ces cookies le consentement pr\u00e9alable de l\u2019utilisateur n\u2019est pas n\u00e9cessaire<\/u>, ce dernier est donc libre de bloquer l\u2019installation des cookies techniques, en modifiant les r\u00e9glages de son navigateur (voir ci-dessous \u00ab\u00a0Gestion des cookies\u00a0\u00bb). Il faut consid\u00e9rer, toutefois, que le fait de bloquer l\u2019installation des cookies techniques, ou dans un second temps de les \u00e9liminer, pourrait compromettre, partiellement ou compl\u00e8tement, la possibilit\u00e9 pour l\u2019utilisateur d\u2019acc\u00e9der au site auquel ils se r\u00e9f\u00e8rent, de b\u00e9n\u00e9ficier en tout ou en partie du site, d\u2019activer ou de d\u00e9sactiver certaines fonctions ou de recevoir certains services. En r\u00e9f\u00e9rence \u00e0 la nature des cookies, en dehors des cookies techniques susmentionn\u00e9s, il existe \u00e9galement des cookies de suivi. Ces cookies de suivi ont la fonction de cr\u00e9er des profils li\u00e9s \u00e0 l\u2019utilisateur et sont utilis\u00e9s pour envoyer des messages publicitaires cibl\u00e9s sur les pr\u00e9f\u00e9rences manifest\u00e9es par ce dernier au cours de sa navigation sur Internet. <u>Le consentement de l\u2019utilisateur est n\u00e9cessaire pour l\u2019utilisation des cookies de suivi<\/u>. En particulier, l\u2019utilisateur peut autoriser ou refuser l\u2019installation des cookies \u00e0 travers les options fournies dans la section qui y est consacr\u00e9e (voir ci-dessous \u00ab\u00a0Gestion des cookies\u00a0\u00bb). <u>En cas de cookies tiers<\/u>, le site auquel ils se r\u00e9f\u00e8rent n\u2019a pas le contr\u00f4le direct de chaque cookie et <u>ne peut pas les contr\u00f4ler<\/u> (il ne peut ni les installer directement ni les effacer). L\u2019utilisateur peut cependant g\u00e9rer ces cookies \u00e0 travers les param\u00e9trages de son navigateur (voir ci-dessous \u00ab\u00a0Gestion des cookies\u00a0\u00bb) ou directement \u00e0 travers les instructions fournies dans le site de la tierce partie.<\/p>\n<p><u>4.Cookies install\u00e9s sur le Site de MAGIS \u2013 Mention d\u2019information.<\/u><\/p>\n<p>Ci-apr\u00e8s, la liste des cookies pr\u00e9sents sur ce Site. Les cookies\u00a0tiers pr\u00e9sentent le lien \u00e0 la mention d\u2019information sur la politique de protection des donn\u00e9es \u00e0 caract\u00e8re personnel du fournisseur ext\u00e9rieur, o\u00f9 il est possible de trouver une description d\u00e9taill\u00e9e de chaque cookie et du traitement des donn\u00e9es qu\u2019il collecte. <u>Cookies de syst\u00e8me<\/u> Le Site utilise des cookies pour garantir \u00e0 l\u2019Utilisateur une meilleure exp\u00e9rience de navigation\u00a0; ces cookies sont indispensables pour pouvoir naviguer correctement sur le Site. L\u2019Utilisateur peut d\u00e9sactiver ces cookies sur le navigateur en suivant les indications fournies dans le paragraphe sp\u00e9cifique, mais il compromettra son exp\u00e9rience sur le Site et MAGIS ne pourra pas r\u00e9pondre des dysfonctionnements. Facebook\u00a0: Facebook utilise des cookies pour offrir \u00e0 l\u2019Utilisateur du Site la fonction de partage et de \u00ab\u00a0j\u2019aime\u00a0\u00bb sur son mur personnel. Pour plus de d\u00e9tails, consulter la page <a href=\"https:\/\/www.facebook.com\/about\/privacy\">https:\/\/www.facebook.com\/about\/privacy <\/a>\u00a0<u>Cookies de suivi<\/u> Facebook\u00a0: Facebook installe sur le Site des cookies pour \u00e9tudier et am\u00e9liorer la publicit\u00e9, avec des actions de remarketing, afin d\u2019envoyer \u00e0 l\u2019Utilisateur des messages cibl\u00e9s sur ses int\u00e9r\u00eats. Le remarketing aide \u00e0 atteindre les Utilisateurs qui ont visit\u00e9 le Site. Plus de d\u00e9tails, y compris sur la mani\u00e8re de d\u00e9sactiver ces cookies, sont disponibles au lien suivant\u00a0: <a href=\"https:\/\/www.facebook.com\/policies\/cookies\/\">https:\/\/www.facebook.com\/policies\/cookies\/<\/a><\/p>\n<p><u>5. Dur\u00e9e des cookies<\/u><\/p>\n<p>Les cookies ont une dur\u00e9e dict\u00e9e par la date d\u2019expiration (ou par une action sp\u00e9cifique comme la fermeture du navigateur) \u00e9tablie au moment de l\u2019installation. Les cookies peuvent \u00eatre\u00a0: (i) temporaires ou de session\u00a0: (session cookies)\u00a0; ils sont utilis\u00e9s pour stocker des informations temporaires, ils permettent de relier les actions effectu\u00e9es durant une session sp\u00e9cifique et sont \u00e9limin\u00e9s de l\u2019ordinateur \u00e0 la fermeture du navigateur\u00a0; (ii) permanents (persistent cookies)\u00a0; ils sont utilis\u00e9s pour stocker des informations, par exemple le nom et le mot de passe, de mani\u00e8re \u00e0 \u00e9viter que l\u2019Utilisateur doive les saisir \u00e0 chaque fois qu\u2019il visite le site. Les cookies permanents restent stock\u00e9s sur l\u2019ordinateur de l\u2019Utilisateur m\u00eame apr\u00e8s la fermeture du navigateur.<\/p>\n<p><u>6. Gestion des cookies<\/u><\/p>\n<p>Conform\u00e9ment aux directives du Code italien en mati\u00e8re de protection des donn\u00e9es \u00e0 caract\u00e8re personnel et, en particulier, aux art. 13 et 122, et en r\u00e9f\u00e9rence \u00e0 la disposition de l\u2019identification des proc\u00e9dures simplifi\u00e9es pour l\u2019information et l\u2019acquisition du consentement pour l\u2019utilisation des cookies du 8 mai 2014, <u>l\u2019Utilisateur peut modifier \u00e0 tout moment son consentement \u00e0 l\u2019utilisation des cookies<\/u>. MAGIS gardera la trace du\/des consentement\/s exprim\u00e9s par l\u2019Utilisateur au moyen d\u2019un cookie technique sp\u00e9cifique, consid\u00e9r\u00e9 comme un outil \u00ab\u00a0pas particuli\u00e8rement invasif\u00a0\u00bb par l\u2019Autorit\u00e9 en mati\u00e8re de protection des donn\u00e9es. <u>L\u2019Utilisateur peut refuser son consentement<\/u> et\/ou modifier \u00e0 tout moment ses choix concernant l\u2019utilisation des cookies de la part du Site, en acc\u00e9dant \u00e0 cette mention d\u2019information. Il est possible \u00e9galement de visiter le Site sans les cookies. La plupart des navigateurs (Internet Explorer, Firefox, Chrome, etc.) sont configur\u00e9s pour accepter automatiquement les cookies. Les cookies stock\u00e9s sur le disque dur du dispositif de l\u2019Utilisateur peuvent cependant \u00eatre effac\u00e9s et il est \u00e9galement possible de d\u00e9sactiver les cookies en suivant les indications fournies par les principaux navigateurs. Le choix de ne pas faire accepter les cookies par le navigateur peut toutefois limiter les fonctions accessibles sur le Site et MAGIS ne peut donc pas garantir l\u2019affichage complet de toutes les pages web ou la fourniture de tous les services si l\u2019Utilisateur d\u00e9cide de ne pas accepter les cookies. L\u2019Utilisateur peut aussi \u00e0 tout moment exercer les droits reconnus par l\u2019art. 7 du d\u00e9cret l\u00e9gislatif n\u00b0\u00a0196\/2003 et, notamment, entre autres, celui d\u2019obtenir la copie des donn\u00e9es trait\u00e9es, leur mise \u00e0 jour, leur origine, la finalit\u00e9 et les modalit\u00e9s du traitement, leur rectification ou int\u00e9gration, leur effacement, la transformation sous forme anonyme ou le blocage des donn\u00e9es du fait de traitements en violation de la loi, de m\u00eame qu\u2019il peut s\u2019opposer pour des raisons l\u00e9gitimes \u00e0 leur traitement. <u>Pour exercer ces droits, consulter la Politique de confidentialit\u00e9<\/u> publi\u00e9e sur ce Site. <u>Si l\u2019Utilisateur a d\u00e9j\u00e0 donn\u00e9 son consentement mais s\u2019il souhaite modifier les autorisations des cookies<\/u>, il doit les effacer via le navigateur. Comme cela a d\u00e9j\u00e0 \u00e9t\u00e9 mentionn\u00e9 plus haut, il n\u2019est absolument pas possible de contr\u00f4ler les cookies tiers, par cons\u00e9quent, si le consentement avait \u00e9t\u00e9 donn\u00e9 au pr\u00e9alable, il faut proc\u00e9der \u00e0 l\u2019effacement des cookies via le navigateur ou demander l\u2019opt-out directement aux tierces parties.<\/p>\n","protected":false},"excerpt":{"rendered":"<p>POLITIQUE D\u2019UTILISATION DES COOKIES DU SITE DE MAGIS MAGIS utilise des cookies pour rendre son site plus facile \u00e0 utiliser et intuitif. Les donn\u00e9es collect\u00e9es gr\u00e2ce aux cookies servent \u00e0 rendre l\u2019exp\u00e9rience de navigation de l\u2019utilisateur plus satisfaisante et utile. D\u00e9finitions. Dans le cadre de notre Politique d\u2019utilisation des cookies\u00a0: \u00ab\u00a0MAGIS\u00a0\u00bb signifie Magis S.p.A., soci\u00e9t\u00e9&#8230;<\/p>\n","protected":false},"author":1,"featured_media":0,"parent":0,"menu_order":0,"comment_status":"closed","ping_status":"closed","template":"","meta":{"_acf_changed":false,"footnotes":""},"class_list":["post-19562","page","type-page","status-publish","hentry"],"acf":[],"_links":{"self":[{"href":"https:\/\/www.magisdesign.com\/fr\/wp-json\/wp\/v2\/pages\/19562","targetHints":{"allow":["GET"]}}],"collection":[{"href":"https:\/\/www.magisdesign.com\/fr\/wp-json\/wp\/v2\/pages"}],"about":[{"href":"https:\/\/www.magisdesign.com\/fr\/wp-json\/wp\/v2\/types\/page"}],"author":[{"embeddable":true,"href":"https:\/\/www.magisdesign.com\/fr\/wp-json\/wp\/v2\/users\/1"}],"replies":[{"embeddable":true,"href":"https:\/\/www.magisdesign.com\/fr\/wp-json\/wp\/v2\/comments?post=19562"}],"version-history":[{"count":0,"href":"https:\/\/www.magisdesign.com\/fr\/wp-json\/wp\/v2\/pages\/19562\/revisions"}],"wp:attachment":[{"href":"https:\/\/www.magisdesign.com\/fr\/wp-json\/wp\/v2\/media?parent=19562"}],"curies":[{"name":"wp","href":"https:\/\/api.w.org\/{rel}","templated":true}]}}