{"id":99113,"date":"2019-10-15T12:56:57","date_gmt":"2019-10-15T12:56:57","guid":{"rendered":"https:\/\/www.magisdesign.com\/site\/profil\/philosophy\/"},"modified":"2026-01-15T10:58:25","modified_gmt":"2026-01-15T10:58:25","slug":"philosophy","status":"publish","type":"page","link":"https:\/\/www.magisdesign.com\/es\/profil\/philosophy\/","title":{"rendered":"Historia"},"content":{"rendered":"\n<p>Magis es, ante todo, una historia familiar, una historia de pasi\u00f3n por el dise\u00f1o y ganas de arriesgarse. Todo empez\u00f3 en 1976, cuando Eugenio Perazza, un empresario con visi\u00f3n de futuro, decidi\u00f3 apostar por el dise\u00f1o desde Motta di Livenza, que en ese momento era un pueblito agr\u00edcola en la regi\u00f3n del V\u00e9neto.<\/p>\n\n\n\n<p>Su idea era clara y ambiciosa: promover la producci\u00f3n industrial a gran escala mediante la experimentaci\u00f3n continua con nuevos lenguajes, tecnolog\u00edas y materiales para ofrecer algo \u00abm\u00e1s\u00bb que lo habitual, tal y como sugiere el nombre Magis, que en lat\u00edn significa \u00abm\u00e1s\u00bb.<\/p>\n\n\n\n<p>No fueron a\u00f1os f\u00e1ciles, pero Perazza nunca dej\u00f3 de creer en su sue\u00f1o. La pasi\u00f3n impuls\u00f3 la marca, que poco a poco rompi\u00f3 con la tradici\u00f3n local: el convencionalismo y el escepticismo dieron paso a la nueva perspectiva de Magis.<\/p>\n\n\n\n<p><strong><em>\u201cL\u2019esprit Magis\u201d<\/em><\/strong><\/p>\n\n\n\n<p>Magis aceler\u00f3 su expansi\u00f3n internacional con un objetivo claro y preciso: redefinir los horizontes del dise\u00f1o a trav\u00e9s de la innovaci\u00f3n y la experimentaci\u00f3n.<\/p>\n\n\n\n<p><strong>\u00abSomos una f\u00e1brica de artistas porque sabemos c\u00f3mo utilizar el coraje, la intuici\u00f3n y la creatividad\u00bb.<\/strong><\/p>\n\n\n\n<p><\/p>\n\n\n<\/div>\n<div class=\"container-fluid  strange-grid\">\n\t\t<div\n                id=\"colonne-block_16f60be451f32eb9603d1a9b73e85ec0\" class=\"colonne\"\n        >\n\t\t<div class=\"papion-colonne row\">\n\t\t \t\t\t\t<div class=\"colonna col-12 col-md-4\">\n\t\t\t<div class=\"image\">\n\t\t\t        \t<img loading=\"lazy\" decoding=\"async\" width=\"800\" height=\"800\" src=\"https:\/\/www.magisdesign.com\/wp-content\/uploads\/2019\/12\/IMG_4669-1-800x800.jpg\" class=\"attachment-quadrata size-quadrata\" alt=\"\" srcset=\"https:\/\/www.magisdesign.com\/wp-content\/uploads\/2019\/12\/IMG_4669-1-800x800.jpg 800w, https:\/\/www.magisdesign.com\/wp-content\/uploads\/2019\/12\/IMG_4669-1-150x150.jpg 150w, https:\/\/www.magisdesign.com\/wp-content\/uploads\/2019\/12\/IMG_4669-1-300x300.jpg 300w\" sizes=\"auto, (max-width: 800px) 100vw, 800px\" \/>    \t\t    \t\t\t\t\t<\/div>\n        \t\t\t\t<div class=\"image\">\n\t\t\t        \t<img loading=\"lazy\" decoding=\"async\" width=\"800\" height=\"800\" src=\"https:\/\/www.magisdesign.com\/wp-content\/uploads\/2019\/12\/STAND-VALENCIA-88-800x800.jpg\" class=\"attachment-quadrata size-quadrata\" alt=\"\" srcset=\"https:\/\/www.magisdesign.com\/wp-content\/uploads\/2019\/12\/STAND-VALENCIA-88-800x800.jpg 800w, https:\/\/www.magisdesign.com\/wp-content\/uploads\/2019\/12\/STAND-VALENCIA-88-150x150.jpg 150w, https:\/\/www.magisdesign.com\/wp-content\/uploads\/2019\/12\/STAND-VALENCIA-88-300x300.jpg 300w\" sizes=\"auto, (max-width: 800px) 100vw, 800px\" \/>    \t\t    \t\t\t\t\t<\/div>\n        \t\t\t<\/div>\n\t\t<div class=\"colonna col-12 col-md-4\">\n\t\t\t<div class=\"image\">\n\t\t\t        \t<img loading=\"lazy\" decoding=\"async\" width=\"800\" height=\"800\" src=\"https:\/\/www.magisdesign.com\/wp-content\/uploads\/2019\/12\/DEMI-MOORE-ON-A-RED-BOMBO-2006-800x800.jpg\" class=\"attachment-quadrata size-quadrata\" alt=\"\" srcset=\"https:\/\/www.magisdesign.com\/wp-content\/uploads\/2019\/12\/DEMI-MOORE-ON-A-RED-BOMBO-2006-800x800.jpg 800w, https:\/\/www.magisdesign.com\/wp-content\/uploads\/2019\/12\/DEMI-MOORE-ON-A-RED-BOMBO-2006-150x150.jpg 150w, https:\/\/www.magisdesign.com\/wp-content\/uploads\/2019\/12\/DEMI-MOORE-ON-A-RED-BOMBO-2006-300x300.jpg 300w\" sizes=\"auto, (max-width: 800px) 100vw, 800px\" \/>    \t\t    \t\t\t\t\t<\/div>\n        \t\t\t\t<div class=\"image\">\n\t\t\t        \t<img loading=\"lazy\" decoding=\"async\" width=\"499\" height=\"547\" src=\"https:\/\/www.magisdesign.com\/wp-content\/uploads\/2019\/12\/Bildschirmfoto-2019-12-12-um-14.51.17.png\" class=\"attachment-quadrata size-quadrata\" alt=\"\" srcset=\"https:\/\/www.magisdesign.com\/wp-content\/uploads\/2019\/12\/Bildschirmfoto-2019-12-12-um-14.51.17.png 499w, https:\/\/www.magisdesign.com\/wp-content\/uploads\/2019\/12\/Bildschirmfoto-2019-12-12-um-14.51.17-274x300.png 274w, https:\/\/www.magisdesign.com\/wp-content\/uploads\/2019\/12\/Bildschirmfoto-2019-12-12-um-14.51.17-338x370.png 338w, https:\/\/www.magisdesign.com\/wp-content\/uploads\/2019\/12\/Bildschirmfoto-2019-12-12-um-14.51.17-493x540.png 493w\" sizes=\"auto, (max-width: 499px) 100vw, 499px\" \/>    \t\t    \t\t\t\t\t<\/div>\n        \t\t\t<\/div>\n\t\t<div class=\"colonna col-12 col-md-4\">\n\t\t\t<div class=\"image\">\n\t\t\t        \t<img loading=\"lazy\" decoding=\"async\" width=\"523\" height=\"556\" src=\"https:\/\/www.magisdesign.com\/wp-content\/uploads\/2019\/12\/Bildschirmfoto-2019-12-12-um-14.55.12.png\" class=\"attachment-quadrata size-quadrata\" alt=\"\" srcset=\"https:\/\/www.magisdesign.com\/wp-content\/uploads\/2019\/12\/Bildschirmfoto-2019-12-12-um-14.55.12.png 523w, https:\/\/www.magisdesign.com\/wp-content\/uploads\/2019\/12\/Bildschirmfoto-2019-12-12-um-14.55.12-500x532.png 500w, https:\/\/www.magisdesign.com\/wp-content\/uploads\/2019\/12\/Bildschirmfoto-2019-12-12-um-14.55.12-282x300.png 282w, https:\/\/www.magisdesign.com\/wp-content\/uploads\/2019\/12\/Bildschirmfoto-2019-12-12-um-14.55.12-348x370.png 348w, https:\/\/www.magisdesign.com\/wp-content\/uploads\/2019\/12\/Bildschirmfoto-2019-12-12-um-14.55.12-508x540.png 508w\" sizes=\"auto, (max-width: 523px) 100vw, 523px\" \/>    \t\t    \t\t\t\t\t<\/div>\n        \t\t\t\t<div class=\"image\">\n\t\t\t        \t<img loading=\"lazy\" decoding=\"async\" width=\"800\" height=\"800\" src=\"https:\/\/www.magisdesign.com\/wp-content\/uploads\/2025\/10\/Magis_Toto_prodotto_01-800x800.jpg\" class=\"attachment-quadrata size-quadrata\" alt=\"\" srcset=\"https:\/\/www.magisdesign.com\/wp-content\/uploads\/2025\/10\/Magis_Toto_prodotto_01-800x800.jpg 800w, https:\/\/www.magisdesign.com\/wp-content\/uploads\/2025\/10\/Magis_Toto_prodotto_01-300x300.jpg 300w, https:\/\/www.magisdesign.com\/wp-content\/uploads\/2025\/10\/Magis_Toto_prodotto_01-1024x1024.jpg 1024w, https:\/\/www.magisdesign.com\/wp-content\/uploads\/2025\/10\/Magis_Toto_prodotto_01-150x150.jpg 150w, https:\/\/www.magisdesign.com\/wp-content\/uploads\/2025\/10\/Magis_Toto_prodotto_01-768x768.jpg 768w, https:\/\/www.magisdesign.com\/wp-content\/uploads\/2025\/10\/Magis_Toto_prodotto_01-1536x1536.jpg 1536w, https:\/\/www.magisdesign.com\/wp-content\/uploads\/2025\/10\/Magis_Toto_prodotto_01-540x540.jpg 540w, https:\/\/www.magisdesign.com\/wp-content\/uploads\/2025\/10\/Magis_Toto_prodotto_01-500x500.jpg 500w, https:\/\/www.magisdesign.com\/wp-content\/uploads\/2025\/10\/Magis_Toto_prodotto_01-700x700.jpg 700w, https:\/\/www.magisdesign.com\/wp-content\/uploads\/2025\/10\/Magis_Toto_prodotto_01.jpg 1740w\" sizes=\"auto, (max-width: 800px) 100vw, 800px\" \/>    \t\t    \t\t\t\t\t<\/div>\n        \t\t\t<\/div>\n\t\t\n            <\/div>\n        <\/div>\n        <\/div>\n<div class=\"wrapper\">\n\t\t\n\n\n<p>Las colaboraciones con Andries Van Onck y Marc Berthier marcaron un importante punto de inflexi\u00f3n para la empresa. A estas colaboraciones les siguieron otras con j\u00f3venes talentos del dise\u00f1o, y as\u00ed comenz\u00f3 una larga serie de \u00e9xitos.<\/p>\n\n\n\n<p>En 1994 lleg\u00f3 Bottle, el botellero apilable dise\u00f1ado por Jasper Morrison: un icono que gan\u00f3 premios internacionales y entr\u00f3 en las colecciones permanentes de museos como el MoMA de Nueva York y el Victoria &amp; Albert Museum de Londres.<\/p>\n\n\n\n<p>En 1996, Barbara Minetto y Alberto Perazza se incorporaron a la empresa, ampliando a\u00fan m\u00e1s la visi\u00f3n de la marca.<\/p>\n\n\n\n<p>Al a\u00f1o siguiente se lanz\u00f3 Bombo, de Stefano Giovannoni, el taburete regulable en altura destinado a convertirse en un aut\u00e9ntico icono de estilo, pero tambi\u00e9n en uno de los productos de dise\u00f1o m\u00e1s imitados de la historia.<\/p>\n\n\n\n<p>Magis entr\u00f3 en el nuevo siglo con una revoluci\u00f3n tecnol\u00f3gica: se lanz\u00f3 Air-Chair, dise\u00f1ada por Jasper Morrison, la primera silla monocasco de polipropileno moldeada mediante tecnolog\u00eda de moldeo por aire. En 2003, le toc\u00f3 el turno a Chair_One, de Konstantin Grcic, otra silla que revolucion\u00f3 el mundo del dise\u00f1o, esta vez utilizando la tecnolog\u00eda de fundici\u00f3n a presi\u00f3n aplicada al aluminio.<\/p>\n\n\n\n<p><strong>\u00abSomos personas con la cabeza en las nubes y las manos ocupadas experimentando\u00bb.<\/strong><\/p>\n\n\n\n<p>La experimentaci\u00f3n nunca se detiene. Magis no se limita a innovar en materiales, sino que explora nuevas combinaciones, recupera t\u00e9cnicas tradicionales y promueve la cultura de lo \u00abbien hecho\u00bb, t\u00edpica del mejor dise\u00f1o italiano.<\/p>\n\n\n\n<p>En 2004, Magis entr\u00f3 en el mundo de los ni\u00f1os. El abuelo Eugenio quer\u00eda regalarle a su nieta Anna una mesa adecuada, pero no encontraba ninguna que le gustara, as\u00ed que decidi\u00f3 dise\u00f1ar toda una l\u00ednea de muebles que fueran pr\u00e1cticos, pero que tambi\u00e9n tuvieran un valor educativo. Esto llev\u00f3 a la creaci\u00f3n de Me Too, la primera colecci\u00f3n de muebles de dise\u00f1o vista a trav\u00e9s de los ojos de los ni\u00f1os, que permite a los m\u00e1s peque\u00f1os experimentar con su creatividad de una manera sencilla y divertida, como con Puppy, el perro abstracto dise\u00f1ado por Eero Aarnio, que r\u00e1pidamente se convirti\u00f3 en un icono del dise\u00f1o infantil que tambi\u00e9n encanta a los adultos.<\/p>\n\n\n\n<p>En 2010, Magis se traslad\u00f3 a su nueva sede en Torre di Mosto: m\u00e1s de 98 000 metros cuadrados dedicados a la log\u00edstica, el montaje, las oficinas y una gran sala de exposiciones.<\/p>\n\n\n\n<p>Un a\u00f1o m\u00e1s tarde, se sucedieron otros dos \u00e9xitos: Magis reedit\u00f3 la famosa Proust de Mendini, s\u00edmbolo del redise\u00f1o, en una versi\u00f3n para exteriores fabricada en polietileno, y gan\u00f3 su segundo Compasso d&#8217;Oro con la silla Steelwood (el primero lo obtuvo en 2008 con Trioli, de Eero Arnio), al que se sumar\u00edan otros cuatro: en 2014 por Spun, en 2020 el Compasso d&#8217;Oro Lifetime Achievement Award a Eugenio Perazza, en 2022 por Plato y en 2024 por Costume, adem\u00e1s de numerosos premios internacionales.<\/p>\n\n\n\n<p>Magis siempre mira hacia el futuro y la sostenibilidad. Este compromiso concreto se traduce en productos dise\u00f1ados para durar en el tiempo, como Bell Chair de Konstantin Grcic (2020), el sof\u00e1 modular Costume de Stefan Diez (2021), fabricado con polipropileno reciclado obtenido de residuos de producci\u00f3n y reciclable, y la silla RE Air-Chair y la silla con brazos RE Air-Armchair (2023), fabricados con pl\u00e1stico 100 % postconsumo derivado del reciclaje de envases alimentarios polilaminados y desechables.<\/p>\n\n\n\n<p>Desde 2016, Magis est\u00e1 dirigida por Alberto Perazza y es ahora una empresa internacional, presente en hogares, espacios p\u00fablicos, proyectos contract y colecciones permanentes de los museos m\u00e1s importantes del mundo.<\/p>\n\n\n\n<p>Una voz creativa, libre y curiosa que sigue mirando hacia el futuro y so\u00f1ando con nuevos horizontes en el dise\u00f1o.<\/p>\n","protected":false},"excerpt":{"rendered":"<p>Magis es, ante todo, una historia familiar, una historia de pasi\u00f3n por el dise\u00f1o y ganas de arriesgarse. Todo empez\u00f3 en 1976, cuando Eugenio Perazza, un empresario con visi\u00f3n de futuro, decidi\u00f3 apostar por el dise\u00f1o desde Motta di Livenza, que en ese momento era un pueblito agr\u00edcola en la regi\u00f3n del V\u00e9neto. Su idea&#8230;<\/p>\n","protected":false},"author":1,"featured_media":0,"parent":99093,"menu_order":1,"comment_status":"closed","ping_status":"closed","template":"","meta":{"_acf_changed":false,"footnotes":""},"class_list":["post-99113","page","type-page","status-publish","hentry"],"acf":[],"_links":{"self":[{"href":"https:\/\/www.magisdesign.com\/es\/wp-json\/wp\/v2\/pages\/99113","targetHints":{"allow":["GET"]}}],"collection":[{"href":"https:\/\/www.magisdesign.com\/es\/wp-json\/wp\/v2\/pages"}],"about":[{"href":"https:\/\/www.magisdesign.com\/es\/wp-json\/wp\/v2\/types\/page"}],"author":[{"embeddable":true,"href":"https:\/\/www.magisdesign.com\/es\/wp-json\/wp\/v2\/users\/1"}],"replies":[{"embeddable":true,"href":"https:\/\/www.magisdesign.com\/es\/wp-json\/wp\/v2\/comments?post=99113"}],"version-history":[{"count":2,"href":"https:\/\/www.magisdesign.com\/es\/wp-json\/wp\/v2\/pages\/99113\/revisions"}],"predecessor-version":[{"id":197305,"href":"https:\/\/www.magisdesign.com\/es\/wp-json\/wp\/v2\/pages\/99113\/revisions\/197305"}],"up":[{"embeddable":true,"href":"https:\/\/www.magisdesign.com\/es\/wp-json\/wp\/v2\/pages\/99093"}],"wp:attachment":[{"href":"https:\/\/www.magisdesign.com\/es\/wp-json\/wp\/v2\/media?parent=99113"}],"curies":[{"name":"wp","href":"https:\/\/api.w.org\/{rel}","templated":true}]}}