{"id":99103,"date":"2019-10-15T12:57:25","date_gmt":"2019-10-15T12:57:25","guid":{"rendered":"https:\/\/www.magisdesign.com\/site\/profil\/responsibility\/"},"modified":"2025-12-23T11:18:56","modified_gmt":"2025-12-23T11:18:56","slug":"sustainability","status":"publish","type":"page","link":"https:\/\/www.magisdesign.com\/es\/profil\/sustainability\/","title":{"rendered":"Sostenibilidad"},"content":{"rendered":"\n<p>\u00abEl fin de la dictadura del pl\u00e1stico\u00bb. Parece un eslogan muy actual. En cambio, se trata de una misi\u00f3n declarada que Magis ha estado llevando a cabo desde los primeros a\u00f1os del 2000.<\/p>\n\n\n\n<p>Experimentaci\u00f3n, bienestar y sostenibilidad son, de hecho, los principios bases de nuestra innovaci\u00f3n que elabora el proyecto respetando totalmente al hombre y al medio ambiente.<\/p>\n\n\n\n<p>Una conciencia que se refleja en la b\u00fasqueda de materiales reciclables, biodegradables y no t\u00f3xicos. Pero tambi\u00e9n y sobre todo en el esfuerzo por elegir nuevas tecnolog\u00edas que reducen los residuos y el material utilizado y apuestan por un dise\u00f1o ecol\u00f3gico capaz de ir m\u00e1s all\u00e1 del tiempo y las modas.<\/p>\n\n\n\n<p>Un buen producto tiene que perdurar en el tiempo.<\/p>\n\n\n\n<p>As\u00ed entendemos nosotros la sostenibilidad.<\/p>\n\n\n<\/div>\n<div class=\"container-fluid  strange-grid\">\n\t\t<div\n                id=\"colonne-block_c5196b74a84f8c5d85e36242be73bf56\" class=\"colonne\"\n        >\n\t\t<div class=\"papion-colonne row\">\n\t\t \t\t\t\t<div class=\"colonna col-12 col-md-4\">\n\t\t\t<div class=\"image\">\n\t\t\t        \t<img loading=\"lazy\" decoding=\"async\" width=\"800\" height=\"800\" src=\"https:\/\/www.magisdesign.com\/wp-content\/uploads\/2019\/12\/21-800x800.jpg\" class=\"attachment-quadrata size-quadrata\" alt=\"\" srcset=\"https:\/\/www.magisdesign.com\/wp-content\/uploads\/2019\/12\/21-800x800.jpg 800w, https:\/\/www.magisdesign.com\/wp-content\/uploads\/2019\/12\/21-150x150.jpg 150w, https:\/\/www.magisdesign.com\/wp-content\/uploads\/2019\/12\/21-300x300.jpg 300w\" sizes=\"auto, (max-width: 800px) 100vw, 800px\" \/>    \t\t    \t\t\t\t\t<\/div>\n        \t\t\t\t<div class=\"image\">\n\t\t\t        \t<img loading=\"lazy\" decoding=\"async\" width=\"800\" height=\"800\" src=\"https:\/\/www.magisdesign.com\/wp-content\/uploads\/2016\/09\/Magis_officina_production_04-800x800.jpg\" class=\"attachment-quadrata size-quadrata\" alt=\"\" srcset=\"https:\/\/www.magisdesign.com\/wp-content\/uploads\/2016\/09\/Magis_officina_production_04-800x800.jpg 800w, https:\/\/www.magisdesign.com\/wp-content\/uploads\/2016\/09\/Magis_officina_production_04-150x150.jpg 150w, https:\/\/www.magisdesign.com\/wp-content\/uploads\/2016\/09\/Magis_officina_production_04-300x300.jpg 300w\" sizes=\"auto, (max-width: 800px) 100vw, 800px\" \/>    \t\t    \t\t\t\t\t<\/div>\n        \t\t\t<\/div>\n\t\t<div class=\"colonna col-12 col-md-4\">\n\t\t\t<div class=\"image\">\n\t\t\t        \t<img loading=\"lazy\" decoding=\"async\" width=\"800\" height=\"800\" src=\"https:\/\/www.magisdesign.com\/wp-content\/uploads\/2019\/12\/EugenioPerazza-800x800.jpg\" class=\"attachment-quadrata size-quadrata\" alt=\"\" srcset=\"https:\/\/www.magisdesign.com\/wp-content\/uploads\/2019\/12\/EugenioPerazza-800x800.jpg 800w, https:\/\/www.magisdesign.com\/wp-content\/uploads\/2019\/12\/EugenioPerazza-150x150.jpg 150w, https:\/\/www.magisdesign.com\/wp-content\/uploads\/2019\/12\/EugenioPerazza-300x300.jpg 300w\" sizes=\"auto, (max-width: 800px) 100vw, 800px\" \/>    \t\t    \t\t\t\t\t<\/div>\n        \t\t\t\t<div class=\"image\">\n\t\t\t        \t<img loading=\"lazy\" decoding=\"async\" width=\"800\" height=\"800\" src=\"https:\/\/www.magisdesign.com\/wp-content\/uploads\/2018\/02\/Magis_brut_production_01-800x800.jpg\" class=\"attachment-quadrata size-quadrata\" alt=\"\" srcset=\"https:\/\/www.magisdesign.com\/wp-content\/uploads\/2018\/02\/Magis_brut_production_01-800x800.jpg 800w, https:\/\/www.magisdesign.com\/wp-content\/uploads\/2018\/02\/Magis_brut_production_01-150x150.jpg 150w, https:\/\/www.magisdesign.com\/wp-content\/uploads\/2018\/02\/Magis_brut_production_01-300x300.jpg 300w\" sizes=\"auto, (max-width: 800px) 100vw, 800px\" \/>    \t\t    \t\t\t\t\t<\/div>\n        \t\t\t<\/div>\n\t\t<div class=\"colonna col-12 col-md-4\">\n\t\t\t<div class=\"image\">\n\t\t\t        \t<img loading=\"lazy\" decoding=\"async\" width=\"790\" height=\"800\" src=\"https:\/\/www.magisdesign.com\/wp-content\/uploads\/2015\/01\/Magis_air_chair_production_01-790x800.jpg\" class=\"attachment-quadrata size-quadrata\" alt=\"\" \/>    \t\t    \t\t\t\t\t<\/div>\n        \t\t\t\t<div class=\"image\">\n\t\t\t        \t<img loading=\"lazy\" decoding=\"async\" width=\"800\" height=\"783\" src=\"https:\/\/www.magisdesign.com\/wp-content\/uploads\/2015\/01\/Magis_chair_one_production_01-800x783.jpg\" class=\"attachment-quadrata size-quadrata\" alt=\"\" \/>    \t\t    \t\t\t\t\t<\/div>\n        \t\t\t<\/div>\n\t\t\n            <\/div>\n        <\/div>\n        <\/div>\n<div class=\"wrapper\">\n\t\t\n\n\n<p>El reto empresarial que cultivamos desde nuestro nacimiento en el 1976, junto con las relaciones con proveedores y colaboradores de confianza, es dar dignidad a los objetos de la cotidianidad. Porque ser ecol\u00f3gicos no es una cuesti\u00f3n de imagen y se otorga privilegio a la sostenibilidad en toda la cadena de suministro con las elecciones \u00e9ticas y de continuidad.<\/p>\n\n\n\n<p>Todos somos responsables hacia el medio ambiente y Magis ha decidido asumir esta responsabilidad eligiendo un dise\u00f1o sin tiempo, que busca la excelencia y mira siempre hacia adelante.<\/p>\n\n\n\n<p>Cada producto, cada colecci\u00f3n est\u00e1 pensada en torno al hombre y al medio ambiente, para conseguir un bienestar colectivo y mejorado. Por eso es importante crear productos que no sean de usar y tirar, sino que puedan acompa\u00f1arnos en el tiempo y ser reciclados cuando lleguen al final de su vida.<\/p>\n\n\n\n<p>Fuimos de las primeras empresas en buscar alternativas concretas al pl\u00e1stico, en contracorriente cuando el mercado avanzaba hacia este material. Pero cabe destacar que el pl\u00e1stico de buena calidad, aunque no provenga de residuos posconsumo, adem\u00e1s de ser reciclable puede durar muchos a\u00f1os, reduciendo el impacto medioambiental a corto plazo.<\/p>\n\n\n\n<p>Dedicarse a la investigaci\u00f3n y al desarrollo tambi\u00e9n significa esto, experimentar con nuevos materiales y recuperar los antiguos, de cara a una econom\u00eda circular que incluye nuevos procesos industriales, desde la producci\u00f3n hasta la log\u00edstica, con un bajo impacto medioambiental.<\/p>\n\n\n\n<p>Promover una econom\u00eda circular significa incluso mantener relaciones duraderas y de confianza con los socios, dedic\u00e1ndose al desarrollo juntos. Siempre nos hemos enfocado en los j\u00f3venes talentos y con ellos hemos crecido y formado un equipo que ahora ya es parte de nuestra familia. Nos gusta seguir apostando por los dise\u00f1adores emergentes. Porque buscamos siempre nuevas ideas, nuevos lenguajes, nuevos materiales y m\u00e9todos innovadores. Para responder a ese \u00abm\u00e1s\u00bb (Magis es una locuci\u00f3n latina que significa \u00abm\u00e1s\u00bb) que nos caracteriza como empresa.<\/p>\n\n\n\n<p>La sostenibilidad y el bienestar van de la mano. Somos una empresa certificada ISO 9001:2000 e ISO 14001:2004. Nuestros productos han superado los test europeos y hemos obtenido diversas certificaciones internacionales (como la marca de calidad T\u00dcV S\u00dcD, la certificaci\u00f3n FSC<sup>\u00ae<\/sup> C123236 y la certificaci\u00f3n GreenGuard Gold).<\/p>\n\n\n\n<p>Somos exigentes sobre la calidad de las materias primas y los procesos de producci\u00f3n y rigurosos en el respeto del medio ambiente.<\/p>\n\n\n\n<p>Sabemos conjugar est\u00e9tica, \u00e9tica y po\u00e9tica con la innovaci\u00f3n pura. La calidad Magis es un valor concreto, que testimonian las numerosas certificaciones conseguidas por la empresa.<\/p>\n\n\n\n<p>Vaya a la p\u00e1gina descarga por el <a href=\"https:\/\/www.magisdesign.com\/download-type\/catalogues\/\"><strong>Magis Sustainability document<\/strong><\/a>.<\/p>\n","protected":false},"excerpt":{"rendered":"<p>\u00abEl fin de la dictadura del pl\u00e1stico\u00bb. Parece un eslogan muy actual. En cambio, se trata de una misi\u00f3n declarada que Magis ha estado llevando a cabo desde los primeros a\u00f1os del 2000. Experimentaci\u00f3n, bienestar y sostenibilidad son, de hecho, los principios bases de nuestra innovaci\u00f3n que elabora el proyecto respetando totalmente al hombre y&#8230;<\/p>\n","protected":false},"author":1,"featured_media":0,"parent":99093,"menu_order":2,"comment_status":"closed","ping_status":"closed","template":"","meta":{"_acf_changed":false,"footnotes":""},"class_list":["post-99103","page","type-page","status-publish","hentry"],"acf":[],"_links":{"self":[{"href":"https:\/\/www.magisdesign.com\/es\/wp-json\/wp\/v2\/pages\/99103","targetHints":{"allow":["GET"]}}],"collection":[{"href":"https:\/\/www.magisdesign.com\/es\/wp-json\/wp\/v2\/pages"}],"about":[{"href":"https:\/\/www.magisdesign.com\/es\/wp-json\/wp\/v2\/types\/page"}],"author":[{"embeddable":true,"href":"https:\/\/www.magisdesign.com\/es\/wp-json\/wp\/v2\/users\/1"}],"replies":[{"embeddable":true,"href":"https:\/\/www.magisdesign.com\/es\/wp-json\/wp\/v2\/comments?post=99103"}],"version-history":[{"count":2,"href":"https:\/\/www.magisdesign.com\/es\/wp-json\/wp\/v2\/pages\/99103\/revisions"}],"predecessor-version":[{"id":197119,"href":"https:\/\/www.magisdesign.com\/es\/wp-json\/wp\/v2\/pages\/99103\/revisions\/197119"}],"up":[{"embeddable":true,"href":"https:\/\/www.magisdesign.com\/es\/wp-json\/wp\/v2\/pages\/99093"}],"wp:attachment":[{"href":"https:\/\/www.magisdesign.com\/es\/wp-json\/wp\/v2\/media?parent=99103"}],"curies":[{"name":"wp","href":"https:\/\/api.w.org\/{rel}","templated":true}]}}