{"id":99093,"date":"2019-10-15T12:55:51","date_gmt":"2019-10-15T12:55:51","guid":{"rendered":"https:\/\/www.magisdesign.com\/site\/profil\/"},"modified":"2026-01-14T15:40:17","modified_gmt":"2026-01-14T15:40:17","slug":"profil","status":"publish","type":"page","link":"https:\/\/www.magisdesign.com\/es\/profil\/","title":{"rendered":"Perfil"},"content":{"rendered":"\n<p>Una historia de proyectos, creatividad y experimentaci\u00f3n continua. Desde 1976. Este es el saber hacer que Magis aporta al mundo del dise\u00f1o.<\/p>\n\n\n\n<p>Fundada en el norte de Italia como una empresa familiar, gracias al ingenio del visionario Eugenio Perazza, Magis ha crecido hasta convertirse en un aut\u00e9ntico laboratorio de dise\u00f1o para los sectores del hogar, el aire libre, la oficina y el contract, y ahora es un l\u00edder mundialmente reconocido en el mundo del dise\u00f1o.<\/p>\n\n\n\n<p><strong>Experimentar&#8230; m\u00e1s<\/strong><\/p>\n\n\n\n<p>Magis es una palabra latina que significa \u00abm\u00e1s\u00bb. Y es precisamente de ah\u00ed de donde proviene su impulso natural por experimentar, por ser m\u00e1s y hacer m\u00e1s, por ir m\u00e1s all\u00e1 de los l\u00edmites del dise\u00f1o, como reza su lema.<\/p>\n\n\n\n<p>Magis siempre ha cre\u00eddo en el talento emergente. Y es junto a muchos de ellos, ahora nombres consolidados en la escena internacional, con quienes ha crecido y experimentado, codo con codo. Jasper Morrison, Konstantin Grcic, Philippe Starck, Ronan &amp; Erwan Bouroullec, Thomas Heatherwick, Naoto Fukasawa y Marc Newson son solo algunos de los dise\u00f1adores que forman parte de la gran familia Magis.<\/p>\n\n\n\n<p><strong>INNOVAR<\/strong><\/p>\n\n\n\n<p>Magis tiene una idea concreta del dise\u00f1o, sin miedo a atreverse. La b\u00fasqueda continua de nuevos lenguajes, ideas y sistemas de producci\u00f3n gu\u00eda a la empresa hacia un dise\u00f1o sin concesiones que resiste el paso del tiempo. Un dise\u00f1o que da vida no solo a productos industriales de calidad, sino tambi\u00e9n a relaciones positivas con colaboradores, clientes y socios.<\/p>\n\n\n\n<p>Se presta gran atenci\u00f3n al dise\u00f1o, a la elecci\u00f3n de los materiales, a las tecnolog\u00edas y a los procesos de producci\u00f3n, que var\u00edan seg\u00fan cada proyecto. Todo ello con la mirada puesta en el pasado, del que Magis ama inspirarse, y en un futuro sostenible, contempor\u00e1neo y atemporal.<\/p>\n\n\n\n<p>El resultado es un dise\u00f1o ecl\u00e9ctico y vers\u00e1til que entra en los hogares, anima los espacios p\u00fablicos, encuentra su lugar en las colecciones permanentes de m\u00e1s de 35 museos de todo el mundo y ha ganado alrededor de un centenar de los premios m\u00e1s prestigiosos, entre ellos seis premios ADI Compasso d&#8217;Oro, el premio internacional de dise\u00f1o m\u00e1s antiguo y prestigioso.<\/p>\n\n\n<\/div>\n<div class=\"container-fluid  strange-grid\">\n\t\t<div\n                id=\"colonne-block_373bdea24dfc86f643293456bdae7a47\" class=\"colonne\"\n        >\n\t\t<div class=\"papion-colonne row\">\n\t\t \t\t\t\t<div class=\"colonna col-12 col-md-4\">\n\t\t\t<div class=\"image\">\n\t\t\t        \t<img loading=\"lazy\" decoding=\"async\" width=\"800\" height=\"800\" src=\"https:\/\/www.magisdesign.com\/wp-content\/uploads\/2019\/12\/Magis_company_warehouse_01-800x800.jpg\" class=\"attachment-quadrata size-quadrata\" alt=\"\" srcset=\"https:\/\/www.magisdesign.com\/wp-content\/uploads\/2019\/12\/Magis_company_warehouse_01-800x800.jpg 800w, https:\/\/www.magisdesign.com\/wp-content\/uploads\/2019\/12\/Magis_company_warehouse_01-150x150.jpg 150w, https:\/\/www.magisdesign.com\/wp-content\/uploads\/2019\/12\/Magis_company_warehouse_01-300x300.jpg 300w\" sizes=\"auto, (max-width: 800px) 100vw, 800px\" \/>    \t\t    \t\t\t\t\t<\/div>\n        \t\t\t\t<div class=\"image\">\n\t\t\t        \t<img loading=\"lazy\" decoding=\"async\" width=\"800\" height=\"800\" src=\"https:\/\/www.magisdesign.com\/wp-content\/uploads\/2023\/07\/Magis_building_outdoor_02-800x800.jpg\" class=\"attachment-quadrata size-quadrata\" alt=\"\" srcset=\"https:\/\/www.magisdesign.com\/wp-content\/uploads\/2023\/07\/Magis_building_outdoor_02-800x800.jpg 800w, https:\/\/www.magisdesign.com\/wp-content\/uploads\/2023\/07\/Magis_building_outdoor_02-300x300.jpg 300w, https:\/\/www.magisdesign.com\/wp-content\/uploads\/2023\/07\/Magis_building_outdoor_02-1024x1024.jpg 1024w, https:\/\/www.magisdesign.com\/wp-content\/uploads\/2023\/07\/Magis_building_outdoor_02-150x150.jpg 150w, https:\/\/www.magisdesign.com\/wp-content\/uploads\/2023\/07\/Magis_building_outdoor_02-768x768.jpg 768w, https:\/\/www.magisdesign.com\/wp-content\/uploads\/2023\/07\/Magis_building_outdoor_02-1536x1536.jpg 1536w, https:\/\/www.magisdesign.com\/wp-content\/uploads\/2023\/07\/Magis_building_outdoor_02-540x540.jpg 540w, https:\/\/www.magisdesign.com\/wp-content\/uploads\/2023\/07\/Magis_building_outdoor_02-500x500.jpg 500w, https:\/\/www.magisdesign.com\/wp-content\/uploads\/2023\/07\/Magis_building_outdoor_02-700x700.jpg 700w, https:\/\/www.magisdesign.com\/wp-content\/uploads\/2023\/07\/Magis_building_outdoor_02.jpg 1740w\" sizes=\"auto, (max-width: 800px) 100vw, 800px\" \/>    \t\t    \t\t\t\t\t<\/div>\n        \t\t\t<\/div>\n\t\t<div class=\"colonna col-12 col-md-4\">\n\t\t\t<div class=\"image\">\n\t\t\t        \t<img loading=\"lazy\" decoding=\"async\" width=\"800\" height=\"800\" src=\"https:\/\/www.magisdesign.com\/wp-content\/uploads\/2019\/12\/Magis_company_office_01-800x800.jpg\" class=\"attachment-quadrata size-quadrata\" alt=\"\" srcset=\"https:\/\/www.magisdesign.com\/wp-content\/uploads\/2019\/12\/Magis_company_office_01-800x800.jpg 800w, https:\/\/www.magisdesign.com\/wp-content\/uploads\/2019\/12\/Magis_company_office_01-500x500.jpg 500w, https:\/\/www.magisdesign.com\/wp-content\/uploads\/2019\/12\/Magis_company_office_01-700x700.jpg 700w, https:\/\/www.magisdesign.com\/wp-content\/uploads\/2019\/12\/Magis_company_office_01-300x300.jpg 300w, https:\/\/www.magisdesign.com\/wp-content\/uploads\/2019\/12\/Magis_company_office_01-370x370.jpg 370w, https:\/\/www.magisdesign.com\/wp-content\/uploads\/2019\/12\/Magis_company_office_01-150x150.jpg 150w, https:\/\/www.magisdesign.com\/wp-content\/uploads\/2019\/12\/Magis_company_office_01-768x768.jpg 768w, https:\/\/www.magisdesign.com\/wp-content\/uploads\/2019\/12\/Magis_company_office_01-1536x1536.jpg 1536w, https:\/\/www.magisdesign.com\/wp-content\/uploads\/2019\/12\/Magis_company_office_01-540x540.jpg 540w, https:\/\/www.magisdesign.com\/wp-content\/uploads\/2019\/12\/Magis_company_office_01.jpg 1740w\" sizes=\"auto, (max-width: 800px) 100vw, 800px\" \/>    \t\t    \t\t\t\t\t<\/div>\n        \t\t\t\t<div class=\"image\">\n\t\t\t        \t<img loading=\"lazy\" decoding=\"async\" width=\"800\" height=\"800\" src=\"https:\/\/www.magisdesign.com\/wp-content\/uploads\/2019\/12\/Magis_chair_one_process_06-800x800.jpg\" class=\"attachment-quadrata size-quadrata\" alt=\"\" srcset=\"https:\/\/www.magisdesign.com\/wp-content\/uploads\/2019\/12\/Magis_chair_one_process_06-800x800.jpg 800w, https:\/\/www.magisdesign.com\/wp-content\/uploads\/2019\/12\/Magis_chair_one_process_06-500x500.jpg 500w, https:\/\/www.magisdesign.com\/wp-content\/uploads\/2019\/12\/Magis_chair_one_process_06-700x700.jpg 700w, https:\/\/www.magisdesign.com\/wp-content\/uploads\/2019\/12\/Magis_chair_one_process_06-300x300.jpg 300w, https:\/\/www.magisdesign.com\/wp-content\/uploads\/2019\/12\/Magis_chair_one_process_06-370x370.jpg 370w, https:\/\/www.magisdesign.com\/wp-content\/uploads\/2019\/12\/Magis_chair_one_process_06-150x150.jpg 150w, https:\/\/www.magisdesign.com\/wp-content\/uploads\/2019\/12\/Magis_chair_one_process_06-768x768.jpg 768w, https:\/\/www.magisdesign.com\/wp-content\/uploads\/2019\/12\/Magis_chair_one_process_06-1536x1536.jpg 1536w, https:\/\/www.magisdesign.com\/wp-content\/uploads\/2019\/12\/Magis_chair_one_process_06-540x540.jpg 540w, https:\/\/www.magisdesign.com\/wp-content\/uploads\/2019\/12\/Magis_chair_one_process_06.jpg 1740w\" sizes=\"auto, (max-width: 800px) 100vw, 800px\" \/>    \t\t    \t\t\t\t\t<\/div>\n        \t\t\t<\/div>\n\t\t<div class=\"colonna col-12 col-md-4\">\n\t\t\t<div class=\"image\">\n\t\t\t        \t<img loading=\"lazy\" decoding=\"async\" width=\"800\" height=\"800\" src=\"https:\/\/www.magisdesign.com\/wp-content\/uploads\/2023\/07\/Magis_building_outdoor_02-800x800.jpg\" class=\"attachment-quadrata size-quadrata\" alt=\"\" srcset=\"https:\/\/www.magisdesign.com\/wp-content\/uploads\/2023\/07\/Magis_building_outdoor_02-800x800.jpg 800w, https:\/\/www.magisdesign.com\/wp-content\/uploads\/2023\/07\/Magis_building_outdoor_02-300x300.jpg 300w, https:\/\/www.magisdesign.com\/wp-content\/uploads\/2023\/07\/Magis_building_outdoor_02-1024x1024.jpg 1024w, https:\/\/www.magisdesign.com\/wp-content\/uploads\/2023\/07\/Magis_building_outdoor_02-150x150.jpg 150w, https:\/\/www.magisdesign.com\/wp-content\/uploads\/2023\/07\/Magis_building_outdoor_02-768x768.jpg 768w, https:\/\/www.magisdesign.com\/wp-content\/uploads\/2023\/07\/Magis_building_outdoor_02-1536x1536.jpg 1536w, https:\/\/www.magisdesign.com\/wp-content\/uploads\/2023\/07\/Magis_building_outdoor_02-540x540.jpg 540w, https:\/\/www.magisdesign.com\/wp-content\/uploads\/2023\/07\/Magis_building_outdoor_02-500x500.jpg 500w, https:\/\/www.magisdesign.com\/wp-content\/uploads\/2023\/07\/Magis_building_outdoor_02-700x700.jpg 700w, https:\/\/www.magisdesign.com\/wp-content\/uploads\/2023\/07\/Magis_building_outdoor_02.jpg 1740w\" sizes=\"auto, (max-width: 800px) 100vw, 800px\" \/>    \t\t    \t\t\t\t\t<\/div>\n        \t\t\t\t<div class=\"image\">\n\t\t\t        \t<img loading=\"lazy\" decoding=\"async\" width=\"800\" height=\"800\" src=\"https:\/\/www.magisdesign.com\/wp-content\/uploads\/2019\/12\/Magis_company_entrance_01-1-800x800.jpg\" class=\"attachment-quadrata size-quadrata\" alt=\"\" srcset=\"https:\/\/www.magisdesign.com\/wp-content\/uploads\/2019\/12\/Magis_company_entrance_01-1-800x800.jpg 800w, https:\/\/www.magisdesign.com\/wp-content\/uploads\/2019\/12\/Magis_company_entrance_01-1-150x150.jpg 150w, https:\/\/www.magisdesign.com\/wp-content\/uploads\/2019\/12\/Magis_company_entrance_01-1-300x300.jpg 300w\" sizes=\"auto, (max-width: 800px) 100vw, 800px\" \/>    \t\t    \t\t\t\t\t<\/div>\n        \t\t\t<\/div>\n\t\t\n            <\/div>\n        <\/div>\n        <\/div>\n<div class=\"wrapper\">\n\t\t\n\n\n<p><strong>MADE IN ITALY<\/strong><\/p>\n\n\n\n<p>Para Magis, una idea no solo debe ser \u00abbuena\u00bb, sino que debe satisfacer los requisitos est\u00e9ticos y funcionales, tanto hoy como ma\u00f1ana, y, sobre todo, contar una historia: la historia de Magis.<\/p>\n\n\n\n<p>Una historia que toma forma en Italia, de acuerdo con los m\u00e1s altos est\u00e1ndares del Made in Italy. Las ra\u00edces de la empresa se encuentran en Motta di Livenza, una peque\u00f1a ciudad en el coraz\u00f3n de la regi\u00f3n del V\u00e9neto. Es aqu\u00ed donde naci\u00f3 el reto del dise\u00f1o y el deseo de crear un lugar de aut\u00e9ntica creatividad, que desde 2010 tiene una nueva sede en Torre di Mosto.<\/p>\n\n\n\n<p><\/p>\n","protected":false},"excerpt":{"rendered":"<p>Una historia de proyectos, creatividad y experimentaci\u00f3n continua. Desde 1976. Este es el saber hacer que Magis aporta al mundo del dise\u00f1o. Fundada en el norte de Italia como una empresa familiar, gracias al ingenio del visionario Eugenio Perazza, Magis ha crecido hasta convertirse en un aut\u00e9ntico laboratorio de dise\u00f1o para los sectores del hogar,&#8230;<\/p>\n","protected":false},"author":1,"featured_media":0,"parent":0,"menu_order":1,"comment_status":"closed","ping_status":"closed","template":"","meta":{"_acf_changed":false,"footnotes":""},"class_list":["post-99093","page","type-page","status-publish","hentry"],"acf":[],"_links":{"self":[{"href":"https:\/\/www.magisdesign.com\/es\/wp-json\/wp\/v2\/pages\/99093","targetHints":{"allow":["GET"]}}],"collection":[{"href":"https:\/\/www.magisdesign.com\/es\/wp-json\/wp\/v2\/pages"}],"about":[{"href":"https:\/\/www.magisdesign.com\/es\/wp-json\/wp\/v2\/types\/page"}],"author":[{"embeddable":true,"href":"https:\/\/www.magisdesign.com\/es\/wp-json\/wp\/v2\/users\/1"}],"replies":[{"embeddable":true,"href":"https:\/\/www.magisdesign.com\/es\/wp-json\/wp\/v2\/comments?post=99093"}],"version-history":[{"count":2,"href":"https:\/\/www.magisdesign.com\/es\/wp-json\/wp\/v2\/pages\/99093\/revisions"}],"predecessor-version":[{"id":197303,"href":"https:\/\/www.magisdesign.com\/es\/wp-json\/wp\/v2\/pages\/99093\/revisions\/197303"}],"wp:attachment":[{"href":"https:\/\/www.magisdesign.com\/es\/wp-json\/wp\/v2\/media?parent=99093"}],"curies":[{"name":"wp","href":"https:\/\/api.w.org\/{rel}","templated":true}]}}