{"id":19560,"date":"2018-05-24T07:41:02","date_gmt":"2018-05-24T07:41:02","guid":{"rendered":"http:\/\/magisdesing.com\/\/en-es\/"},"modified":"2019-08-28T13:36:25","modified_gmt":"2019-08-28T13:36:25","slug":"cookie-policy","status":"publish","type":"page","link":"https:\/\/www.magisdesign.com\/es\/cookie-policy\/","title":{"rendered":"Cookie Policy"},"content":{"rendered":"<p><u>POL\u00cdTICA DE COOKIES DEL SITIO WEB DE MAGIS <\/u><\/p>\n<p>MAGIS utiliza cookies para hacer que su sitio sea m\u00e1s f\u00e1cil e intuitivo. Los datos recogidos a trav\u00e9s de las cookies se utilizan para que la experiencia de navegaci\u00f3n del usuario sea m\u00e1s satisfactoria y \u00fatil.<\/p>\n<ol>\n<li><u>Definiciones<\/u><\/li>\n<\/ol>\n<p>A los efectos de la presente Pol\u00edtica de Cookies: \u00abMAGIS\u00bb significa Magis S.p.A., una empresa constituida conforme a la legislaci\u00f3n italiana, con domicilio social en Z.I. Ponte Tezze &#8211; via Triestina, accesso E &#8211; 30020 Torre di Mosto (Provincia de Venecia) Italia. \u00abUsuario\u00bb significa la persona que accede a este sitio y\/o interact\u00faa con cualquier servicio web proporcionado por MAGIS. \u00abSitio\u00bb significa estas p\u00e1ginas web http:\/\/www.magisdesign.com. La presente Pol\u00edtica de Cookies se refiere exclusivamente al Sitio Web oficial de MAGIS y no a otros sitios web que puedan ser consultados por el usuario a trav\u00e9s de los enlaces existentes en este Sitio Web o de cualquier otro modo.<\/p>\n<p><u>2. \u00bfQu\u00e9 es una cookie?<\/u><\/p>\n<p>Las cookies son fragmentos de texto breves (letras y\/o n\u00fameros) que los sitios visitados por el usuario env\u00edan al terminal del mismo (por lo general al navegador), donde se almacenan y luego se transmiten de nuevo a los mismos sitios la pr\u00f3xima vez que el usuario los visita. Las cookies son almacenadas por cada navegador en el dispositivo espec\u00edfico utilizado (ordenador, tableta, tel\u00e9fono) de acuerdo con las preferencias del usuario. Una cookie no puede recuperar ning\u00fan otro dato del disco duro del usuario ni transmitir virus inform\u00e1ticos o adquirir direcciones de correo electr\u00f3nico. Algunas de las funciones de las cookies pueden ser delegadas a otras tecnolog\u00edas. Entre ellas la \u00abweb beacon\u00bb (tambi\u00e9n conocida como Pixel Tag, Web Bug o Clear GIF), URL de rastreo o SDK (paquetes de desarrollo para aplicaciones). Una web beacon es un peque\u00f1o objeto gr\u00e1fico formado por un solo p\u00edxel que llega al ordenador del usuario como parte de una p\u00e1gina web, aplicaci\u00f3n, anuncio o correo electr\u00f3nico en formato HTML. Los p\u00edxeles se pueden utilizar para recopilar informaci\u00f3n sobre el dispositivo del usuario, como el tipo de navegador, el sistema operativo, la direcci\u00f3n IP y la hora de la visita. Tambi\u00e9n se utilizan para liberar y leer cookies en el navegador del usuario. Las URL de rastreo se utilizan para determinar desde qu\u00e9 sitio se origin\u00f3 la visita del usuario a un sitio en especial. Los SDK son peque\u00f1as porciones del c\u00f3digo incluidas en las aplicaciones, que funcionan como las cookies y las web beacon. En esta Pol\u00edtica de Cookies, el t\u00e9rmino \u00abcookie\u00bb se refiere tanto a las cookies propiamente dichas como a todas las tecnolog\u00edas similares.<\/p>\n<p><u>3. Clasificaci\u00f3n de las cookies<\/u><\/p>\n<p>Las cookies pueden ser cookies propias (o de primera parte) y cookies de terceros (o de tercera parte). Las cookies de \u00abprimera parte\u00bb son cookies que indican como dominio el sitio al que se refieren, mientras que las cookies de \u00abtercera parte\u00bb son aquellas que se refieren a dominios externos. Las cookies de tercera parte siempre est\u00e1n instaladas por una entidad externa, definida precisamente como \u00abtercera parte\u00bb, y no son gestionadas por el sitio al que se refieren. Estas entidades pueden instalar tambi\u00e9n cookies de primera parte, que se guardan en el dominio del sitio al que se refieren sus propias cookies. Tambi\u00e9n existen las llamadas \u00abFlash cookie\u00bb (Local Shared Objects), que se utilizan en el programa Adobe Flash Player para cargar algunos contenidos, como videoclips o animaciones, de modo que se registran la configuraci\u00f3n y las preferencias. Las Flash cookies se archivan en el dispositivo, pero se gestionan a trav\u00e9s de una interfaz diferente respecto a la que proporciona el navegador utilizado. En cuanto a la naturaleza de las cookies, existen varios tipos: las cookies t\u00e9cnicas, que son las que se utilizan con la \u00fanica finalidad de \u00abtransmitir una comunicaci\u00f3n a trav\u00e9s de una red de comunicaci\u00f3n electr\u00f3nica, o en la medida estrictamente necesaria al proveedor de un servicio de la sociedad de la informaci\u00f3n expl\u00edcitamente solicitada por el abonado o usuario para la prestaci\u00f3n de dicho servicio\u00bb (v\u00e9ase el art. 122, apartado 1, del C\u00f3digo de Protecci\u00f3n de Datos Personales del Decreto Legislativo 2003\/196, en lo sucesivo, \u00abC\u00f3digo de Privacidad\u00bb). Las cookies no se utilizan con otros objetivos y por lo general las instala directamente el titular o administrador del sitio web. Estas cookies t\u00e9cnicas a su vez pueden clasificarse en: (i) cookies de navegaci\u00f3n o de sesi\u00f3n, que garantizan la navegaci\u00f3n y el uso normal del sitio web al que se refieren (permitiendo, por ejemplo, realizar una compra o autenticarse para acceder a las \u00e1reas reservadas); de hecho, son necesarias para el correcto funcionamiento del sitio; (ii) cookies de an\u00e1lisis, similares a las cookies t\u00e9cnicas que utiliza directamente el administrador del sitio para recabar informaci\u00f3n, de forma agregada, sobre el n\u00famero de usuarios y sobre c\u00f3mo visitan el propio sitio, con el fin de mejorar el rendimiento del sitio; (iii) cookies de funcionalidad, que permiten al usuario navegar de acuerdo con una serie de criterios seleccionados (por ejemplo, el idioma) con el fin de mejorar la visita del sitio. <u>La instalaci\u00f3n de estas cookies no requiere el consentimiento previo del usuario<\/u> que, por tanto, puede impedir libremente la instalaci\u00f3n de cookies t\u00e9cnicas, modificando la configuraci\u00f3n de su navegador (ver a continuaci\u00f3n \u00abGesti\u00f3n de las cookies\u00bb). Sin embargo, es importante tener en cuenta que el bloqueo de la instalaci\u00f3n de las cookies t\u00e9cnicas, o su posterior eliminaci\u00f3n, puede comprometer total o parcialmente la capacidad del usuario para acceder al sitio al que se refieren, para utilizarlo de forma total o parcial, para habilitar o deshabilitar determinadas funciones o para recibir determinados servicios. En cuanto a la naturaleza de las cookies, adem\u00e1s de las cookies t\u00e9cnicas mencionadas anteriormente, tambi\u00e9n existen las cookies para la elaboraci\u00f3n de perfiles. La funci\u00f3n de estas cookies es la de crear perfiles relativos al usuario y se utilizan para enviar mensajes publicitarios en l\u00ednea con las preferencias manifestadas por el usuario durante su navegaci\u00f3n en la red. <u>Para el uso de cookies de elaboraci\u00f3n de perfiles se requiere el consentimiento del usuario<\/u>. En particular, el usuario puede autorizar o denegar la autorizaci\u00f3n para la instalaci\u00f3n de las cookies a trav\u00e9s de las opciones proporcionadas en el apartado dedicado a ello (ver a continuaci\u00f3n \u00abGesti\u00f3n de las cookies&#187;). <u>En el caso de cookies de terceros<\/u>, el sitio al que se refieren no tiene un control directo de las distintas cookies individuales y <u>no puede controlarlas<\/u> (no puede instalarlas directamente ni eliminarlas). En cualquier caso, el usuario puede gestionar estas cookies a trav\u00e9s de la configuraci\u00f3n del navegador (ver m\u00e1s adelante \u00abGesti\u00f3n de las cookies\u00bb), o directamente a trav\u00e9s de las instrucciones facilitadas en la p\u00e1gina web de la tercera parte.<\/p>\n<p><u>4. Cookies instaladas en el sitio de MAGIS &#8211; Declaraci\u00f3n<\/u><\/p>\n<p>A continuaci\u00f3n indicamos las cookies instaladas en este sitio. Las cookies de terceros est\u00e1n vinculadas a la pol\u00edtica de privacidad del proveedor externo correspondiente, donde puede encontrar una descripci\u00f3n detallada de cada cookie y de c\u00f3mo se las procesa. <u>Cookies de sistema<\/u>. El sitio utiliza cookies que garantizan al usuario una mejor experiencia de navegaci\u00f3n, estas cookies son esenciales para el uso correcto del sitio. El usuario puede desactivar estas cookies desde su navegador siguiendo las instrucciones del p\u00e1rrafo espec\u00edfico, pero comprometer\u00e1 su experiencia de navegaci\u00f3n en el sitio y MAGIS no podr\u00e1 responder de los fallos de funcionamiento. Facebook: Facebook utiliza cookies para ofrecer al usuario del sitio la funcionalidad de compartir y poner \u00ablike\u00bb en su muro. Para m\u00e1s informaci\u00f3n, consultar la p\u00e1gina https:\/\/www.facebook.com\/about\/privacy. <u>Cookies de elaboraci\u00f3n de perfiles<\/u> Facebook: Facebook instala cookies en el sitio para estudiar y mejorar la publicidad, con acciones de remarketing, con el objetivo de enviar al usuario mensajes acordes con sus intereses. El remarketing contribuye a llegar a los usuarios que han visitado el sitio. M\u00e1s informaci\u00f3n, tambi\u00e9n en relaci\u00f3n a c\u00f3mo desactivar estas cookies, se puede encontrar en el siguiente enlace: <a href=\"https:\/\/www.facebook.com\/policies\/cookies\/\">https:\/\/www.facebook.com\/policies\/cookies\/<\/a><\/p>\n<p><u>5. Duraci\u00f3n de las cookies<\/u><\/p>\n<p>Las cookies tienen una duraci\u00f3n determinada por la fecha de caducidad (o por una acci\u00f3n espec\u00edfica como el cierre del navegador) establecida en el momento de la instalaci\u00f3n. Las cookies pueden ser: (i) cookies temporales o de sesi\u00f3n (session cookie): se utilizan para almacenar informaci\u00f3n temporal, permiten vincular acciones realizadas durante una sesi\u00f3n espec\u00edfica y se eliminan del ordenador cuando se cierra el navegador; (ii) cookies persistentes (persistent cookies): se utilizan para almacenar informaci\u00f3n, por ejemplo el nombre de usuario y la contrase\u00f1a de acceso, de modo que no tenga que volver a escribirlos cada vez que visite el sitio. Las cookies persistentes permanecen almacenadas en el ordenador del usuario, incluso despu\u00e9s de cerrar el navegador.<\/p>\n<p><u>6. Gesti\u00f3n de las cookies<\/u><\/p>\n<p>En cumplimiento de las directrices del C\u00f3digo de Privacidad y, en particular, de los art\u00edculos 13 y 122 y con referencia a la disposici\u00f3n de identificaci\u00f3n de las modalidades simplificadas para la informaci\u00f3n y adquisici\u00f3n del consentimiento para el uso de cookies de 8 de mayo de 2014, <u>el usuario podr\u00e1 modificar en cualquier momento el consentimiento a las cookies<\/u>. MAGIS realizar\u00e1 un seguimiento del consentimiento del usuario a trav\u00e9s de una cookie t\u00e9cnica oportuna, considerada por el Garante de la Privacidad como una herramienta \u00abno particularmente invasiva\u00bb. <u>El usuario puede denegar su consentimiento<\/u> y\/o modificar en cualquier momento sus opciones en relaci\u00f3n con el uso de cookies por parte de este sitio, accediendo a la presente declaraci\u00f3n. Tambi\u00e9n se puede visitar el sitio sin las cookies. La mayor\u00eda de los navegadores (Internet Explorer, Firefox, Chrome, etc.) est\u00e1n configurados para aceptar las cookies autom\u00e1ticamente. Las cookies almacenadas en el disco duro del dispositivo del usuario pueden ser borradas y tambi\u00e9n se pueden desactivar las cookies siguiendo las instrucciones proporcionadas por los principales navegadores. La elecci\u00f3n de no hacer aceptar cookies en su navegador, sin embargo, puede limitar las funciones accesibles en el sitio y, por lo tanto, MAGIS no puede garantizar la visualizaci\u00f3n completa de todas las p\u00e1ginas web o la prestaci\u00f3n de todos los servicios en el caso que el usuario decidiera no aceptar las cookies. El usuario tambi\u00e9n tiene derecho a ejercer en cualquier momento los derechos reconocidos por el art\u00edculo 7 del Decreto Legislativo 196\/2003 y, en particular, entre otros, a obtener una copia de los datos tratados, su actualizaci\u00f3n, su origen, finalidad y modalidad de tratamiento, su rectificaci\u00f3n o integraci\u00f3n, su cancelaci\u00f3n, su transformaci\u00f3n en forma an\u00f3nima o su bloqueo para los tratamientos en violaci\u00f3n de la ley y a oponerse al tratamiento por motivos leg\u00edtimos. <u>Para ejercer estos derechos, consulte la Pol\u00edtica de Privacidad<\/u> publicada en este sitio. <u>Si usted ya ha dado su consentimiento pero desea cambiar sus permisos de cookies<\/u>, debe eliminarlas a trav\u00e9s de su navegador. Tenga en cuenta, como se ha mencionado anteriormente, que no es posible de ninguna manera controlar las cookies de terceros, por lo que si ya se dio el consentimiento con anterioridad, debe proceder a eliminar las cookies a trav\u00e9s de su navegador o solicitando el opt-out directamente a las terceras partes.<\/p>\n","protected":false},"excerpt":{"rendered":"<p>POL\u00cdTICA DE COOKIES DEL SITIO WEB DE MAGIS MAGIS utiliza cookies para hacer que su sitio sea m\u00e1s f\u00e1cil e intuitivo. Los datos recogidos a trav\u00e9s de las cookies se utilizan para que la experiencia de navegaci\u00f3n del usuario sea m\u00e1s satisfactoria y \u00fatil. Definiciones A los efectos de la presente Pol\u00edtica de Cookies: \u00abMAGIS\u00bb&#8230;<\/p>\n","protected":false},"author":1,"featured_media":0,"parent":0,"menu_order":0,"comment_status":"closed","ping_status":"closed","template":"","meta":{"_acf_changed":false,"footnotes":""},"class_list":["post-19560","page","type-page","status-publish","hentry"],"acf":[],"_links":{"self":[{"href":"https:\/\/www.magisdesign.com\/es\/wp-json\/wp\/v2\/pages\/19560","targetHints":{"allow":["GET"]}}],"collection":[{"href":"https:\/\/www.magisdesign.com\/es\/wp-json\/wp\/v2\/pages"}],"about":[{"href":"https:\/\/www.magisdesign.com\/es\/wp-json\/wp\/v2\/types\/page"}],"author":[{"embeddable":true,"href":"https:\/\/www.magisdesign.com\/es\/wp-json\/wp\/v2\/users\/1"}],"replies":[{"embeddable":true,"href":"https:\/\/www.magisdesign.com\/es\/wp-json\/wp\/v2\/comments?post=19560"}],"version-history":[{"count":0,"href":"https:\/\/www.magisdesign.com\/es\/wp-json\/wp\/v2\/pages\/19560\/revisions"}],"wp:attachment":[{"href":"https:\/\/www.magisdesign.com\/es\/wp-json\/wp\/v2\/media?parent=19560"}],"curies":[{"name":"wp","href":"https:\/\/api.w.org\/{rel}","templated":true}]}}