{"id":19397,"date":"2015-01-08T16:07:28","date_gmt":"2015-01-08T16:07:28","guid":{"rendered":"http:\/\/magisdesing.com\/\/privacy-policy\/"},"modified":"2019-10-10T07:25:36","modified_gmt":"2019-10-10T07:25:36","slug":"privacy-policy","status":"publish","type":"page","link":"https:\/\/www.magisdesign.com\/es\/privacy-policy\/","title":{"rendered":"privacy policy"},"content":{"rendered":"<p><strong>NOTA INFORMATIVA Y DECLARACI\u00d3N DE CONSENTIMIENTO EN VIRTUD DEL REGLAMENTO (UE) 2016\/679<\/strong><\/p>\n<p><strong><em>Presentaci\u00f3n<\/em><\/strong><\/p>\n<p>Estimada Se\u00f1ora \/ Estimado Se\u00f1or,<\/p>\n<p>Deseamos informarle que el Reglamento (UE) 2016\/679 (Reglamento europeo relativo a la protecci\u00f3n de datos personales) contempla la protecci\u00f3n de las personas f\u00edsicas y de otras entidades en relaci\u00f3n con el tratamiento de los datos personales. De conformidad con la normativa indicada, este tratamiento se funda en los principios de lealtad, licitud y transparencia, as\u00ed como de defensa de su confidencialidad y sus derechos. Por lo tanto, en virtud del art\u00edculo 13 del Reglamento 2016\/679, le informamos que:<\/p>\n<p><strong><em>Finalidad del tratamiento:<\/em><\/strong><\/p>\n<p>Magis fue fundada en 1976 y es actualmente una empresa de referencia en el mundo del dise\u00f1o, cuyo objetivo es que un amplio segmento de usuarios pueda acceder a los productos 100% Made in Italy, de elevada calidad funcional y tecnol\u00f3gica, desarrollados junto con los protagonistas del dise\u00f1o internacional.<\/p>\n<p>Los datos personales que nos ha comunicado ser\u00e1n tratados para las siguientes finalidades:<\/p>\n<ul>\n<li>Suministrar productos con elevado contenido de dise\u00f1o.<\/li>\n<li>Env\u00edo de boletines informativos e informaci\u00f3n de marketing y comerciales como eventos, ferias, etc.<\/li>\n<\/ul>\n<p><strong><em>Base jur\u00eddica del tratamiento:<\/em><\/strong><\/p>\n<p>La base jur\u00eddica del tratamiento de sus datos personales se funda en el cumplimiento de las obligaciones contractuales.<\/p>\n<p><strong><em>Intereses leg\u00edtimos del Responsable del tratamiento:<\/em><\/strong><\/p>\n<p>Los intereses leg\u00edtimos perseguidos por el Responsable del tratamiento de los datos deriva del tener que respetar y mantener las obligaciones contractuales firmadas entre las partes. En virtud del art\u00edculo 6, la licitud del tratamiento se basa en el consentimiento manifiestamente expresado por parte del interesado, documentado en forma escrita.<\/p>\n<p><strong><em>Tiempos de conservaci\u00f3n <\/em><\/strong><\/p>\n<p>Los datos que nos ha comunicado se conservar\u00e1n durante el plazo necesario que, salvo disposiciones legales diferentes, podr\u00e1n ser de un m\u00e1ximo de 3 a\u00f1os despu\u00e9s del cumplimiento del encargo.<\/p>\n<p><strong><em>Existencia de decisiones automatizadas<\/em><\/strong><\/p>\n<p>Se constatan decisiones automatizadas. El resultado del env\u00edo de boletines informativos e informaci\u00f3n comercial podr\u00e1 utilizarse para la elaboraci\u00f3n de perfiles digitales. En cualquier caso, para este tipo de actividades, se requiere un ulterior consentimiento.<\/p>\n<p><strong><em>Transferencia de los datos a terceros pa\u00edses<\/em><\/strong><\/p>\n<p>Para el desempe\u00f1o de su actividad, Magis organiza y participa en eventos y ferias. En estos casos los datos se tratar\u00e1n de manera conforme al reglamento y no ser\u00e1n divulgados a terceros.<\/p>\n<p><strong><em>Tratamiento de los datos de menores de edad<\/em><\/strong><\/p>\n<p>Por lo general no se recogen ni tratan datos de menores de 18 a\u00f1os.<\/p>\n<p><strong><em>Modalidad de tratamiento:<\/em><\/strong><\/p>\n<p>Los datos ser\u00e1n tratados en el respeto de la seguridad y la confidencialidad necesarias, adoptando las siguientes modalidades: recogida de datos del interesado, recopilados y registrados para fines determinados, expl\u00edcitos y leg\u00edtimos, y utilizados en ulteriores operaciones de tratamiento en plazos compatibles con dichos fines. Los datos se tratar\u00e1n principalmente con herramientas electr\u00f3nicas e inform\u00e1ticas y se memorizar\u00e1n en soportes inform\u00e1ticos, de papel y en cualquier otro tipo de soporte id\u00f3neo, en el respeto de las disposiciones del Reglamento 2016\/679 en materia de medidas adecuadas de seguridad.<\/p>\n<p><strong><em>\u00cdndole obligatoria o facultativa de la comunicaci\u00f3n de datos y consecuencias de una denegaci\u00f3n a responder:<\/em><\/strong><\/p>\n<p>La comunicaci\u00f3n de los datos es facultativo ya que se solicitan \u00fanicamente los datos esenciales para la preparaci\u00f3n de las cotizaciones, ofertas, acuerdos y contratos comerciales. La denegaci\u00f3n, incluso parcial, de la comunicaci\u00f3n de estos datos podr\u00eda determinar la imposibilidad de ejecuci\u00f3n del acuerdo y\/o contrato o la ejecuci\u00f3n parcial. Para las actividades de marketing y env\u00edo de boletines informativos se requiere un ulterior consentimiento.<\/p>\n<p><strong><em>Comunicaci\u00f3n de datos a terceros:<\/em><\/strong><\/p>\n<p>Los encargados o las personas designadas como nuestros colaboradores pueden conocer los datos en cuesti\u00f3n. Adem\u00e1s le informamos que, los que le competan podr\u00e1n ser comunicados para el tratamiento relacionado (siempre en el respeto de las citadas medidas de seguridad y confidencialidad) a:<\/p>\n<ul>\n<li>organismos p\u00fablicos autorizados (entidades de previsi\u00f3n social, ministerio de hacienda, etc.), entidades acreditadas;<\/li>\n<li>estudios profesionales (gestores, consultores del trabajo, legales y de seguros);<\/li>\n<li>nuestros socios y revendedores.<\/li>\n<\/ul>\n<p><strong><em>Responsable y encargado del tratamiento:<\/em><\/strong><\/p>\n<p>El responsable y a su vez encargado del tratamiento es: Alberto Perazza, domiciliado en Magis Spa via Triestina Accesso E 30020 Torre di Mosto (Venecia). Tel\/Fax 0421-319600\/0421-319700. N\u00famero de registro del IVA 00475570263. Correo electr\u00f3nico: <a href=\"mailto:privacy@magisdesign.com\">privacy@magisdesign.com<\/a><\/p>\n<p>&nbsp;<\/p>\n<p>(Designaci\u00f3n del Delegado de protecci\u00f3n de datos)<\/p>\n<p><strong><em>Ejercicio de los derechos del interesado<\/em><\/strong><\/p>\n<p>En virtud de los art\u00edculos 13, inciso segundo, letras (b) y (d), 15, 18, 19 y 21 del Reglamento, se informa al interesado que:<\/p>\n<p>a) tiene el derecho de solicitar al Responsable del tratamiento el acceso a sus datos personales, la rectificaci\u00f3n o supresi\u00f3n de \u00e9stos, puede oponerse a su tratamiento y tiene el derecho de solicitar la limitaci\u00f3n del tratamiento en los casos previstos;<\/p>\n<p>b) tiene el derecho de proponer una reclamaci\u00f3n al supervisor para la protecci\u00f3n de datos personales, siguiendo los procedimientos y las indicaciones publicadas en el sitio web oficial de la Autoridad en www.garanteprivacy.it;<\/p>\n<p>c) las rectificaciones, supresiones o limitaciones del tratamiento realizadas bajo demanda del interesado, salvo que se demuestre imposible o represente un esfuerzo desproporcionado, ser\u00e1n comunicadas por el Responsable a cada uno de los destinatarios a los que se transmitieron los datos personales. El Responsable podr\u00e1 comunicar al interesado estos destinatarios en el caso el interesado los solicite.<\/p>\n<p>El ejercicio de los derechos no se somete a v\u00ednculo alguno de forma y es gratuito. Para mayor utilidad, los art\u00edculos del 15 al 23 del Reglamento pueden consultarse en el siguiente enlace: <a href=\"https:\/\/eur-lex.europa.eu\/legal-content\/ES\/TXT\/HTML\/?uri=CELEX:32016R0679&amp;qid=1528190498440&amp;from=ES\">https:\/\/eur-lex.europa.eu\/legal-content\/ES\/TXT\/HTML\/?uri=CELEX:32016R0679&amp;qid=1528190498440&amp;from=ES<\/a><\/p>\n<p>&nbsp;<\/p>\n<p style=\"text-align: right;\">Magis spa<\/p>\n<p style=\"text-align: right;\">\u00a0\u00a0\u00a0\u00a0\u00a0\u00a0\u00a0\u00a0\u00a0\u00a0\u00a0\u00a0\u00a0\u00a0\u00a0\u00a0\u00a0\u00a0\u00a0\u00a0\u00a0\u00a0\u00a0\u00a0\u00a0\u00a0\u00a0\u00a0\u00a0\u00a0\u00a0\u00a0\u00a0\u00a0\u00a0\u00a0\u00a0\u00a0\u00a0\u00a0\u00a0\u00a0\u00a0\u00a0\u00a0\u00a0\u00a0\u00a0\u00a0\u00a0\u00a0\u00a0\u00a0\u00a0\u00a0\u00a0\u00a0\u00a0\u00a0\u00a0\u00a0\u00a0\u00a0\u00a0\u00a0\u00a0\u00a0\u00a0\u00a0\u00a0\u00a0\u00a0\u00a0\u00a0\u00a0\u00a0\u00a0\u00a0\u00a0\u00a0\u00a0\u00a0\u00a0\u00a0\u00a0\u00a0\u00a0\u00a0\u00a0\u00a0\u00a0\u00a0\u00a0\u00a0\u00a0\u00a0\u00a0\u00a0\u00a0\u00a0\u00a0\u00a0\u00a0\u00a0\u00a0\u00a0\u00a0\u00a0 El Presidente del C.d.A.<\/p>\n<p style=\"text-align: right;\">\u00a0\u00a0\u00a0\u00a0\u00a0\u00a0\u00a0\u00a0\u00a0\u00a0\u00a0\u00a0\u00a0\u00a0\u00a0\u00a0\u00a0\u00a0\u00a0\u00a0\u00a0\u00a0\u00a0\u00a0\u00a0\u00a0\u00a0\u00a0\u00a0\u00a0\u00a0\u00a0\u00a0\u00a0\u00a0\u00a0\u00a0\u00a0\u00a0\u00a0\u00a0\u00a0\u00a0\u00a0\u00a0\u00a0\u00a0\u00a0\u00a0\u00a0\u00a0\u00a0\u00a0\u00a0\u00a0\u00a0\u00a0\u00a0\u00a0\u00a0\u00a0\u00a0\u00a0\u00a0\u00a0\u00a0\u00a0\u00a0\u00a0\u00a0\u00a0\u00a0\u00a0\u00a0\u00a0\u00a0\u00a0\u00a0\u00a0\u00a0\u00a0\u00a0\u00a0\u00a0\u00a0\u00a0\u00a0\u00a0\u00a0\u00a0\u00a0\u00a0\u00a0\u00a0\u00a0\u00a0\u00a0\u00a0\u00a0\u00a0\u00a0\u00a0\u00a0\u00a0\u00a0\u00a0\u00a0\u00a0\u00a0\u00a0\u00a0\u00a0 Alberto Perazza<\/p>\n<p style=\"text-align: right;\">\n","protected":false},"excerpt":{"rendered":"<p>NOTA INFORMATIVA Y DECLARACI\u00d3N DE CONSENTIMIENTO EN VIRTUD DEL REGLAMENTO (UE) 2016\/679 Presentaci\u00f3n Estimada Se\u00f1ora \/ Estimado Se\u00f1or, Deseamos informarle que el Reglamento (UE) 2016\/679 (Reglamento europeo relativo a la protecci\u00f3n de datos personales) contempla la protecci\u00f3n de las personas f\u00edsicas y de otras entidades en relaci\u00f3n con el tratamiento de los datos personales. De&#8230;<\/p>\n","protected":false},"author":1,"featured_media":0,"parent":0,"menu_order":0,"comment_status":"open","ping_status":"open","template":"","meta":{"_acf_changed":false,"footnotes":""},"class_list":["post-19397","page","type-page","status-publish","hentry"],"acf":[],"_links":{"self":[{"href":"https:\/\/www.magisdesign.com\/es\/wp-json\/wp\/v2\/pages\/19397","targetHints":{"allow":["GET"]}}],"collection":[{"href":"https:\/\/www.magisdesign.com\/es\/wp-json\/wp\/v2\/pages"}],"about":[{"href":"https:\/\/www.magisdesign.com\/es\/wp-json\/wp\/v2\/types\/page"}],"author":[{"embeddable":true,"href":"https:\/\/www.magisdesign.com\/es\/wp-json\/wp\/v2\/users\/1"}],"replies":[{"embeddable":true,"href":"https:\/\/www.magisdesign.com\/es\/wp-json\/wp\/v2\/comments?post=19397"}],"version-history":[{"count":0,"href":"https:\/\/www.magisdesign.com\/es\/wp-json\/wp\/v2\/pages\/19397\/revisions"}],"wp:attachment":[{"href":"https:\/\/www.magisdesign.com\/es\/wp-json\/wp\/v2\/media?parent=19397"}],"curies":[{"name":"wp","href":"https:\/\/api.w.org\/{rel}","templated":true}]}}