{"id":99109,"date":"2019-10-15T12:56:57","date_gmt":"2019-10-15T12:56:57","guid":{"rendered":"https:\/\/www.magisdesign.com\/site\/profil\/philosophy\/"},"modified":"2026-01-15T10:56:59","modified_gmt":"2026-01-15T10:56:59","slug":"philosophy","status":"publish","type":"page","link":"https:\/\/www.magisdesign.com\/de\/profil\/philosophy\/","title":{"rendered":"Geschichte"},"content":{"rendered":"\n<p>Magis ist in erster Linie eine Familiengeschichte, eine Geschichte voller Leidenschaft f\u00fcr Design und Mut zum Wagnis. Alles begann 1976, als Eugenio Perazza, ein vision\u00e4rer Unternehmer, beschloss, auf Design zu setzen und in Motta di Livenza, damals ein kleines landwirtschaftlich gepr\u00e4gtes Dorf in Venetien, zu starten.<\/p>\n\n\n\n<p>Seine Idee ist klar und ehrgeizig: die industrielle Massenproduktion durch kontinuierliches Experimentieren mit neuen Sprachen, Technologien und Materialien voranzutreiben, um etwas \u201eMehr\u201c als das Gew\u00f6hnliche zu bieten, genau wie es der Name Magis suggeriert, ein lateinisches Wort, das \u201emehr als\u201c bedeutet.<\/p>\n\n\n\n<p>Es sind keine einfachen Jahre, aber Perazza h\u00f6rt nicht auf, an seinen Traum zu glauben. Es ist die Leidenschaft, die die Marke antreibt, die nach und nach die Muster der lokalen Tradition durchbricht: Konventionalismus und Skepsis weichen der neuen Perspektive von Magis.<\/p>\n\n\n\n<p><strong>Der Esprit von Magis<\/strong><\/p>\n\n\n\n<p>Magis treibt die internationale Dimension mit einem klaren und pr\u00e4zisen Ziel voran: die Horizonte des Designs durch Innovation und Experimentierfreudigkeit neu zu definieren.<\/p>\n\n\n\n<p><strong>\u201eWir sind eine Fabrik von K\u00fcnstlern, weil wir Mut, Intuition und Kreativit\u00e4t einzusetzen wissen.\u201c<\/strong><\/p>\n\n\n\n<p><\/p>\n\n\n<\/div>\n<div class=\"container-fluid  strange-grid\">\n\t\t<div\n                id=\"colonne-block_4f3386b348619689ad462bd339afce9b\" class=\"colonne\"\n        >\n\t\t<div class=\"papion-colonne row\">\n\t\t \t\t\t\t<div class=\"colonna col-12 col-md-4\">\n\t\t\t<div class=\"image\">\n\t\t\t        \t<img loading=\"lazy\" decoding=\"async\" width=\"800\" height=\"800\" src=\"https:\/\/www.magisdesign.com\/wp-content\/uploads\/2019\/12\/IMG_4669-1-800x800.jpg\" class=\"attachment-quadrata size-quadrata\" alt=\"\" srcset=\"https:\/\/www.magisdesign.com\/wp-content\/uploads\/2019\/12\/IMG_4669-1-800x800.jpg 800w, https:\/\/www.magisdesign.com\/wp-content\/uploads\/2019\/12\/IMG_4669-1-150x150.jpg 150w, https:\/\/www.magisdesign.com\/wp-content\/uploads\/2019\/12\/IMG_4669-1-300x300.jpg 300w\" sizes=\"auto, (max-width: 800px) 100vw, 800px\" \/>    \t\t    \t\t\t\t\t<\/div>\n        \t\t\t\t<div class=\"image\">\n\t\t\t        \t<img loading=\"lazy\" decoding=\"async\" width=\"800\" height=\"800\" src=\"https:\/\/www.magisdesign.com\/wp-content\/uploads\/2019\/12\/STAND-VALENCIA-88-800x800.jpg\" class=\"attachment-quadrata size-quadrata\" alt=\"\" srcset=\"https:\/\/www.magisdesign.com\/wp-content\/uploads\/2019\/12\/STAND-VALENCIA-88-800x800.jpg 800w, https:\/\/www.magisdesign.com\/wp-content\/uploads\/2019\/12\/STAND-VALENCIA-88-150x150.jpg 150w, https:\/\/www.magisdesign.com\/wp-content\/uploads\/2019\/12\/STAND-VALENCIA-88-300x300.jpg 300w\" sizes=\"auto, (max-width: 800px) 100vw, 800px\" \/>    \t\t    \t\t\t\t\t<\/div>\n        \t\t\t<\/div>\n\t\t<div class=\"colonna col-12 col-md-4\">\n\t\t\t<div class=\"image\">\n\t\t\t        \t<img loading=\"lazy\" decoding=\"async\" width=\"800\" height=\"800\" src=\"https:\/\/www.magisdesign.com\/wp-content\/uploads\/2019\/12\/DEMI-MOORE-ON-A-RED-BOMBO-2006-800x800.jpg\" class=\"attachment-quadrata size-quadrata\" alt=\"\" srcset=\"https:\/\/www.magisdesign.com\/wp-content\/uploads\/2019\/12\/DEMI-MOORE-ON-A-RED-BOMBO-2006-800x800.jpg 800w, https:\/\/www.magisdesign.com\/wp-content\/uploads\/2019\/12\/DEMI-MOORE-ON-A-RED-BOMBO-2006-150x150.jpg 150w, https:\/\/www.magisdesign.com\/wp-content\/uploads\/2019\/12\/DEMI-MOORE-ON-A-RED-BOMBO-2006-300x300.jpg 300w\" sizes=\"auto, (max-width: 800px) 100vw, 800px\" \/>    \t\t    \t\t\t\t\t<\/div>\n        \t\t\t\t<div class=\"image\">\n\t\t\t        \t<img loading=\"lazy\" decoding=\"async\" width=\"499\" height=\"547\" src=\"https:\/\/www.magisdesign.com\/wp-content\/uploads\/2019\/12\/Bildschirmfoto-2019-12-12-um-14.51.17.png\" class=\"attachment-quadrata size-quadrata\" alt=\"\" srcset=\"https:\/\/www.magisdesign.com\/wp-content\/uploads\/2019\/12\/Bildschirmfoto-2019-12-12-um-14.51.17.png 499w, https:\/\/www.magisdesign.com\/wp-content\/uploads\/2019\/12\/Bildschirmfoto-2019-12-12-um-14.51.17-274x300.png 274w, https:\/\/www.magisdesign.com\/wp-content\/uploads\/2019\/12\/Bildschirmfoto-2019-12-12-um-14.51.17-338x370.png 338w, https:\/\/www.magisdesign.com\/wp-content\/uploads\/2019\/12\/Bildschirmfoto-2019-12-12-um-14.51.17-493x540.png 493w\" sizes=\"auto, (max-width: 499px) 100vw, 499px\" \/>    \t\t    \t\t\t\t\t<\/div>\n        \t\t\t<\/div>\n\t\t<div class=\"colonna col-12 col-md-4\">\n\t\t\t<div class=\"image\">\n\t\t\t        \t<img loading=\"lazy\" decoding=\"async\" width=\"523\" height=\"556\" src=\"https:\/\/www.magisdesign.com\/wp-content\/uploads\/2019\/12\/Bildschirmfoto-2019-12-12-um-14.55.12.png\" class=\"attachment-quadrata size-quadrata\" alt=\"\" srcset=\"https:\/\/www.magisdesign.com\/wp-content\/uploads\/2019\/12\/Bildschirmfoto-2019-12-12-um-14.55.12.png 523w, https:\/\/www.magisdesign.com\/wp-content\/uploads\/2019\/12\/Bildschirmfoto-2019-12-12-um-14.55.12-500x532.png 500w, https:\/\/www.magisdesign.com\/wp-content\/uploads\/2019\/12\/Bildschirmfoto-2019-12-12-um-14.55.12-282x300.png 282w, https:\/\/www.magisdesign.com\/wp-content\/uploads\/2019\/12\/Bildschirmfoto-2019-12-12-um-14.55.12-348x370.png 348w, https:\/\/www.magisdesign.com\/wp-content\/uploads\/2019\/12\/Bildschirmfoto-2019-12-12-um-14.55.12-508x540.png 508w\" sizes=\"auto, (max-width: 523px) 100vw, 523px\" \/>    \t\t    \t\t\t\t\t<\/div>\n        \t\t\t\t<div class=\"image\">\n\t\t\t        \t<img loading=\"lazy\" decoding=\"async\" width=\"800\" height=\"800\" src=\"https:\/\/www.magisdesign.com\/wp-content\/uploads\/2025\/10\/Magis_Toto_prodotto_01-800x800.jpg\" class=\"attachment-quadrata size-quadrata\" alt=\"\" srcset=\"https:\/\/www.magisdesign.com\/wp-content\/uploads\/2025\/10\/Magis_Toto_prodotto_01-800x800.jpg 800w, https:\/\/www.magisdesign.com\/wp-content\/uploads\/2025\/10\/Magis_Toto_prodotto_01-300x300.jpg 300w, https:\/\/www.magisdesign.com\/wp-content\/uploads\/2025\/10\/Magis_Toto_prodotto_01-1024x1024.jpg 1024w, https:\/\/www.magisdesign.com\/wp-content\/uploads\/2025\/10\/Magis_Toto_prodotto_01-150x150.jpg 150w, https:\/\/www.magisdesign.com\/wp-content\/uploads\/2025\/10\/Magis_Toto_prodotto_01-768x768.jpg 768w, https:\/\/www.magisdesign.com\/wp-content\/uploads\/2025\/10\/Magis_Toto_prodotto_01-1536x1536.jpg 1536w, https:\/\/www.magisdesign.com\/wp-content\/uploads\/2025\/10\/Magis_Toto_prodotto_01-540x540.jpg 540w, https:\/\/www.magisdesign.com\/wp-content\/uploads\/2025\/10\/Magis_Toto_prodotto_01-500x500.jpg 500w, https:\/\/www.magisdesign.com\/wp-content\/uploads\/2025\/10\/Magis_Toto_prodotto_01-700x700.jpg 700w, https:\/\/www.magisdesign.com\/wp-content\/uploads\/2025\/10\/Magis_Toto_prodotto_01.jpg 1740w\" sizes=\"auto, (max-width: 800px) 100vw, 800px\" \/>    \t\t    \t\t\t\t\t<\/div>\n        \t\t\t<\/div>\n\t\t\n            <\/div>\n        <\/div>\n        <\/div>\n<div class=\"wrapper\">\n\t\t\n\n\n<p>Die Zusammenarbeit mit Andries Van Onck und Marc Berthier markiert einen ersten wichtigen Wendepunkt f\u00fcr das Unternehmen. Es entstehen Kooperationen mit jungen Designtalenten, und damit beginnt eine lange Reihe von Erfolgen.<\/p>\n\n\n\n<p>1994 kommt Bottle auf den Markt, der stapelbare Flaschenhalter von Jasper Morrison: eine Ikone, die internationale Preise gewinnt und in die st\u00e4ndigen Sammlungen von Museen wie dem MoMA in New York und dem Victoria &amp; Albert Museum in London aufgenommen wird.<\/p>\n\n\n\n<p>1996 treten Barbara Minetto und Alberto Perazza in das Unternehmen ein und erweitern die Vision der Marke weiter.<\/p>\n\n\n\n<p>Im folgenden Jahr entsteht Bombo von Stefano Giovannoni, der h\u00f6henverstellbare Hocker, der zu einer echten Stilikone, aber auch zu einem der am h\u00e4ufigsten kopierten Designprodukte aller Zeiten werden sollte.<\/p>\n\n\n\n<p>Mit Beginn der 2000er Jahre startet Magis mit einer technologischen Revolution ins neue Jahrhundert: Der Air-Chair von Jasper Morrison entsteht, der erste Stuhl aus einem St\u00fcck aus Polypropylen, der mit der Air-Moulding-Technologie geformt wurde. Im Jahr 2003 folgt dann der Chair_One von Konstantin Grcic, ein weiterer Stuhl, der die Welt des Designs revolutioniert, diesmal durch die Verwendung der Druckgusstechnologie f\u00fcr Aluminium.<\/p>\n\n\n\n<p><strong>\u201eWir sind Menschen mit dem Kopf in den Wolken und den H\u00e4nden voller Experimente.\u201c<\/strong><\/p>\n\n\n\n<p>Das Experimentieren h\u00f6rt nie auf. Magis beschr\u00e4nkt sich nicht auf die Innovation von Materialien, sondern erforscht neue Kombinationen, greift traditionelle Techniken wieder auf und wertet die Kultur des \u201egut gemachten\u201c typisch f\u00fcr das beste italienische Design auf.<\/p>\n\n\n\n<p>2004 betritt Magis die Welt der Kinder. Gro\u00dfvater Eugenio m\u00f6chte seiner Enkelin Anna einen \u201erichtigen\u201d Tisch schenken, findet jedoch keinen passenden und beschlie\u00dft daher, eine ganze Designlinie zu entwerfen, die praktisch ist, aber auch einen p\u00e4dagogischen Wert hat. So entsteht Me Too, die erste Designerm\u00f6belkollektion aus der Sicht von Kindern, die es den Kleinsten erm\u00f6glicht, ihre Kreativit\u00e4t auf einfache und unterhaltsame Weise auszuleben, wie zum Beispiel mit Puppy, dem abstrakten H\u00fcndchen, entworfen von Eero Aarnio, das schnell zu einer Designikone f\u00fcr Kinder wird, die auch Erwachsenen gef\u00e4llt.<\/p>\n\n\n\n<p>2010 zieht Magis in den neuen Firmensitz in Torre di Mosto um: \u00fcber 98.000 Quadratmeter f\u00fcr Logistik, Montage, B\u00fcros und einen gro\u00dfen Showroom.<\/p>\n\n\n\n<p>Ein Jahr sp\u00e4ter folgen zwei weitere Erfolge: Magis bringt eine Neuauflage des ber\u00fchmten Proust von Mendini heraus, einem Symbol f\u00fcr Re-Design, in einer Outdoor-Version aus Polyethylen, und gewinnt seinen zweiten Compasso d&#8217;Oro mit dem Steelwood Chair (der erste kam 2008 mit Trioli von Eero Arnio), zu dem dann vier weitere hinzukommen: 2014 f\u00fcr Spun, 2020 der Compasso d&#8217;Oro alla Carriera an Eugenio Perazza, 2022 f\u00fcr Plato und 2024 f\u00fcr Costume sowie zahlreiche internationale Auszeichnungen.<\/p>\n\n\n\n<p>Magis hat stets die Zukunft und Nachhaltigkeit im Blick. Ein konkretes Engagement, das sich in langlebigen Produkten niederschl\u00e4gt, wie dem Stuhl Bell Chair von Konstantin Grcic (2020), das modulare Sofa Costume von Stefan Diez (2021), die aus recyceltem Polypropylen hergestellt werden, das aus Produktionsabf\u00e4llen gewonnen wird und wiederverwertbar ist, sowie die St\u00fchle RE Air-Chair und RE Air-Armchair (2023) aus 100 % Post-Consumer-Kunststoff, der aus dem Recycling von Polyester-Verbundstoffen und Einweg-Lebensmittelverpackungen stammt.<\/p>\n\n\n\n<p>Seit 2016 wird Magis von Alberto Perazza geleitet und ist heute ein internationales Unternehmen, das in H\u00e4usern, in \u00f6ffentlichen R\u00e4umen, im Objektbereich und in den st\u00e4ndigen Sammlungen der wichtigsten Museen der Welt vertreten ist.<\/p>\n\n\n\n<p>Eine kreative, freie und neugierige Stimme, die weiterhin nach vorne blickt und von neuen Horizonten im Design tr\u00e4umt.<\/p>\n","protected":false},"excerpt":{"rendered":"<p>Magis ist in erster Linie eine Familiengeschichte, eine Geschichte voller Leidenschaft f\u00fcr Design und Mut zum Wagnis. Alles begann 1976, als Eugenio Perazza, ein vision\u00e4rer Unternehmer, beschloss, auf Design zu setzen und in Motta di Livenza, damals ein kleines landwirtschaftlich gepr\u00e4gtes Dorf in Venetien, zu starten. Seine Idee ist klar und ehrgeizig: die industrielle Massenproduktion&#8230;<\/p>\n","protected":false},"author":1,"featured_media":0,"parent":99089,"menu_order":1,"comment_status":"closed","ping_status":"closed","template":"","meta":{"_acf_changed":false,"footnotes":""},"class_list":["post-99109","page","type-page","status-publish","hentry"],"acf":[],"_links":{"self":[{"href":"https:\/\/www.magisdesign.com\/de\/wp-json\/wp\/v2\/pages\/99109","targetHints":{"allow":["GET"]}}],"collection":[{"href":"https:\/\/www.magisdesign.com\/de\/wp-json\/wp\/v2\/pages"}],"about":[{"href":"https:\/\/www.magisdesign.com\/de\/wp-json\/wp\/v2\/types\/page"}],"author":[{"embeddable":true,"href":"https:\/\/www.magisdesign.com\/de\/wp-json\/wp\/v2\/users\/1"}],"replies":[{"embeddable":true,"href":"https:\/\/www.magisdesign.com\/de\/wp-json\/wp\/v2\/comments?post=99109"}],"version-history":[{"count":3,"href":"https:\/\/www.magisdesign.com\/de\/wp-json\/wp\/v2\/pages\/99109\/revisions"}],"predecessor-version":[{"id":197322,"href":"https:\/\/www.magisdesign.com\/de\/wp-json\/wp\/v2\/pages\/99109\/revisions\/197322"}],"up":[{"embeddable":true,"href":"https:\/\/www.magisdesign.com\/de\/wp-json\/wp\/v2\/pages\/99089"}],"wp:attachment":[{"href":"https:\/\/www.magisdesign.com\/de\/wp-json\/wp\/v2\/media?parent=99109"}],"curies":[{"name":"wp","href":"https:\/\/api.w.org\/{rel}","templated":true}]}}