{"id":99099,"date":"2019-10-15T12:57:25","date_gmt":"2019-10-15T12:57:25","guid":{"rendered":"https:\/\/www.magisdesign.com\/site\/profil\/responsibility\/"},"modified":"2025-12-23T11:18:05","modified_gmt":"2025-12-23T11:18:05","slug":"sustainability","status":"publish","type":"page","link":"https:\/\/www.magisdesign.com\/de\/profil\/sustainability\/","title":{"rendered":"Nachhaltigkeit"},"content":{"rendered":"\n<p>\u201eDie Diktatur des Plastiks muss ein Ende haben\u201d. Das klingt wie ein Slogan der Gegenwart. Es handelt sich jedoch um eine Mission, die Magis Anfang der 2000er Jahre \u00fcbernommen hat und seitdem verfolgt.<\/p>\n\n\n\n<p>Unsere Grunds\u00e4tze hei\u00dfen Experimentierfreudigkeit, Wohlbefinden und Nachhaltigkeit und werden im Zuge einer Innovation umgesetzt, die voller Achtung auf den Menschen und die Umwelt blickt.<\/p>\n\n\n\n<p>Unser Bewusstsein spiegelt sich in der Suche nach recycelbaren, biologisch abbaubaren und ungiftigen Materialien wider, aber auch und vor allem in dem Bem\u00fchen, neue Technologien zu w\u00e4hlen, die den Abfall und die verwendeten Materialien reduzieren und sich auf ein umweltfreundliches Design konzentrieren, das die Zeit und die Mode \u00fcberdauern kann.<\/p>\n\n\n\n<p>Ein gutes Produkt muss langlebig sein.<\/p>\n\n\n\n<p>So verstehen wir die Nachhaltigkeit.<\/p>\n\n\n<\/div>\n<div class=\"container-fluid  strange-grid\">\n\t\t<div\n                id=\"colonne-block_4566794c721779806769cb940e0d9b5e\" class=\"colonne\"\n        >\n\t\t<div class=\"papion-colonne row\">\n\t\t \t\t\t\t<div class=\"colonna col-12 col-md-4\">\n\t\t\t<div class=\"image\">\n\t\t\t        \t<img loading=\"lazy\" decoding=\"async\" width=\"800\" height=\"800\" src=\"https:\/\/www.magisdesign.com\/wp-content\/uploads\/2019\/12\/21-800x800.jpg\" class=\"attachment-quadrata size-quadrata\" alt=\"\" srcset=\"https:\/\/www.magisdesign.com\/wp-content\/uploads\/2019\/12\/21-800x800.jpg 800w, https:\/\/www.magisdesign.com\/wp-content\/uploads\/2019\/12\/21-150x150.jpg 150w, https:\/\/www.magisdesign.com\/wp-content\/uploads\/2019\/12\/21-300x300.jpg 300w\" sizes=\"auto, (max-width: 800px) 100vw, 800px\" \/>    \t\t    \t\t\t\t\t<\/div>\n        \t\t\t\t<div class=\"image\">\n\t\t\t        \t<img loading=\"lazy\" decoding=\"async\" width=\"800\" height=\"800\" src=\"https:\/\/www.magisdesign.com\/wp-content\/uploads\/2016\/09\/Magis_officina_production_04-800x800.jpg\" class=\"attachment-quadrata size-quadrata\" alt=\"\" srcset=\"https:\/\/www.magisdesign.com\/wp-content\/uploads\/2016\/09\/Magis_officina_production_04-800x800.jpg 800w, https:\/\/www.magisdesign.com\/wp-content\/uploads\/2016\/09\/Magis_officina_production_04-150x150.jpg 150w, https:\/\/www.magisdesign.com\/wp-content\/uploads\/2016\/09\/Magis_officina_production_04-300x300.jpg 300w\" sizes=\"auto, (max-width: 800px) 100vw, 800px\" \/>    \t\t    \t\t\t\t\t<\/div>\n        \t\t\t<\/div>\n\t\t<div class=\"colonna col-12 col-md-4\">\n\t\t\t<div class=\"image\">\n\t\t\t        \t<img loading=\"lazy\" decoding=\"async\" width=\"800\" height=\"800\" src=\"https:\/\/www.magisdesign.com\/wp-content\/uploads\/2019\/12\/EugenioPerazza-800x800.jpg\" class=\"attachment-quadrata size-quadrata\" alt=\"\" srcset=\"https:\/\/www.magisdesign.com\/wp-content\/uploads\/2019\/12\/EugenioPerazza-800x800.jpg 800w, https:\/\/www.magisdesign.com\/wp-content\/uploads\/2019\/12\/EugenioPerazza-150x150.jpg 150w, https:\/\/www.magisdesign.com\/wp-content\/uploads\/2019\/12\/EugenioPerazza-300x300.jpg 300w\" sizes=\"auto, (max-width: 800px) 100vw, 800px\" \/>    \t\t    \t\t\t\t\t<\/div>\n        \t\t\t\t<div class=\"image\">\n\t\t\t        \t<img loading=\"lazy\" decoding=\"async\" width=\"800\" height=\"800\" src=\"https:\/\/www.magisdesign.com\/wp-content\/uploads\/2018\/02\/Magis_brut_production_01-800x800.jpg\" class=\"attachment-quadrata size-quadrata\" alt=\"\" srcset=\"https:\/\/www.magisdesign.com\/wp-content\/uploads\/2018\/02\/Magis_brut_production_01-800x800.jpg 800w, https:\/\/www.magisdesign.com\/wp-content\/uploads\/2018\/02\/Magis_brut_production_01-150x150.jpg 150w, https:\/\/www.magisdesign.com\/wp-content\/uploads\/2018\/02\/Magis_brut_production_01-300x300.jpg 300w\" sizes=\"auto, (max-width: 800px) 100vw, 800px\" \/>    \t\t    \t\t\t\t\t<\/div>\n        \t\t\t<\/div>\n\t\t<div class=\"colonna col-12 col-md-4\">\n\t\t\t<div class=\"image\">\n\t\t\t        \t<img loading=\"lazy\" decoding=\"async\" width=\"790\" height=\"800\" src=\"https:\/\/www.magisdesign.com\/wp-content\/uploads\/2015\/01\/Magis_air_chair_production_01-790x800.jpg\" class=\"attachment-quadrata size-quadrata\" alt=\"\" \/>    \t\t    \t\t\t\t\t<\/div>\n        \t\t\t\t<div class=\"image\">\n\t\t\t        \t<img loading=\"lazy\" decoding=\"async\" width=\"800\" height=\"783\" src=\"https:\/\/www.magisdesign.com\/wp-content\/uploads\/2015\/01\/Magis_chair_one_production_01-800x783.jpg\" class=\"attachment-quadrata size-quadrata\" alt=\"\" \/>    \t\t    \t\t\t\t\t<\/div>\n        \t\t\t<\/div>\n\t\t\n            <\/div>\n        <\/div>\n        <\/div>\n<div class=\"wrapper\">\n\t\t\n\n\n<p>Allt\u00e4glichen Gegenst\u00e4nden eine eigene W\u00fcrde zu geben, ist eine Herausforderung, die wir seit der Gr\u00fcndung unseres Unternehmens im Jahr 1976 in Angriff genommen haben, w\u00e4hrend wir gleichzeitig unsere Beziehungen zu vertrauensw\u00fcrdigen Lieferant*innen und Mitarbeitenden pflegen. Denn \u201egr\u00fcn\u201d zu sein ist keine Frage des Images, sondern der ethischen Entscheidungen und Kontinuit\u00e4t, mit denen wir die Nachhaltigkeit in der gesamten Lieferkette beg\u00fcnstigen.<\/p>\n\n\n\n<p>Wir alle sind verantwortlich f\u00fcr die Umwelt, und Magis hat diese Verantwortung \u00fcbernommen, indem es sich f\u00fcr ein zeitloses Design entschieden hat, das auf Qualit\u00e4t ausgerichtet ist und immer nach vorne schaut.<\/p>\n\n\n\n<p>Jedes Produkt, jede Kollektion ist f\u00fcr den Menschen und die Umwelt gedacht, f\u00fcr ein kollektives und besseres Wohlbefinden. Deshalb m\u00fcssen Produkte geschaffen werden, die nicht f\u00fcr den schnellen Konsum bestimmt sind, sondern uns lange Zeit begleiten und am Ende ihrer Lebensdauer recycelt werden k\u00f6nnen.<\/p>\n\n\n\n<p>Wir geh\u00f6rten zu den ersten Unternehmen, die bereits nach echten Alternativen zum Kunststoff suchten, also nicht mit dem Strom schwammen, als der Markt in diese Richtung dr\u00e4ngte. Es sollte jedoch betont werden, dass ein qualitativ hochwertiger Kunststoff, auch wenn er nicht aus Post-Consumer-Abf\u00e4llen entsteht, viele Jahre lang halten kann und zudem recycelbar ist, was die Umweltbelastung kurzfristig verringert.<\/p>\n\n\n\n<p>Forschung und Entwicklung bedeutet auch, mit neuen Materialien zu experimentieren und die alten mit Blick auf eine Kreislaufwirtschaft wiederzuverwenden, die neue industrielle Prozesse von der Produktion bis zur Logistik mit geringen Umweltauswirkungen umfasst.<\/p>\n\n\n\n<p>Die F\u00f6rderung einer Kreislaufwirtschaft bedeutet aber auch, dauerhafte Vertrauensbeziehungen zu den Partnern zu unterhalten und gemeinsam f\u00fcr Entwicklung zu sorgen. Wir haben immer auf junge Talente gesetzt, sind mit ihnen gewachsen und konnten ein Team bilden, das jetzt zu unserer Familie geh\u00f6rt. Wir arbeiten weiterhin gerne mit aufstrebenden Designern zusammen, denn wir sind immer auf der Suche nach neuen Ideen und Ausdrucksm\u00f6glichkeiten, neuen Materialien und innovativen Methoden. Auf diese Weise verwirklichen wir den Namen Magis (Lateinisch f\u00fcr \u201emehr\u201d), ein Motto, das f\u00fcr unser Unternehmen steht.<\/p>\n\n\n\n<p>Nachhaltigkeit und Wohlbefinden sind untrennbar miteinander verbunden. Wir sind ein nach ISO 9001:2000 und ISO 14001:2004 zertifizierter Betrieb: Unsere Produkte haben europ\u00e4ische Tests bestanden, und wir wurden mit verschiedenen internationalen Zertifizierungen ausgezeichnet (unter anderen dem G\u00fctesiegel T\u00dcV S\u00dcD, den Bescheinigungen FSC<sup>\u00ae<\/sup> C123236 und der GreenGuard Gold).<\/p>\n\n\n\n<p>Wir stellen hohe Anforderungen an die Qualit\u00e4t der Rohstoffe und der Produktionsverfahren, und der Umweltschutz ist uns sehr wichtig.<\/p>\n\n\n\n<p>Unser besonderes Talent besteht darin, \u00c4sthetik, Ethik und Poesie mit reiner Innovation zu verbinden: Die Qualit\u00e4t von Magis ist ein konkreter Wert, der von den zahlreichen Zertifizierungen des Unternehmens unter Beweis gestellt wird.<\/p>\n\n\n\n<p>Gehen Sie zur Download-Seite f\u00fcr das <a href=\"https:\/\/www.magisdesign.com\/de\/profil\/sustainability\/\"><strong>Magis Sustainability document<\/strong><\/a>.<\/p>\n","protected":false},"excerpt":{"rendered":"<p>\u201eDie Diktatur des Plastiks muss ein Ende haben\u201d. Das klingt wie ein Slogan der Gegenwart. Es handelt sich jedoch um eine Mission, die Magis Anfang der 2000er Jahre \u00fcbernommen hat und seitdem verfolgt. Unsere Grunds\u00e4tze hei\u00dfen Experimentierfreudigkeit, Wohlbefinden und Nachhaltigkeit und werden im Zuge einer Innovation umgesetzt, die voller Achtung auf den Menschen und die&#8230;<\/p>\n","protected":false},"author":1,"featured_media":0,"parent":99089,"menu_order":2,"comment_status":"closed","ping_status":"closed","template":"","meta":{"_acf_changed":false,"footnotes":""},"class_list":["post-99099","page","type-page","status-publish","hentry"],"acf":[],"_links":{"self":[{"href":"https:\/\/www.magisdesign.com\/de\/wp-json\/wp\/v2\/pages\/99099","targetHints":{"allow":["GET"]}}],"collection":[{"href":"https:\/\/www.magisdesign.com\/de\/wp-json\/wp\/v2\/pages"}],"about":[{"href":"https:\/\/www.magisdesign.com\/de\/wp-json\/wp\/v2\/types\/page"}],"author":[{"embeddable":true,"href":"https:\/\/www.magisdesign.com\/de\/wp-json\/wp\/v2\/users\/1"}],"replies":[{"embeddable":true,"href":"https:\/\/www.magisdesign.com\/de\/wp-json\/wp\/v2\/comments?post=99099"}],"version-history":[{"count":1,"href":"https:\/\/www.magisdesign.com\/de\/wp-json\/wp\/v2\/pages\/99099\/revisions"}],"predecessor-version":[{"id":197115,"href":"https:\/\/www.magisdesign.com\/de\/wp-json\/wp\/v2\/pages\/99099\/revisions\/197115"}],"up":[{"embeddable":true,"href":"https:\/\/www.magisdesign.com\/de\/wp-json\/wp\/v2\/pages\/99089"}],"wp:attachment":[{"href":"https:\/\/www.magisdesign.com\/de\/wp-json\/wp\/v2\/media?parent=99099"}],"curies":[{"name":"wp","href":"https:\/\/api.w.org\/{rel}","templated":true}]}}