{"id":99089,"date":"2019-10-15T12:55:51","date_gmt":"2019-10-15T12:55:51","guid":{"rendered":"https:\/\/www.magisdesign.com\/site\/profil\/"},"modified":"2026-01-14T13:40:07","modified_gmt":"2026-01-14T13:40:07","slug":"profil","status":"publish","type":"page","link":"https:\/\/www.magisdesign.com\/de\/profil\/","title":{"rendered":"Profil"},"content":{"rendered":"\n<p>Eine Geschichte voller Projekte, Kreativit\u00e4t und kontinuierlicher Experimente. Seit 1976. Das ist das Know-how, das Magis in die Welt des Designs einbringt.<\/p>\n\n\n\n<p>Magis wurde in Norditalien als Familienunternehmen gegr\u00fcndet und hat sich dank des Einfallsreichtums des Vision\u00e4rs Eugenio Perazza zu einem echten Designlabor f\u00fcr Wohn-, Au\u00dfen-, B\u00fcro- und Objektbereich entwickelt. Heute ist Magis ein weltweit anerkannter Protagonist in der Designszene.<\/p>\n\n\n\n<p><strong>Experimentieren&#8230; mehr<\/strong><\/p>\n\n\n\n<p>Magis ist ein lateinisches Wort, das \u201emehr als\u201d bedeutet. Und genau daraus entsteht sein nat\u00fcrlicher Drang zum Experimentieren, um mehr zu sein und mehr zu tun, um die Grenzen des Designs zu \u00fcberschreiten, wie es sein Motto sagt.<\/p>\n\n\n\n<p>Magis glaubt seit jeher an aufstrebende Talente. Und gemeinsam mit vielen von ihnen \u2013 heute etablierte Namen auf der internationalen B\u00fchne \u2013 ist das Unternehmen gewachsen und hat Seite an Seite experimentiert. Jasper Morrison, Konstantin Grcic, Philippe Starck, Ronan &amp; Erwan Bouroullec, Thomas Heatherwick, Naoto Fukasawa und Marc Newson sind nur einige der Designer, die zur gro\u00dfen Magis-Familie geh\u00f6ren.<\/p>\n\n\n\n<p><strong>INNOVATION<\/strong><\/p>\n\n\n\n<p>Magis hat eine konkrete Vorstellung von Design und scheut sich nicht, Neues zu wagen. Die kontinuierliche Suche nach neuen Ausdrucksformen, Ideen und Produktionssystemen f\u00fchrt das Unternehmen zu einem kompromisslosen Design, das Bestand hat. Ein Design, das nicht nur hochwertige Industrieprodukte hervorbringt, sondern auch positive Beziehungen zu Mitarbeitern, Kunden und Partnern.<\/p>\n\n\n\n<p>Gro\u00dfe Aufmerksamkeit wird der Planung, der Auswahl der Materialien, der Technologien und der Produktionsprozesse gewidmet, die sich je nach Projekt \u00e4ndern. All dies mit einem Blick in die Vergangenheit, aus der Magis gerne Inspiration sch\u00f6pft, und einem Blick in eine nachhaltige, zeitgem\u00e4\u00dfe und zeitlose Zukunft.<\/p>\n\n\n\n<p>Das Ergebnis ist ein vielseitiges und eklektisches Design, das in die H\u00e4user Einzug h\u00e4lt, \u00f6ffentliche R\u00e4ume belebt, in den st\u00e4ndigen Sammlungen von \u00fcber 35 Museen weltweit zu finden ist und rund hundert der renommiertesten Preise gewonnen hat, darunter sechs Compasso d&#8217;Oro ADI, die \u00e4lteste und renommierteste Auszeichnung f\u00fcr internationales Design.<\/p>\n\n\n<\/div>\n<div class=\"container-fluid  strange-grid\">\n\t\t<div\n                id=\"colonne-block_7a08899c6553cc4df4f7956f072d15de\" class=\"colonne\"\n        >\n\t\t<div class=\"papion-colonne row\">\n\t\t \t\t\t\t<div class=\"colonna col-12 col-md-4\">\n\t\t\t<div class=\"image\">\n\t\t\t        \t<img loading=\"lazy\" decoding=\"async\" width=\"800\" height=\"800\" src=\"https:\/\/www.magisdesign.com\/wp-content\/uploads\/2019\/12\/Magis_company_warehouse_01-800x800.jpg\" class=\"attachment-quadrata size-quadrata\" alt=\"\" srcset=\"https:\/\/www.magisdesign.com\/wp-content\/uploads\/2019\/12\/Magis_company_warehouse_01-800x800.jpg 800w, https:\/\/www.magisdesign.com\/wp-content\/uploads\/2019\/12\/Magis_company_warehouse_01-150x150.jpg 150w, https:\/\/www.magisdesign.com\/wp-content\/uploads\/2019\/12\/Magis_company_warehouse_01-300x300.jpg 300w\" sizes=\"auto, (max-width: 800px) 100vw, 800px\" \/>    \t\t    \t\t\t\t\t<\/div>\n        \t\t\t\t<div class=\"image\">\n\t\t\t        \t<img loading=\"lazy\" decoding=\"async\" width=\"800\" height=\"800\" src=\"https:\/\/www.magisdesign.com\/wp-content\/uploads\/2023\/07\/Magis_building_outdoor_02-800x800.jpg\" class=\"attachment-quadrata size-quadrata\" alt=\"\" srcset=\"https:\/\/www.magisdesign.com\/wp-content\/uploads\/2023\/07\/Magis_building_outdoor_02-800x800.jpg 800w, https:\/\/www.magisdesign.com\/wp-content\/uploads\/2023\/07\/Magis_building_outdoor_02-300x300.jpg 300w, https:\/\/www.magisdesign.com\/wp-content\/uploads\/2023\/07\/Magis_building_outdoor_02-1024x1024.jpg 1024w, https:\/\/www.magisdesign.com\/wp-content\/uploads\/2023\/07\/Magis_building_outdoor_02-150x150.jpg 150w, https:\/\/www.magisdesign.com\/wp-content\/uploads\/2023\/07\/Magis_building_outdoor_02-768x768.jpg 768w, https:\/\/www.magisdesign.com\/wp-content\/uploads\/2023\/07\/Magis_building_outdoor_02-1536x1536.jpg 1536w, https:\/\/www.magisdesign.com\/wp-content\/uploads\/2023\/07\/Magis_building_outdoor_02-540x540.jpg 540w, https:\/\/www.magisdesign.com\/wp-content\/uploads\/2023\/07\/Magis_building_outdoor_02-500x500.jpg 500w, https:\/\/www.magisdesign.com\/wp-content\/uploads\/2023\/07\/Magis_building_outdoor_02-700x700.jpg 700w, https:\/\/www.magisdesign.com\/wp-content\/uploads\/2023\/07\/Magis_building_outdoor_02.jpg 1740w\" sizes=\"auto, (max-width: 800px) 100vw, 800px\" \/>    \t\t    \t\t\t\t\t<\/div>\n        \t\t\t<\/div>\n\t\t<div class=\"colonna col-12 col-md-4\">\n\t\t\t<div class=\"image\">\n\t\t\t        \t<img loading=\"lazy\" decoding=\"async\" width=\"800\" height=\"800\" src=\"https:\/\/www.magisdesign.com\/wp-content\/uploads\/2019\/12\/Magis_company_office_01-800x800.jpg\" class=\"attachment-quadrata size-quadrata\" alt=\"\" srcset=\"https:\/\/www.magisdesign.com\/wp-content\/uploads\/2019\/12\/Magis_company_office_01-800x800.jpg 800w, https:\/\/www.magisdesign.com\/wp-content\/uploads\/2019\/12\/Magis_company_office_01-500x500.jpg 500w, https:\/\/www.magisdesign.com\/wp-content\/uploads\/2019\/12\/Magis_company_office_01-700x700.jpg 700w, https:\/\/www.magisdesign.com\/wp-content\/uploads\/2019\/12\/Magis_company_office_01-300x300.jpg 300w, https:\/\/www.magisdesign.com\/wp-content\/uploads\/2019\/12\/Magis_company_office_01-370x370.jpg 370w, https:\/\/www.magisdesign.com\/wp-content\/uploads\/2019\/12\/Magis_company_office_01-150x150.jpg 150w, https:\/\/www.magisdesign.com\/wp-content\/uploads\/2019\/12\/Magis_company_office_01-768x768.jpg 768w, https:\/\/www.magisdesign.com\/wp-content\/uploads\/2019\/12\/Magis_company_office_01-1536x1536.jpg 1536w, https:\/\/www.magisdesign.com\/wp-content\/uploads\/2019\/12\/Magis_company_office_01-540x540.jpg 540w, https:\/\/www.magisdesign.com\/wp-content\/uploads\/2019\/12\/Magis_company_office_01.jpg 1740w\" sizes=\"auto, (max-width: 800px) 100vw, 800px\" \/>    \t\t    \t\t\t\t\t<\/div>\n        \t\t\t\t<div class=\"image\">\n\t\t\t        \t<img loading=\"lazy\" decoding=\"async\" width=\"800\" height=\"800\" src=\"https:\/\/www.magisdesign.com\/wp-content\/uploads\/2019\/12\/Magis_chair_one_process_06-800x800.jpg\" class=\"attachment-quadrata size-quadrata\" alt=\"\" srcset=\"https:\/\/www.magisdesign.com\/wp-content\/uploads\/2019\/12\/Magis_chair_one_process_06-800x800.jpg 800w, https:\/\/www.magisdesign.com\/wp-content\/uploads\/2019\/12\/Magis_chair_one_process_06-500x500.jpg 500w, https:\/\/www.magisdesign.com\/wp-content\/uploads\/2019\/12\/Magis_chair_one_process_06-700x700.jpg 700w, https:\/\/www.magisdesign.com\/wp-content\/uploads\/2019\/12\/Magis_chair_one_process_06-300x300.jpg 300w, https:\/\/www.magisdesign.com\/wp-content\/uploads\/2019\/12\/Magis_chair_one_process_06-370x370.jpg 370w, https:\/\/www.magisdesign.com\/wp-content\/uploads\/2019\/12\/Magis_chair_one_process_06-150x150.jpg 150w, https:\/\/www.magisdesign.com\/wp-content\/uploads\/2019\/12\/Magis_chair_one_process_06-768x768.jpg 768w, https:\/\/www.magisdesign.com\/wp-content\/uploads\/2019\/12\/Magis_chair_one_process_06-1536x1536.jpg 1536w, https:\/\/www.magisdesign.com\/wp-content\/uploads\/2019\/12\/Magis_chair_one_process_06-540x540.jpg 540w, https:\/\/www.magisdesign.com\/wp-content\/uploads\/2019\/12\/Magis_chair_one_process_06.jpg 1740w\" sizes=\"auto, (max-width: 800px) 100vw, 800px\" \/>    \t\t    \t\t\t\t\t<\/div>\n        \t\t\t<\/div>\n\t\t<div class=\"colonna col-12 col-md-4\">\n\t\t\t<div class=\"image\">\n\t\t\t        \t<img loading=\"lazy\" decoding=\"async\" width=\"800\" height=\"800\" src=\"https:\/\/www.magisdesign.com\/wp-content\/uploads\/2023\/07\/Magis_showroom_torre-di-mosto-1-800x800.jpg\" class=\"attachment-quadrata size-quadrata\" alt=\"\" srcset=\"https:\/\/www.magisdesign.com\/wp-content\/uploads\/2023\/07\/Magis_showroom_torre-di-mosto-1-800x800.jpg 800w, https:\/\/www.magisdesign.com\/wp-content\/uploads\/2023\/07\/Magis_showroom_torre-di-mosto-1-300x300.jpg 300w, https:\/\/www.magisdesign.com\/wp-content\/uploads\/2023\/07\/Magis_showroom_torre-di-mosto-1-1024x1024.jpg 1024w, https:\/\/www.magisdesign.com\/wp-content\/uploads\/2023\/07\/Magis_showroom_torre-di-mosto-1-150x150.jpg 150w, https:\/\/www.magisdesign.com\/wp-content\/uploads\/2023\/07\/Magis_showroom_torre-di-mosto-1-768x768.jpg 768w, https:\/\/www.magisdesign.com\/wp-content\/uploads\/2023\/07\/Magis_showroom_torre-di-mosto-1-1536x1536.jpg 1536w, https:\/\/www.magisdesign.com\/wp-content\/uploads\/2023\/07\/Magis_showroom_torre-di-mosto-1-540x540.jpg 540w, https:\/\/www.magisdesign.com\/wp-content\/uploads\/2023\/07\/Magis_showroom_torre-di-mosto-1-500x500.jpg 500w, https:\/\/www.magisdesign.com\/wp-content\/uploads\/2023\/07\/Magis_showroom_torre-di-mosto-1-700x700.jpg 700w, https:\/\/www.magisdesign.com\/wp-content\/uploads\/2023\/07\/Magis_showroom_torre-di-mosto-1.jpg 1740w\" sizes=\"auto, (max-width: 800px) 100vw, 800px\" \/>    \t\t    \t\t\t\t\t<\/div>\n        \t\t\t\t<div class=\"image\">\n\t\t\t        \t<img loading=\"lazy\" decoding=\"async\" width=\"800\" height=\"800\" src=\"https:\/\/www.magisdesign.com\/wp-content\/uploads\/2019\/12\/Magis_company_entrance_01-1-800x800.jpg\" class=\"attachment-quadrata size-quadrata\" alt=\"\" srcset=\"https:\/\/www.magisdesign.com\/wp-content\/uploads\/2019\/12\/Magis_company_entrance_01-1-800x800.jpg 800w, https:\/\/www.magisdesign.com\/wp-content\/uploads\/2019\/12\/Magis_company_entrance_01-1-150x150.jpg 150w, https:\/\/www.magisdesign.com\/wp-content\/uploads\/2019\/12\/Magis_company_entrance_01-1-300x300.jpg 300w\" sizes=\"auto, (max-width: 800px) 100vw, 800px\" \/>    \t\t    \t\t\t\t\t<\/div>\n        \t\t\t<\/div>\n\t\t\n            <\/div>\n        <\/div>\n        <\/div>\n<div class=\"wrapper\">\n\t\t\n\n\n<p><strong>MADE IN ITALY<\/strong><\/p>\n\n\n\n<p>F\u00fcr Magis muss eine Idee nicht nur eine \u201egute\u201d Idee sein, sondern auch heute und morgen \u00e4sthetischen und funktionalen Anspr\u00fcchen gen\u00fcgen und vor allem eine Geschichte erz\u00e4hlen, die Geschichte von Magis.<\/p>\n\n\n\n<p>Eine Geschichte, die in Italien Gestalt annimmt, unter Einhaltung der h\u00f6chsten Standards des Made in Italy. Die Wurzeln des Unternehmens liegen in Motta di Livenza, einem kleinen Ort im Herzen Venetiens. Hier entstand die Herausforderung an das Design und der Wunsch, einen Ort authentischer Kreativit\u00e4t zu schaffen, der seit 2010 ein neues Zuhause in Torre di Mosto hat.<\/p>\n\n\n\n<p><\/p>\n","protected":false},"excerpt":{"rendered":"<p>Eine Geschichte voller Projekte, Kreativit\u00e4t und kontinuierlicher Experimente. Seit 1976. Das ist das Know-how, das Magis in die Welt des Designs einbringt. Magis wurde in Norditalien als Familienunternehmen gegr\u00fcndet und hat sich dank des Einfallsreichtums des Vision\u00e4rs Eugenio Perazza zu einem echten Designlabor f\u00fcr Wohn-, Au\u00dfen-, B\u00fcro- und Objektbereich entwickelt. Heute ist Magis ein weltweit&#8230;<\/p>\n","protected":false},"author":1,"featured_media":0,"parent":0,"menu_order":1,"comment_status":"closed","ping_status":"closed","template":"","meta":{"_acf_changed":false,"footnotes":""},"class_list":["post-99089","page","type-page","status-publish","hentry"],"acf":[],"_links":{"self":[{"href":"https:\/\/www.magisdesign.com\/de\/wp-json\/wp\/v2\/pages\/99089","targetHints":{"allow":["GET"]}}],"collection":[{"href":"https:\/\/www.magisdesign.com\/de\/wp-json\/wp\/v2\/pages"}],"about":[{"href":"https:\/\/www.magisdesign.com\/de\/wp-json\/wp\/v2\/types\/page"}],"author":[{"embeddable":true,"href":"https:\/\/www.magisdesign.com\/de\/wp-json\/wp\/v2\/users\/1"}],"replies":[{"embeddable":true,"href":"https:\/\/www.magisdesign.com\/de\/wp-json\/wp\/v2\/comments?post=99089"}],"version-history":[{"count":2,"href":"https:\/\/www.magisdesign.com\/de\/wp-json\/wp\/v2\/pages\/99089\/revisions"}],"predecessor-version":[{"id":197288,"href":"https:\/\/www.magisdesign.com\/de\/wp-json\/wp\/v2\/pages\/99089\/revisions\/197288"}],"wp:attachment":[{"href":"https:\/\/www.magisdesign.com\/de\/wp-json\/wp\/v2\/media?parent=99089"}],"curies":[{"name":"wp","href":"https:\/\/api.w.org\/{rel}","templated":true}]}}