{"id":19561,"date":"2018-05-24T07:41:02","date_gmt":"2018-05-24T07:41:02","guid":{"rendered":"http:\/\/magisdesing.com\/\/en-de\/"},"modified":"2019-08-28T13:35:29","modified_gmt":"2019-08-28T13:35:29","slug":"cookie-policy","status":"publish","type":"page","link":"https:\/\/www.magisdesign.com\/de\/cookie-policy\/","title":{"rendered":"Cookie Policy"},"content":{"rendered":"<p><u>COOKIE POLICY DER WEBSITE MAGIS<\/u><\/p>\n<p>MAGIS nutzt Cookies, um die Website f\u00fcr den Benutzer einfacher und intuitiver zu machen. Die \u00fcber Cookies gesammelten Daten sollen dem Benutzer ein befriedigendes und n\u00fctzliches Surfen erm\u00f6glichen.<\/p>\n<ol>\n<li><u>Definitionen.<\/u><\/li>\n<\/ol>\n<p>Im Rahmen dieser Cookie Policy: \u201eMAGIS\u201c bedeutet Magis S.p.A., Gesellschaft italienischen Rechts, Firmensitz in Z.I. Ponte Tezze \u2013 Via Triestina Accesso E \u2013 30020 Torre di Mosto (VE) Italien. \u201eBenutzer\u201c ist die Person, die die Webseite besucht bzw. mit einem beliebigen Internet-Service interagiert, das von MAGIS geliefert wird. \u201eWebseite\u201c bedeutet diese Webseite http:\/\/www.magisdesign.com. Diese Cookie Policy bezieht sich ausschlie\u00dflich auf die offizielle Website von MAGIS und nicht auch auf andere Webseiten, die vom Benutzer \u00fcber auf dieser Webseite bestehende Links oder auf andere Weise besucht werden.<\/p>\n<p><u>2.Was sind Cookies?<\/u><\/p>\n<p>Cookies sind kleine Datenpakete (Buchstaben bzw. Zahlen), die von den vom Benutzer besuchten Websites an ein Endger\u00e4t (normalerweise an den Webbrowser) weitergeleitet und dort gespeichert werden, um dann bei einem n\u00e4chsten Besuch dieses Benutzers an eben diese Websites zur\u00fcckgeschickt zu werden. Cookies werden vom einzelnen Webbrowser auf dem dazu genutzten Ger\u00e4t (Computer, Tablet, Smartphone) auf Basis der Vorlieben des Benutzers gespeichert. Cookies k\u00f6nnen keine anderen Daten auf der Festplatte des Benutzers abrufen, keine Computer-Viren \u00fcbertragen oder E-Mail-Adressen ermitteln. Einige Funktionen der Cookies k\u00f6nnen auch an andere Technologien delegiert werden. Darunter Web Beacons oder Z\u00e4hlpixel (bekannt auch als Pixel-Tag, Web-Bug oder gif), Tracking-URL oder SDK (Set von Programmierwerkzeugen f\u00fcr Software-Entwicklung). Z\u00e4hlpixel sind kleine Grafiken, die aus einem einzigen Pixel bestehen und am Computer des Benutzers als Teil einer Webseite, einer App, einer Werbung oder \u00fcber E-Mail im HTML-Format ankommen. Die Pixel k\u00f6nnen zur Sammlung von Informationen am Ger\u00e4t des Benutzers verwendet werden, wie zum Beispiel Typologie, Betriebssystem, IP-Adresse und Uhrzeit des Besuchs. Sie werden auch verwendet, um Cookies im Browser des Benutzers freizusetzen und zu einzulesen. Mit Tracking-URLs kann festgestellt werden, von welcher urspr\u00fcnglichen Website der Besuch des Benutzers ausgegangen ist. SDKs schlie\u00dflich sind kleine Code-Teile, die in den Apps eingebaut sind und wie Cookies oder Z\u00e4hlpixel funktionieren. In dieser Cookie Policy bezieht man sich mit dem Ausdruck \u201eCookie\u201c sowohl auf Cookies im eigentlichen Sinn als auch auf alle anderen, \u00e4hnlichen Technologien.<\/p>\n<p><u>3.Klassifizierung der Cookies<\/u><\/p>\n<p>Es gibt Erstanbieter-Cookies und Drittanbieter-Cookies. Erstanbieter-Cookies sind Cookies, die vom Server kommen, auf dem sich die besuchte Website befindet, w\u00e4hrend Drittanbieter-Cookies von Dritt-Servern stammen. Drittanbieter-Cookies werden immer von fremden Servern erstellt, die daher als Drittanbieter definiert werden und nicht von der Website verwaltet sind, auf die sie sich beziehen. Diese Anbieter k\u00f6nnen auch Erstanbieter-Cookies installieren, indem sie auf der Domain der Website, auf die sich beziehen, die eigenen Cookies speichern. Au\u00dferdem gibt es die sogenannten \u201eFlash-Cookies\u201c (Local Shared Objects), die mit Adobe Flash Player verbunden sind und zur Ausgabe diverser Inhalte genutzt werden, wie Video-Clips oder Animationen, um benutzerspezifische Einstellungen und Vorlieben zu speichern. Flash-Cookies werden auf dem Ger\u00e4t des Benutzers gespeichert, aber \u00fcber eine Schnittstelle verwaltet, die nicht vom verwendeten Browser geliefert wird. In Bezug auf die Natur der Cookies, gibt es drei Arten: technische Cookies, die nur verwendet werden, um \u201edie \u00dcbertragung einer Kommunikation auf ein elektronisches Kommunikationsnetz auszuf\u00fchren, oder insofern sie f\u00fcr den Lieferanten einer vom Benutzer explizit verlangten Leistung der Informationsgesellschaft f\u00fcr deren Ausgabe unbedingt erforderlich sind\u201c (vgl. Art. 122, Absatz 1, Gesetz zum Schutz personenbezogener Daten ReVo 2003\/196, im Folgenden \u201eDatenschutzverordnung\u201c). Sie werden nicht f\u00fcr weitergehende Zwecke verwendet und werden normalerweise direkt vom Inhaber oder Betreiber der Website installiert. Diese technischen Cookie k\u00f6nnen ihrerseits wie folgt unterteilt werden: (i) Navigations- oder Session-Cookies, die das normale Surfen und die Nutzung der Website erm\u00f6glichen, auf die sie sich beziehen, beispielsweise um einen Kauf zu t\u00e4tigen oder sich f\u00fcr den Zugriff auf passwortgesch\u00fctzte Bereiche zu authentifizieren); sie sind f\u00fcr die korrekte Funktion der Website notwendig; (ii) analytische Cookies: Sie sind den technischen Cookies \u00e4hnlich, wenn sie direkt vom Betreiber der Website zur Sammlung von Informationen, in anonymer Form, \u00fcber die Zahl der Nutzer und wie diese die Website besuchen verwendet werden, um die Performance der Website zu verbessern; (iii) Funktionscookies, die dem Benutzer ein Surfen mit einer Reihe von vorausgew\u00e4hlten Kriterien erm\u00f6glichen (beispielsweise Sprachauswahl), um die Leistung f\u00fcr den Benutzer zu verbessern. <u>Zur Installierung dieser Cookies wird eine vorherige Zustimmung des Benutzers nicht verlangt<\/u>, welchem es freisteht, die Installierung von technischen Cookies zu blockieren, indem die Einstellungen im verwendeten Browser entsprechend ge\u00e4ndert werden (siehe infra \u201eCookie-Verwaltung\u201c). Wird jedoch die Installierung von technischen Cookies blockiert oder diese werden sp\u00e4ter gel\u00f6scht, kann der Zugriff auf die entsprechende Website, ihre vollst\u00e4ndige oder teilweise Nutzung, die Aktivierung oder Deaktivierung bestimmter Funktionen oder der Erhalt bestimmter Leistungen f\u00fcr den Benutzer ganz oder teilweise beeintr\u00e4chtigt werden. Bezogen auf die Natur von Cookies, gibt es neben den genannten technischen Cookies auch die sogenannten profilierenden Cookies. Profilierende Cookies haben die Funktion, Benutzerprofile zu erstellen und werden zur \u00dcbermittlung von Werbebotschaften entsprechend der von diesem bei seinem Surf-Verhalten gezeigten Vorlieben genutzt. <u>F\u00fcr die Verwendung von profilierenden Cookies wird die Zustimmung des Benutzers verlangt.<\/u> Insbesondere kann der Benutzer die Installierung der Cookies \u00fcber die Optionen, die im entsprechenden Bereich angeboten werden, zulassen oder verweigern (siehe infra \u201eCookie-Verwaltung\u201c). <u>Im Falle von Drittanbieter-Cookies<\/u> hat die Website, auf die sie sich beziehen, keine direkte Kontrolle und<u> kann sie nicht kontrollieren <\/u>(sie kann sie weder direkt installieren noch l\u00f6schen). Der Benutzer kann diese Cookies \u00fcber seine Browser-Einstellungen (siehe infra \u201eCookie-Verwaltung\u201c) oder direkt \u00fcber die auf der Website des Drittanbieters enthaltenen Anleitungen verwalten.<\/p>\n<p><u>4. Auf der Website von MAGIS installierte Cookies \u2013 Information.<\/u><\/p>\n<p>Nachstehend die Liste der Cookies auf unserer Website. Drittanbieter-Cookies stellen die Verbindung zur Datenschutzinformation des Drittanbieters dar, wo eine detaillierte Beschreibung der einzelnen Cookies und der Art ihrer Verarbeitung zu finden ist. <u>System-Cookies.<\/u> Die Website nutzt Cookies, um dem Benutzer eine bessere Surf-Erfahrung zu garantieren; diese Cookies sind f\u00fcr die korrekte Nutzung der Website unbedingt erforderlich. Der Benutzer kann diese Cookies im Browser nach den Anleitungen im entsprechenden Abschnitt deaktivieren; auf diese Weise wird jedoch das Surfen in der Website beeintr\u00e4chtigt und MAGIS kann nicht f\u00fcr Funktionsst\u00f6rungen verantwortlich gemacht werden. Facebook: Facebook nutzt Cookies, um dem Nutzer der Website die Funktionen \u201eTeilung\u201c und \u201eLikes\u201c auf ihrem elektronischen Pinboard anzubieten. Weitere Informationen finden Sie unter https:\/\/www.facebook.com\/about\/privacy. Profilierende <u>Cookies <\/u>Facebook: Facebook installiert Cookies auf der Website, um Werbeanzeigen durch Remarketing-Ma\u00dfnahmen zu analysieren und zu verbessern, um dem Benutzer Botschaften entsprechend seiner Interessen zu \u00fcbermitteln. Remarketing soll helfen, die Benutzer zu erreichen, die die Website besucht haben. Weitere Informationen, auch \u00fcber die Modalit\u00e4ten zur Deaktivierung der genannten Cookies, sind auf dem folgenden Link verf\u00fcgbar: https:\/\/www.facebook.com\/policies\/cookies\/<\/p>\n<p><u>5. Speicherdauer von Cookies<\/u><\/p>\n<p>Die Speicherdauer der Cookies wird von dem bei ihrer Installierung vorgegebenen Ablaufdatum bestimmt (oder von einer spezifischen Aktion, wie das Schlie\u00dfen des Browsers). Cookies k\u00f6nnen sein: (i) tempor\u00e4re oder Sitzungscookies (Session-Cookies); sie werden verwendet, um tempor\u00e4re Informationen abzulegen, erm\u00f6glichen die Verbindung von w\u00e4hrend einer bestimmten Sitzung ausgef\u00fchrten Aktionen und werden beim Schlie\u00dfen des Browsers vom Rechner gel\u00f6scht; (ii) permanente Cookies (persistent Cookie); sie werden verwendet, um beispielsweise Name und Zugangspasswort zu speichern, um zu vermeiden, dass sich der Benutzer bei jedem Besuch der Website neu einloggen muss. Permanente Cookies bleiben im Rechner des Benutzers auch nach dem Schlie\u00dfen des Browsers gespeichert.<\/p>\n<p><u>6. Cookie-Verwaltung<\/u><\/p>\n<p>In Erf\u00fcllung der Datenschutzrichtlinie, insbesondere der Art. 13 und 122 und in Bezug auf die Verordnung zur Ermittlung der vereinfachten Modalit\u00e4ten f\u00fcr die Lieferung von Information und die Erfassung der Zustimmung zu Cookies vom 8, Mai 2014, <u>kann der Benutzer jederzeit die Zustimmung zu Cookies \u00e4ndern<\/u>. MAGIS wird Aufzeichnungen der Zustimmung(en) in geeigneter Form \u00fcber ein eigenes technisches Cookie f\u00fchren, das vom Datenschutzbeauftragten als \u201enicht sehr invasives\u201c Instrument beurteilt wird. <u>Der Benutzer kann seine Zustimmung verweigern<\/u> oder jederzeit seine Web-Einstellungen in Bezug auf die Verwendung von Cookies seitens dieser Website durch Zugriff auf diese Datenschutzinformation \u00e4ndern. Die Website kann auch ohne Cookies besucht werden. Die meisten Browser (Internet Explorer, Firefox, Chrome, etc.) sind so konfiguriert, dass Cookies automatisch akzeptiert werden. Die auf der Festplatte am Rechner des Benutzers gespeicherten Cookies k\u00f6nnen jedoch gel\u00f6scht werden und es ist au\u00dferdem m\u00f6glich, die Cookies nach den von den wichtigsten Browsern gelieferten Anleitungen zu deaktivieren. Die Entscheidung, die Cookies vom Browser nicht akzeptieren zu lassen, beschr\u00e4nkt jedoch die auf der Website zug\u00e4nglichen Funktionen; MAGIS kann daher die vollst\u00e4ndige Visualisierung aller Seiten der Website oder die Lieferung aller Leistungen nicht garantieren, sollten vom Benutzer die Cookies nicht zugelassen werden. Der Benutzer kann au\u00dferdem jederzeit die in Art. 7 ReVo 196\/2003 zuerkannten Rechte aus\u00fcben, darunter insbesondere eine Kopie der verarbeiteten Daten zu erhalten, sowie ihre Aktualisierung, ihre Quelle, Zweck sowie Art und Weise der Verarbeitung, ihre Berichtigung oder Erg\u00e4nzung, ihre L\u00f6schung, ihre Umwandlung in anonymer Form oder sie f\u00fcr eine gesetzwidrige Verarbeitung zu sperren und sich aus berechtigten Gr\u00fcnden ihrer Verarbeitung zu widersetzen. <u>Um diese Rechte auszu\u00fcben, Einsicht in die Privacy Policy<\/u> auf dieser Website nehmen. <u>Wurde die Zustimmung bereits erteilt, aber man m\u00f6chte die Autorisierung der Cookies ver\u00e4ndern,<\/u> muss man sie \u00fcber den Browser l\u00f6schen. Es ist zu beachten, dass, wie bereits vorstehend erw\u00e4hnt, Drittanbieter-Cookies auf keine Weise kontrollierbar sind, wenn man daher die Zustimmung bereits erteilt hat, m\u00fcssen die Cookies \u00fcber den Browser gel\u00f6scht oder ein opt-out direkt beim Drittanbieter verlangt werden.<\/p>\n","protected":false},"excerpt":{"rendered":"<p>COOKIE POLICY DER WEBSITE MAGIS MAGIS nutzt Cookies, um die Website f\u00fcr den Benutzer einfacher und intuitiver zu machen. Die \u00fcber Cookies gesammelten Daten sollen dem Benutzer ein befriedigendes und n\u00fctzliches Surfen erm\u00f6glichen. Definitionen. Im Rahmen dieser Cookie Policy: \u201eMAGIS\u201c bedeutet Magis S.p.A., Gesellschaft italienischen Rechts, Firmensitz in Z.I. Ponte Tezze \u2013 Via Triestina Accesso&#8230;<\/p>\n","protected":false},"author":1,"featured_media":0,"parent":0,"menu_order":0,"comment_status":"closed","ping_status":"closed","template":"","meta":{"_acf_changed":false,"footnotes":""},"class_list":["post-19561","page","type-page","status-publish","hentry"],"acf":[],"_links":{"self":[{"href":"https:\/\/www.magisdesign.com\/de\/wp-json\/wp\/v2\/pages\/19561","targetHints":{"allow":["GET"]}}],"collection":[{"href":"https:\/\/www.magisdesign.com\/de\/wp-json\/wp\/v2\/pages"}],"about":[{"href":"https:\/\/www.magisdesign.com\/de\/wp-json\/wp\/v2\/types\/page"}],"author":[{"embeddable":true,"href":"https:\/\/www.magisdesign.com\/de\/wp-json\/wp\/v2\/users\/1"}],"replies":[{"embeddable":true,"href":"https:\/\/www.magisdesign.com\/de\/wp-json\/wp\/v2\/comments?post=19561"}],"version-history":[{"count":0,"href":"https:\/\/www.magisdesign.com\/de\/wp-json\/wp\/v2\/pages\/19561\/revisions"}],"wp:attachment":[{"href":"https:\/\/www.magisdesign.com\/de\/wp-json\/wp\/v2\/media?parent=19561"}],"curies":[{"name":"wp","href":"https:\/\/api.w.org\/{rel}","templated":true}]}}