{"id":19398,"date":"2015-01-08T16:07:28","date_gmt":"2015-01-08T16:07:28","guid":{"rendered":"http:\/\/magisdesing.com\/\/privacy-policy\/"},"modified":"2019-10-10T07:24:13","modified_gmt":"2019-10-10T07:24:13","slug":"privacy-policy","status":"publish","type":"page","link":"https:\/\/www.magisdesign.com\/de\/privacy-policy\/","title":{"rendered":"privacy policy"},"content":{"rendered":"<p><strong>INFORMATION UND ZUSTIMMUNGSERKL\u00c4RUNG GEM\u00c4SS VO (EU) 2016\/679<\/strong><strong>\u00a0<\/strong><\/p>\n<p><strong><em>Pr\u00e4sentation<\/em><\/strong><strong><em>\u00a0\u00a0\u00a0\u00a0\u00a0\u00a0\u00a0\u00a0\u00a0\u00a0\u00a0\u00a0\u00a0\u00a0\u00a0\u00a0\u00a0\u00a0\u00a0\u00a0\u00a0\u00a0\u00a0\u00a0\u00a0\u00a0\u00a0\u00a0\u00a0\u00a0\u00a0\u00a0\u00a0\u00a0\u00a0\u00a0\u00a0\u00a0\u00a0\u00a0\u00a0\u00a0\u00a0\u00a0\u00a0\u00a0\u00a0\u00a0\u00a0\u00a0\u00a0\u00a0\u00a0\u00a0\u00a0\u00a0\u00a0\u00a0\u00a0\u00a0\u00a0\u00a0\u00a0\u00a0\u00a0\u00a0\u00a0\u00a0\u00a0\u00a0\u00a0\u00a0\u00a0\u00a0\u00a0\u00a0\u00a0\u00a0\u00a0\u00a0\u00a0\u00a0\u00a0\u00a0\u00a0\u00a0\u00a0\u00a0\u00a0\u00a0\u00a0\u00a0\u00a0\u00a0\u00a0\u00a0\u00a0\u00a0\u00a0\u00a0\u00a0\u00a0\u00a0\u00a0\u00a0\u00a0\u00a0\u00a0\u00a0\u00a0\u00a0\u00a0\u00a0\u00a0\u00a0\u00a0\u00a0\u00a0\u00a0\u00a0\u00a0\u00a0\u00a0\u00a0\u00a0\u00a0\u00a0\u00a0\u00a0\u00a0\u00a0\u00a0\u00a0\u00a0\u00a0\u00a0\u00a0\u00a0\u00a0\u00a0\u00a0\u00a0\u00a0\u00a0\u00a0\u00a0\u00a0\u00a0\u00a0\u00a0\u00a0\u00a0\u00a0\u00a0\u00a0 <\/em><\/strong><\/p>\n<p>Sehr geehrte NutzerInnen,<\/p>\n<p>Wir m\u00f6chten Sie informieren, dass mit EU-Verordnung 2016\/679 (\u201eEurop\u00e4ische Verordnung zum Schutz personenbezogener Daten\u201c) der Schutz der Personen bei der Verarbeitung personenbezogener Daten geregelt wird. Nach der genannten Verordnung muss die Verarbeitung nach den Grunds\u00e4tzen von Korrektheit, Zul\u00e4ssigkeit und Transparenz, sowie Schutz der Vertraulichkeit und Ihrer Rechte erfolgen. Daher, gem\u00e4\u00df Art. 13 der Vo 2016\/679, informieren wir Sie:<\/p>\n<p><strong><em>Zweck der Verarbeitung:<\/em><\/strong><\/p>\n<p>Magis, gegr\u00fcndet 1976, ist heute ein f\u00fchrendes Unternehmen im Einrichtungsdesign und will einem m\u00f6glichst breiten Publikum Produkte 100% Made in Italy zug\u00e4nglich machen, die h\u00f6chste Zweckm\u00e4\u00dfigkeit und modernste Technik verbinden und gemeinsam mit ma\u00dfgeblichen internationalen Designern entwickelt wurden.<\/p>\n<p>Die von Ihnen gelieferten Daten werden zu folgenden Zwecken verarbeitet:<\/p>\n<ul>\n<li>Produkte mit hoher Designqualit\u00e4t zu liefern.<\/li>\n<li>\u00dcbermittlung von Newslettern und von Marketing- und kaufm\u00e4nnischen Informationen \u00fcber: Events, Messen, usw.<\/li>\n<\/ul>\n<p><strong><em>Rechtliche Basis der Datenverarbeitung:<\/em><\/strong><\/p>\n<p>Die rechtliche Basis der Verarbeitung Ihrer personenbezogenen Daten st\u00fctzt sich auf vertragliche Erf\u00fcllungen und Pflichten.<\/p>\n<p><strong><em>Berechtigte Interessen, die vom Inhaber der Datenverarbeitung verfolgt werden:<\/em><\/strong><\/p>\n<p>Die berechtigten Interessen, die vom Inhaber der Daten bei ihrer Verarbeitung verfolgt werden, sind die Beachtung und Einhaltung der von den Parteien unterschriebenen, vertraglichen Verpflichtungen. Gem\u00e4\u00df Art. 6 basiert die Zul\u00e4ssigkeit der Datenverarbeitung auf der ausdr\u00fccklich bekundeten Zustimmung des Betroffenen, die in schriftlicher Form dokumentiert ist.<\/p>\n<p><strong><em>Dauer der Aufbewahrung<\/em><\/strong><\/p>\n<p>Die von Ihnen gelieferten Daten werden f\u00fcr die n\u00f6tige Dauer aufbewahrt, die, ausgenommen anderer gesetzlicher Bestimmungen, max. 3 Jahre nach Erledigung des Auftrags endet.<\/p>\n<p><strong><em>Bestehen eines automatisierten Entscheidungsprozesses<\/em><\/strong><\/p>\n<p>Es sind automatisierte Entscheidungsprozesse vorgesehen. Das Ergebnis der \u00dcbermittlung von Newslettern und kommerziellen Informationen kann f\u00fcr eine digitale Profilerstellung genutzt werden. In jedem Fall ist f\u00fcr derartige Aktivit\u00e4ten eine weitere Zustimmung erforderlich.<\/p>\n<p><strong><em>Datentransfer in andere L\u00e4nder<\/em><\/strong><\/p>\n<p>Zur Gesch\u00e4ftst\u00e4tigkeit von Magis geh\u00f6ren Organisation und Teilnahme an Events und Messen. In diesen F\u00e4llen werden die Daten konform mit den Bestimmungen behandelt und nicht an Dritte weitergegeben.<\/p>\n<p><strong><em>Verarbeitung von Daten Minderj\u00e4hriger<\/em><\/strong><\/p>\n<p>In der Regel werden keine Daten von Jugendlichen unter 18 Jahren gesammelt und verarbeitet.<\/p>\n<p><strong><em>Art der Behandlung:<\/em><\/strong><\/p>\n<p>Die Verarbeitung der Daten erfolgt in Einhaltung der notwendigen Sicherheit und Geheimhaltung nach folgenden Modalit\u00e4ten: Sammlung der Daten beim Betroffenen, gesammelt und aufgezeichnet f\u00fcr bestimmte, eindeutige und rechtm\u00e4\u00dfige Zwecke und f\u00fcr weitere Verarbeitungen verwendet, die mit diesen Zwecken kompatibel sind. Die Verarbeitung der Daten erfolgt vorwiegend mit elektronischen und informatischen Instrumenten, sie werden sowohl auf informatischen Datentr\u00e4gern als auch auf Papier und jedem anderen geeigneten Datentr\u00e4ger gespeichert, alles in Einhaltung der Bestimmungen der VO 2016\/679 hinsichtlich geeigneter Sicherheitsma\u00dfnahmen.<\/p>\n<p><strong><em>Obligatorische oder fakultative Lieferung der Daten und Folgen einer etwaigen Verweigerung:<\/em><\/strong><\/p>\n<p>Die Lieferung der Daten ist fakultative, da nur die Daten verlangt werden, die f\u00fcr die Erstellung von Kostenvoranschl\u00e4gen, Angeboten oder Handelsvertr\u00e4gen unbedingt notwendig sind; eine Verweigerung, auch teilweise, der Lieferung dieser Daten k\u00f6nnte die Ausf\u00fchrung einer Vereinbarung bzw. von Vertr\u00e4gen ganz oder teilweise unm\u00f6glich machen. F\u00fcr Marketing-Aktivit\u00e4ten und die \u00dcbermittlung von Newslettern ist eine weitere Zustimmung erforderlich.<\/p>\n<p><strong><em>Kommunikation der Daten an Dritte:<\/em><\/strong><\/p>\n<p>Die Daten k\u00f6nnen unseren Mitarbeitern in ihrer Funktion als Verantwortliche oder Beauftragte bekannt werden. Wir informieren Sie gleichfalls, dass auf Sie bezogene Daten daher zur entsprechenden Verarbeitung (stets unter den genannten Vorkehrungen f\u00fcr Sicherheit und Vertraulichkeit) weitergegeben werden k\u00f6nnen an:<\/p>\n<ul>\n<li>zust\u00e4ndige \u00f6ffentliche Einrichtungen (Sozialversicherungsanstalten, Finanzministerium, etc.), akkreditierte Einrichtungen;<\/li>\n<li>Beratungsb\u00fcros (Steuerberater, Arbeits-, Rechts-, Versicherungsberater)<\/li>\n<li>Unsere Partner und Wiederverk\u00e4ufer<\/li>\n<\/ul>\n<p><strong><em>Inhaber und Verantwortlicher der Datenverarbeitung:<\/em><\/strong><\/p>\n<p>Der Inhaber sowie Verantwortliche der Datenverarbeitung ist: Alberto Perazza bei Magis Spa Via Triestina Accesso E 30020 Torre di Mosto (Ve) Tel.\/Fax 0421-319600\/0421-319700 P. MwSt-Nr.: 00475570263. E-mail: <a href=\"mailto:privacy@magisdesign.com\">privacy@magisdesign.com<\/a><\/p>\n<p>(Bestellter DPO)<\/p>\n<p><strong><em>Aus\u00fcbung der Rechte durch den Betroffenen<\/em><\/strong><\/p>\n<p>Gem\u00e4\u00df der Artikel 13, Abs. 2, Buchstaben (b) und (d), 15, 18, 19 und 21 der Verordnung, wird der Betroffene informiert:<\/p>\n<p>a) er hat das Recht, vom Inhaber der Datenverarbeitung den Zugang zu seinen pers\u00f6nlichen Daten, die Berichtigung oder L\u00f6schung derselben oder die Beschr\u00e4nkung der Verarbeitung zu verlangen, oder sich, in den vorgesehenen F\u00e4llen, ihrer Verarbeitung zu widersetzen;<\/p>\n<p>b) Er hat das Recht, Beschwerde beim Garanten f\u00fcr den Schutz personenbezogener Daten einzureichen; dazu den Verfahren und Angaben folgen, die auf der offiziellen Website der Beh\u00f6rde auf www.garanteprivacy.it ver\u00f6ffentlicht werden;<\/p>\n<p>c) eventuelle Berichtigungen, L\u00f6schungen oder Beschr\u00e4nkungen der Datenverarbeitung, die auf Verlangen des Betroffenen vorgenommen werden &#8211; ausgenommen wenn dies unm\u00f6glich ist oder einen unverh\u00e4ltnism\u00e4\u00dfig hohen Aufwand erfordern w\u00fcrde &#8211; werden vom Inhaber der Datenverarbeitung an jeden der Empf\u00e4nger mitgeteilt, an den die pers\u00f6nlichen Daten weitergegeben wurden. Der Inhaber der Datenverarbeitung kann dem Betroffenen diese Empf\u00e4nger bekanntgeben, sollte dieser das verlangen.<\/p>\n<p>Die Aus\u00fcbung dieser Rechte ist keinen Formbeschr\u00e4nkungen unterworfen und ist kostenlos. Zweckm\u00e4\u00dfigerweise sind die Art. 15 bis 23 der Verordnung unter diesem Link zur Einsicht verf\u00fcgbar: \u00a0<a href=\"https:\/\/eur-lex.europa.eu\/legal-content\/DE\/TXT\/HTML\/?uri=CELEX:32016R0679&amp;qid=1528190498440&amp;from=EN\">https:\/\/eur-lex.europa.eu\/legal-content\/DE\/TXT\/HTML\/?uri=CELEX:32016R0679&amp;qid=1528190498440&amp;from=DE<\/a><\/p>\n<p style=\"text-align: right;\">Magis spa<\/p>\n<p style=\"text-align: right;\">Der Pr\u00e4sident des VR<\/p>\n<p style=\"text-align: right;\">Alberto Perazza<\/p>\n","protected":false},"excerpt":{"rendered":"<p>INFORMATION UND ZUSTIMMUNGSERKL\u00c4RUNG GEM\u00c4SS VO (EU) 2016\/679\u00a0 Pr\u00e4sentation\u00a0\u00a0\u00a0\u00a0\u00a0\u00a0\u00a0\u00a0\u00a0\u00a0\u00a0\u00a0\u00a0\u00a0\u00a0\u00a0\u00a0\u00a0\u00a0\u00a0\u00a0\u00a0\u00a0\u00a0\u00a0\u00a0\u00a0\u00a0\u00a0\u00a0\u00a0\u00a0\u00a0\u00a0\u00a0\u00a0\u00a0\u00a0\u00a0\u00a0\u00a0\u00a0\u00a0\u00a0\u00a0\u00a0\u00a0\u00a0\u00a0\u00a0\u00a0\u00a0\u00a0\u00a0\u00a0\u00a0\u00a0\u00a0\u00a0\u00a0\u00a0\u00a0\u00a0\u00a0\u00a0\u00a0\u00a0\u00a0\u00a0\u00a0\u00a0\u00a0\u00a0\u00a0\u00a0\u00a0\u00a0\u00a0\u00a0\u00a0\u00a0\u00a0\u00a0\u00a0\u00a0\u00a0\u00a0\u00a0\u00a0\u00a0\u00a0\u00a0\u00a0\u00a0\u00a0\u00a0\u00a0\u00a0\u00a0\u00a0\u00a0\u00a0\u00a0\u00a0\u00a0\u00a0\u00a0\u00a0\u00a0\u00a0\u00a0\u00a0\u00a0\u00a0\u00a0\u00a0\u00a0\u00a0\u00a0\u00a0\u00a0\u00a0\u00a0\u00a0\u00a0\u00a0\u00a0\u00a0\u00a0\u00a0\u00a0\u00a0\u00a0\u00a0\u00a0\u00a0\u00a0\u00a0\u00a0\u00a0\u00a0\u00a0\u00a0\u00a0\u00a0\u00a0\u00a0\u00a0\u00a0\u00a0\u00a0\u00a0\u00a0\u00a0\u00a0 Sehr geehrte NutzerInnen, Wir m\u00f6chten Sie informieren, dass mit EU-Verordnung 2016\/679 (\u201eEurop\u00e4ische Verordnung zum Schutz personenbezogener Daten\u201c) der Schutz der Personen bei der Verarbeitung personenbezogener Daten geregelt wird. Nach der genannten Verordnung muss die Verarbeitung nach den Grunds\u00e4tzen von Korrektheit, Zul\u00e4ssigkeit und Transparenz, sowie Schutz der Vertraulichkeit&#8230;<\/p>\n","protected":false},"author":1,"featured_media":0,"parent":0,"menu_order":0,"comment_status":"open","ping_status":"open","template":"","meta":{"_acf_changed":false,"footnotes":""},"class_list":["post-19398","page","type-page","status-publish","hentry"],"acf":[],"_links":{"self":[{"href":"https:\/\/www.magisdesign.com\/de\/wp-json\/wp\/v2\/pages\/19398","targetHints":{"allow":["GET"]}}],"collection":[{"href":"https:\/\/www.magisdesign.com\/de\/wp-json\/wp\/v2\/pages"}],"about":[{"href":"https:\/\/www.magisdesign.com\/de\/wp-json\/wp\/v2\/types\/page"}],"author":[{"embeddable":true,"href":"https:\/\/www.magisdesign.com\/de\/wp-json\/wp\/v2\/users\/1"}],"replies":[{"embeddable":true,"href":"https:\/\/www.magisdesign.com\/de\/wp-json\/wp\/v2\/comments?post=19398"}],"version-history":[{"count":0,"href":"https:\/\/www.magisdesign.com\/de\/wp-json\/wp\/v2\/pages\/19398\/revisions"}],"wp:attachment":[{"href":"https:\/\/www.magisdesign.com\/de\/wp-json\/wp\/v2\/media?parent=19398"}],"curies":[{"name":"wp","href":"https:\/\/api.w.org\/{rel}","templated":true}]}}